{"id":4016,"date":"2024-11-12T15:11:24","date_gmt":"2024-11-12T14:11:24","guid":{"rendered":"http:\/\/spedition-hahne.webdesignbs.de\/aviso-legal\/"},"modified":"2025-06-13T12:57:53","modified_gmt":"2025-06-13T10:57:53","slug":"aviso-legal","status":"publish","type":"page","link":"https:\/\/www.hahne-spedition.de\/es\/aviso-legal\/","title":{"rendered":"Aviso legal"},"content":{"rendered":"\n<h2 class=\"wp-block-heading\">Proveedor:<\/h2>\n\n<p>Spedition Hahne GmbH<br\/>Am G\u00fcterbahnhof 10-12<br\/>38690 Goslar \/ Vienenburg<br\/>Alemania<\/p>\n\n<p>Inscripci\u00f3n en el registro: HRB 110440<br\/>Tribunal de registro: Tribunal de registro de Braunschweig<br\/>Representante autorizado: Detlef Hahne<\/p>\n\n<p>N\u00famero de identificaci\u00f3n fiscal: DE 187505840<\/p>\n\n<p>N\u00famero de tel\u00e9fono: 0 53 24 \/ 77 36 &#8211; 0<br\/>Direcci\u00f3n de correo electr\u00f3nico: info@hahne-spedition.de<\/p>\n\n<h2 class=\"wp-block-heading\">Resoluci\u00f3n de litigios en l\u00ednea de la UE (plataforma OS):<\/h2>\n\n<p>La Comisi\u00f3n Europea ha establecido una plataforma europea OS para la resoluci\u00f3n extrajudicial en l\u00ednea de litigios entre consumidores y empresas. Esta se encuentra disponible en: <a target=\"_blank\" rel=\"noreferrer noopener\" href=\"https:\/\/ec.europa.eu\/consumers\/odr\">https:\/\/ec.europa.eu\/consumers\/odr<\/a> <\/p>\n\n<p>El proveedor no est\u00e1 obligado ni dispuesto a participar en dicho procedimiento de resoluci\u00f3n. La direcci\u00f3n de correo electr\u00f3nico del proveedor es info@hahne-spedition.de.<\/p>\n\n<p>En caso de discrepancias entre las versiones alemana y espa\u00f1ola, prevalecer\u00e1 la versi\u00f3n alemana.<\/p>\n","protected":false},"excerpt":{"rendered":"<p>Proveedor: Spedition Hahne GmbHAm G\u00fcterbahnhof 10-1238690 Goslar \/ VienenburgAlemania Inscripci\u00f3n en el registro: HRB 110440Tribunal de registro: Tribunal de registro de BraunschweigRepresentante autorizado: Detlef Hahne N\u00famero de identificaci\u00f3n fiscal: DE 187505840 N\u00famero de tel\u00e9fono: 0 53 24 \/ 77 36 &#8211; 0Direcci\u00f3n de correo electr\u00f3nico: info@hahne-spedition.de Resoluci\u00f3n de litigios en l\u00ednea de la UE (plataforma [&hellip;]<\/p>\n","protected":false},"author":1,"featured_media":0,"parent":0,"menu_order":0,"comment_status":"closed","ping_status":"closed","template":"","meta":{"footnotes":""},"class_list":["post-4016","page","type-page","status-publish","hentry"],"yoast_head":"<!-- This site is optimized with the Yoast SEO plugin v27.4 - https:\/\/yoast.com\/product\/yoast-seo-wordpress\/ -->\n<title>Aviso legal - Spedition Hahne<\/title>\n<meta name=\"robots\" content=\"index, follow, max-snippet:-1, max-image-preview:large, max-video-preview:-1\" \/>\n<link rel=\"canonical\" href=\"https:\/\/www.hahne-spedition.de\/es\/aviso-legal\/\" \/>\n<meta property=\"og:locale\" content=\"es_ES\" \/>\n<meta property=\"og:type\" content=\"article\" \/>\n<meta property=\"og:title\" content=\"Aviso legal - Spedition Hahne\" \/>\n<meta property=\"og:description\" content=\"Proveedor: Spedition Hahne GmbHAm G\u00fcterbahnhof 10-1238690 Goslar \/ VienenburgAlemania Inscripci\u00f3n en el registro: HRB 110440Tribunal de registro: Tribunal de registro de BraunschweigRepresentante autorizado: Detlef Hahne N\u00famero de identificaci\u00f3n fiscal: DE 187505840 N\u00famero de tel\u00e9fono: 0 53 24 \/ 77 36 &#8211; 0Direcci\u00f3n de correo electr\u00f3nico: info@hahne-spedition.de Resoluci\u00f3n de litigios en l\u00ednea de la UE (plataforma [&hellip;]\" \/>\n<meta property=\"og:url\" content=\"https:\/\/www.hahne-spedition.de\/es\/aviso-legal\/\" \/>\n<meta property=\"og:site_name\" content=\"Spedition Hahne\" \/>\n<meta property=\"article:modified_time\" content=\"2025-06-13T10:57:53+00:00\" \/>\n<meta name=\"twitter:card\" content=\"summary_large_image\" \/>\n<meta name=\"twitter:label1\" content=\"Tiempo de lectura\" \/>\n\t<meta name=\"twitter:data1\" content=\"1 minuto\" \/>\n<script type=\"application\/ld+json\" class=\"yoast-schema-graph\">{\"@context\":\"https:\\\/\\\/schema.org\",\"@graph\":[{\"@type\":\"WebPage\",\"@id\":\"https:\\\/\\\/www.hahne-spedition.de\\\/es\\\/aviso-legal\\\/\",\"url\":\"https:\\\/\\\/www.hahne-spedition.de\\\/es\\\/aviso-legal\\\/\",\"name\":\"Aviso legal - Spedition Hahne\",\"isPartOf\":{\"@id\":\"https:\\\/\\\/www.hahne-spedition.de\\\/es\\\/#website\"},\"datePublished\":\"2024-11-12T14:11:24+00:00\",\"dateModified\":\"2025-06-13T10:57:53+00:00\",\"breadcrumb\":{\"@id\":\"https:\\\/\\\/www.hahne-spedition.de\\\/es\\\/aviso-legal\\\/#breadcrumb\"},\"inLanguage\":\"es\",\"potentialAction\":[{\"@type\":\"ReadAction\",\"target\":[\"https:\\\/\\\/www.hahne-spedition.de\\\/es\\\/aviso-legal\\\/\"]}]},{\"@type\":\"BreadcrumbList\",\"@id\":\"https:\\\/\\\/www.hahne-spedition.de\\\/es\\\/aviso-legal\\\/#breadcrumb\",\"itemListElement\":[{\"@type\":\"ListItem\",\"position\":1,\"name\":\"P\u00e1gina principal\",\"item\":\"https:\\\/\\\/www.hahne-spedition.de\\\/es\\\/\"},{\"@type\":\"ListItem\",\"position\":2,\"name\":\"Aviso legal\"}]},{\"@type\":\"WebSite\",\"@id\":\"https:\\\/\\\/www.hahne-spedition.de\\\/es\\\/#website\",\"url\":\"https:\\\/\\\/www.hahne-spedition.de\\\/es\\\/\",\"name\":\"Spedition Hahne\",\"description\":\"Immer in Bewegung\",\"publisher\":{\"@id\":\"https:\\\/\\\/www.hahne-spedition.de\\\/es\\\/#organization\"},\"potentialAction\":[{\"@type\":\"SearchAction\",\"target\":{\"@type\":\"EntryPoint\",\"urlTemplate\":\"https:\\\/\\\/www.hahne-spedition.de\\\/es\\\/?s={search_term_string}\"},\"query-input\":{\"@type\":\"PropertyValueSpecification\",\"valueRequired\":true,\"valueName\":\"search_term_string\"}}],\"inLanguage\":\"es\"},{\"@type\":\"Organization\",\"@id\":\"https:\\\/\\\/www.hahne-spedition.de\\\/es\\\/#organization\",\"name\":\"Spedition Hahne\",\"url\":\"https:\\\/\\\/www.hahne-spedition.de\\\/es\\\/\",\"logo\":{\"@type\":\"ImageObject\",\"inLanguage\":\"es\",\"@id\":\"https:\\\/\\\/www.hahne-spedition.de\\\/es\\\/#\\\/schema\\\/logo\\\/image\\\/\",\"url\":\"https:\\\/\\\/www.hahne-spedition.de\\\/wp-content\\\/uploads\\\/2024\\\/11\\\/spedition-hahne-logo.png\",\"contentUrl\":\"https:\\\/\\\/www.hahne-spedition.de\\\/wp-content\\\/uploads\\\/2024\\\/11\\\/spedition-hahne-logo.png\",\"width\":637,\"height\":246,\"caption\":\"Spedition Hahne\"},\"image\":{\"@id\":\"https:\\\/\\\/www.hahne-spedition.de\\\/es\\\/#\\\/schema\\\/logo\\\/image\\\/\"}}]}<\/script>\n<!-- \/ Yoast SEO plugin. -->","yoast_head_json":{"title":"Aviso legal - Spedition Hahne","robots":{"index":"index","follow":"follow","max-snippet":"max-snippet:-1","max-image-preview":"max-image-preview:large","max-video-preview":"max-video-preview:-1"},"canonical":"https:\/\/www.hahne-spedition.de\/es\/aviso-legal\/","og_locale":"es_ES","og_type":"article","og_title":"Aviso legal - Spedition Hahne","og_description":"Proveedor: Spedition Hahne GmbHAm G\u00fcterbahnhof 10-1238690 Goslar \/ VienenburgAlemania Inscripci\u00f3n en el registro: HRB 110440Tribunal de registro: Tribunal de registro de BraunschweigRepresentante autorizado: Detlef Hahne N\u00famero de identificaci\u00f3n fiscal: DE 187505840 N\u00famero de tel\u00e9fono: 0 53 24 \/ 77 36 &#8211; 0Direcci\u00f3n de correo electr\u00f3nico: info@hahne-spedition.de Resoluci\u00f3n de litigios en l\u00ednea de la UE (plataforma [&hellip;]","og_url":"https:\/\/www.hahne-spedition.de\/es\/aviso-legal\/","og_site_name":"Spedition Hahne","article_modified_time":"2025-06-13T10:57:53+00:00","twitter_card":"summary_large_image","twitter_misc":{"Tiempo de lectura":"1 minuto"},"schema":{"@context":"https:\/\/schema.org","@graph":[{"@type":"WebPage","@id":"https:\/\/www.hahne-spedition.de\/es\/aviso-legal\/","url":"https:\/\/www.hahne-spedition.de\/es\/aviso-legal\/","name":"Aviso legal - Spedition Hahne","isPartOf":{"@id":"https:\/\/www.hahne-spedition.de\/es\/#website"},"datePublished":"2024-11-12T14:11:24+00:00","dateModified":"2025-06-13T10:57:53+00:00","breadcrumb":{"@id":"https:\/\/www.hahne-spedition.de\/es\/aviso-legal\/#breadcrumb"},"inLanguage":"es","potentialAction":[{"@type":"ReadAction","target":["https:\/\/www.hahne-spedition.de\/es\/aviso-legal\/"]}]},{"@type":"BreadcrumbList","@id":"https:\/\/www.hahne-spedition.de\/es\/aviso-legal\/#breadcrumb","itemListElement":[{"@type":"ListItem","position":1,"name":"P\u00e1gina principal","item":"https:\/\/www.hahne-spedition.de\/es\/"},{"@type":"ListItem","position":2,"name":"Aviso legal"}]},{"@type":"WebSite","@id":"https:\/\/www.hahne-spedition.de\/es\/#website","url":"https:\/\/www.hahne-spedition.de\/es\/","name":"Spedition Hahne","description":"Immer in Bewegung","publisher":{"@id":"https:\/\/www.hahne-spedition.de\/es\/#organization"},"potentialAction":[{"@type":"SearchAction","target":{"@type":"EntryPoint","urlTemplate":"https:\/\/www.hahne-spedition.de\/es\/?s={search_term_string}"},"query-input":{"@type":"PropertyValueSpecification","valueRequired":true,"valueName":"search_term_string"}}],"inLanguage":"es"},{"@type":"Organization","@id":"https:\/\/www.hahne-spedition.de\/es\/#organization","name":"Spedition Hahne","url":"https:\/\/www.hahne-spedition.de\/es\/","logo":{"@type":"ImageObject","inLanguage":"es","@id":"https:\/\/www.hahne-spedition.de\/es\/#\/schema\/logo\/image\/","url":"https:\/\/www.hahne-spedition.de\/wp-content\/uploads\/2024\/11\/spedition-hahne-logo.png","contentUrl":"https:\/\/www.hahne-spedition.de\/wp-content\/uploads\/2024\/11\/spedition-hahne-logo.png","width":637,"height":246,"caption":"Spedition Hahne"},"image":{"@id":"https:\/\/www.hahne-spedition.de\/es\/#\/schema\/logo\/image\/"}}]}},"_links":{"self":[{"href":"https:\/\/www.hahne-spedition.de\/es\/wp-json\/wp\/v2\/pages\/4016","targetHints":{"allow":["GET"]}}],"collection":[{"href":"https:\/\/www.hahne-spedition.de\/es\/wp-json\/wp\/v2\/pages"}],"about":[{"href":"https:\/\/www.hahne-spedition.de\/es\/wp-json\/wp\/v2\/types\/page"}],"author":[{"embeddable":true,"href":"https:\/\/www.hahne-spedition.de\/es\/wp-json\/wp\/v2\/users\/1"}],"replies":[{"embeddable":true,"href":"https:\/\/www.hahne-spedition.de\/es\/wp-json\/wp\/v2\/comments?post=4016"}],"version-history":[{"count":2,"href":"https:\/\/www.hahne-spedition.de\/es\/wp-json\/wp\/v2\/pages\/4016\/revisions"}],"predecessor-version":[{"id":4955,"href":"https:\/\/www.hahne-spedition.de\/es\/wp-json\/wp\/v2\/pages\/4016\/revisions\/4955"}],"wp:attachment":[{"href":"https:\/\/www.hahne-spedition.de\/es\/wp-json\/wp\/v2\/media?parent=4016"}],"curies":[{"name":"wp","href":"https:\/\/api.w.org\/{rel}","templated":true}]}}