{"id":4032,"date":"2025-01-06T11:30:43","date_gmt":"2025-01-06T10:30:43","guid":{"rendered":"http:\/\/spedition-hahne.webdesignbs.de\/servicios\/"},"modified":"2025-05-14T11:29:08","modified_gmt":"2025-05-14T09:29:08","slug":"servicios","status":"publish","type":"page","link":"https:\/\/www.hahne-spedition.de\/es\/servicios\/","title":{"rendered":"Servicios"},"content":{"rendered":"\t\t<div data-elementor-type=\"wp-page\" data-elementor-id=\"4032\" class=\"elementor elementor-4032 elementor-340\" data-elementor-post-type=\"page\">\n\t\t\t\t<div class=\"elementor-element elementor-element-091a5c3 e-flex e-con-boxed e-con e-parent\" data-id=\"091a5c3\" data-element_type=\"container\" data-e-type=\"container\">\n\t\t\t\t\t<div class=\"e-con-inner\">\n\t\t\t\t<div class=\"elementor-element elementor-element-39cb5b2 elementor-widget elementor-widget-heading\" data-id=\"39cb5b2\" data-element_type=\"widget\" data-e-type=\"widget\" data-widget_type=\"heading.default\">\n\t\t\t\t<div class=\"elementor-widget-container\">\n\t\t\t\t\t<h1 class=\"elementor-heading-title elementor-size-default\">Servicios<\/h1>\t\t\t\t<\/div>\n\t\t\t\t<\/div>\n\t\t\t\t<div class=\"elementor-element elementor-element-2b1e3ae elementor-widget-divider--view-line elementor-widget elementor-widget-divider\" data-id=\"2b1e3ae\" data-element_type=\"widget\" data-e-type=\"widget\" data-widget_type=\"divider.default\">\n\t\t\t\t<div class=\"elementor-widget-container\">\n\t\t\t\t\t\t\t<div class=\"elementor-divider\">\n\t\t\t<span class=\"elementor-divider-separator\">\n\t\t\t\t\t\t<\/span>\n\t\t<\/div>\n\t\t\t\t\t\t<\/div>\n\t\t\t\t<\/div>\n\t\t\t\t<div class=\"elementor-element elementor-element-8f667b4 elementor-widget elementor-widget-text-editor\" data-id=\"8f667b4\" data-element_type=\"widget\" data-e-type=\"widget\" data-widget_type=\"text-editor.default\">\n\t\t\t\t<div class=\"elementor-widget-container\">\n\t\t\t\t\t\t\t\t\t<p>El grupo empresarial Hahne ofrece una amplia gama de servicios en el \u00e1mbito del transporte y la log\u00edstica. Con d\u00e9cadas de experiencia y tecnolog\u00eda de vanguardia, la empresa proporciona <strong>soluciones de expedici\u00f3n<\/strong> personalizadas. Nuestra vers\u00e1til flota de veh\u00edculos y m\u00faltiples sucursales nos permiten gestionar <strong>transportes a nivel europeo<\/strong> de manera eficiente y fiable. Como <span style=\"text-decoration: underline;\"><a href=\"https:\/\/www.hahne-spedition.de\/leistungen\/entsorgungsfachbetrieb\/\"><strong>empresa certificada en gesti\u00f3n de residuos<\/strong><\/a><\/span>, tambi\u00e9n ofrecemos soluciones profesionales e integrales de eliminaci\u00f3n de residuos respetuosas con el medio ambiente.   <\/p><p>Nuestro <span style=\"text-decoration: underline;\"><a href=\"https:\/\/www.hahne-spedition.de\/leistungen\/containerdienst\/\"><strong>servicio de contenedores<\/strong><\/a><\/span> atiende tanto a grandes clientes como a clientes particulares y garantiza procesos r\u00e1pidos y fiables mediante sistemas de gesti\u00f3n avanzados.<\/p><p>De acuerdo con las necesidades del cliente, ofrecemos diversos <a href=\"https:\/\/www.hahne-spedition.de\/leistungen\/lager-verwaltung\/\"><span style=\"text-decoration: underline;\"><strong>conceptos log\u00edsticos integrales que incluyen almacenes<\/strong><\/span><\/a> y naves log\u00edsticas, as\u00ed como \u00e1reas de almacenamiento al aire libre.<\/p>\t\t\t\t\t\t\t\t<\/div>\n\t\t\t\t<\/div>\n\t\t\t\t\t<\/div>\n\t\t\t\t<\/div>\n\t\t<div class=\"elementor-element elementor-element-a02a362 e-flex e-con-boxed e-con e-parent\" data-id=\"a02a362\" data-element_type=\"container\" data-e-type=\"container\">\n\t\t\t\t\t<div class=\"e-con-inner\">\n\t\t<div class=\"elementor-element elementor-element-3d37388 e-con-full animated-fast e-flex elementor-invisible e-con e-child\" data-id=\"3d37388\" data-element_type=\"container\" data-e-type=\"container\" data-settings=\"{&quot;animation&quot;:&quot;fadeIn&quot;}\">\n\t\t\t\t<div class=\"elementor-element elementor-element-3ef3eeb elementor-widget elementor-widget-text-editor\" data-id=\"3ef3eeb\" data-element_type=\"widget\" data-e-type=\"widget\" data-widget_type=\"text-editor.default\">\n\t\t\t\t<div class=\"elementor-widget-container\">\n\t\t\t\t\t\t\t\t\t<p><strong>Por lo tanto, nuestra cartera incluye:<\/strong><\/p><ul><li>Transportes a nivel europeo<ul><li>Cajas m\u00f3viles jumbo<\/li><li>Transportes con lona \/ Mega<\/li><li>Transportes con volquete<\/li><li>Transportes con silo<\/li><li>Transportes ADR<\/li><li>Veh\u00edculos especiales<\/li><li>Transportes de f\u00e1brica<\/li><\/ul><\/li><li>Autorizaciones de transporte de residuos a nivel europeo<\/li><li>Empresa certificada en gesti\u00f3n de residuos<\/li><\/ul>\t\t\t\t\t\t\t\t<\/div>\n\t\t\t\t<\/div>\n\t\t<div class=\"elementor-element elementor-element-f527cee e-con-full e-flex e-con e-child\" data-id=\"f527cee\" data-element_type=\"container\" data-e-type=\"container\">\n\t\t\t\t<div class=\"elementor-element elementor-element-3977753 elementor-widget-divider--view-line elementor-widget elementor-widget-divider\" data-id=\"3977753\" data-element_type=\"widget\" data-e-type=\"widget\" data-widget_type=\"divider.default\">\n\t\t\t\t<div class=\"elementor-widget-container\">\n\t\t\t\t\t\t\t<div class=\"elementor-divider\">\n\t\t\t<span class=\"elementor-divider-separator\">\n\t\t\t\t\t\t<\/span>\n\t\t<\/div>\n\t\t\t\t\t\t<\/div>\n\t\t\t\t<\/div>\n\t\t\t\t<div class=\"elementor-element elementor-element-9d9e53a elementor-widget elementor-widget-text-editor\" data-id=\"9d9e53a\" data-element_type=\"widget\" data-e-type=\"widget\" data-widget_type=\"text-editor.default\">\n\t\t\t\t<div class=\"elementor-widget-container\">\n\t\t\t\t\t\t\t\t\t<ul><li>Transporte de contenedores con recipientes de 4m\u00b3 a 38 m\u00b3<\/li><\/ul>\t\t\t\t\t\t\t\t<\/div>\n\t\t\t\t<\/div>\n\t\t\t\t<div class=\"elementor-element elementor-element-4b8d580 elementor-widget-divider--view-line elementor-widget elementor-widget-divider\" data-id=\"4b8d580\" data-element_type=\"widget\" data-e-type=\"widget\" data-widget_type=\"divider.default\">\n\t\t\t\t<div class=\"elementor-widget-container\">\n\t\t\t\t\t\t\t<div class=\"elementor-divider\">\n\t\t\t<span class=\"elementor-divider-separator\">\n\t\t\t\t\t\t<\/span>\n\t\t<\/div>\n\t\t\t\t\t\t<\/div>\n\t\t\t\t<\/div>\n\t\t\t\t<div class=\"elementor-element elementor-element-490df28 elementor-widget elementor-widget-text-editor\" data-id=\"490df28\" data-element_type=\"widget\" data-e-type=\"widget\" data-widget_type=\"text-editor.default\">\n\t\t\t\t<div class=\"elementor-widget-container\">\n\t\t\t\t\t\t\t\t\t<ul><li>Almacenamiento y log\u00edstica<\/li><li>Naves de almacenamiento de productos a granel<\/li><li>Comercio mayorista de materias primas<\/li><\/ul>\t\t\t\t\t\t\t\t<\/div>\n\t\t\t\t<\/div>\n\t\t\t\t<\/div>\n\t\t\t\t<\/div>\n\t\t<div class=\"elementor-element elementor-element-91b1e61 e-con-full e-flex e-con e-child\" data-id=\"91b1e61\" data-element_type=\"container\" data-e-type=\"container\">\n\t\t\t\t<div class=\"elementor-element elementor-element-0be3ddf elementor-widget elementor-widget-video\" data-id=\"0be3ddf\" data-element_type=\"widget\" data-e-type=\"widget\" data-settings=\"{&quot;video_type&quot;:&quot;hosted&quot;,&quot;autoplay&quot;:&quot;yes&quot;,&quot;mute&quot;:&quot;yes&quot;,&quot;loop&quot;:&quot;yes&quot;}\" data-widget_type=\"video.default\">\n\t\t\t\t<div class=\"elementor-widget-container\">\n\t\t\t\t\t\t\t<div class=\"e-hosted-video elementor-wrapper elementor-open-inline\">\n\t\t\t\t\t<video class=\"elementor-video\" src=\"https:\/\/www.hahne-spedition.de\/wp-content\/uploads\/2025\/05\/leistungsuebersicht-video.mp4\" autoplay=\"\" loop=\"\" muted=\"muted\" controlsList=\"nodownload\" poster=\"https:\/\/www.hahne-spedition.de\/wp-content\/uploads\/2025\/05\/leistungsuebersicht-video-thumbnail000.jpg\"><\/video>\n\t\t\t\t<\/div>\n\t\t\t\t\t\t<\/div>\n\t\t\t\t<\/div>\n\t\t\t\t<\/div>\n\t\t\t\t\t<\/div>\n\t\t\t\t<\/div>\n\t\t\t\t<\/div>\n\t\t","protected":false},"excerpt":{"rendered":"<p>Servicios El grupo empresarial Hahne ofrece una amplia gama de servicios en el \u00e1mbito del transporte y la log\u00edstica. Con d\u00e9cadas de experiencia y tecnolog\u00eda de vanguardia, la empresa proporciona soluciones de expedici\u00f3n personalizadas. Nuestra vers\u00e1til flota de veh\u00edculos y m\u00faltiples sucursales nos permiten gestionar transportes a nivel europeo de manera eficiente y fiable. Como [&hellip;]<\/p>\n","protected":false},"author":1,"featured_media":0,"parent":0,"menu_order":0,"comment_status":"closed","ping_status":"closed","template":"elementor_header_footer","meta":{"footnotes":""},"class_list":["post-4032","page","type-page","status-publish","hentry"],"yoast_head":"<!-- This site is optimized with the Yoast SEO plugin v27.4 - https:\/\/yoast.com\/product\/yoast-seo-wordpress\/ -->\n<title>Servicios - Spedition Hahne<\/title>\n<meta name=\"robots\" content=\"index, follow, max-snippet:-1, max-image-preview:large, max-video-preview:-1\" \/>\n<link rel=\"canonical\" href=\"https:\/\/www.hahne-spedition.de\/es\/servicios\/\" \/>\n<meta property=\"og:locale\" content=\"es_ES\" \/>\n<meta property=\"og:type\" content=\"article\" \/>\n<meta property=\"og:title\" content=\"Servicios - Spedition Hahne\" \/>\n<meta property=\"og:description\" content=\"Servicios El grupo empresarial Hahne ofrece una amplia gama de servicios en el \u00e1mbito del transporte y la log\u00edstica. Con d\u00e9cadas de experiencia y tecnolog\u00eda de vanguardia, la empresa proporciona soluciones de expedici\u00f3n personalizadas. Nuestra vers\u00e1til flota de veh\u00edculos y m\u00faltiples sucursales nos permiten gestionar transportes a nivel europeo de manera eficiente y fiable. Como [&hellip;]\" \/>\n<meta property=\"og:url\" content=\"https:\/\/www.hahne-spedition.de\/es\/servicios\/\" \/>\n<meta property=\"og:site_name\" content=\"Spedition Hahne\" \/>\n<meta property=\"article:modified_time\" content=\"2025-05-14T09:29:08+00:00\" \/>\n<meta name=\"twitter:card\" content=\"summary_large_image\" \/>\n<meta name=\"twitter:label1\" content=\"Tiempo de lectura\" \/>\n\t<meta name=\"twitter:data1\" content=\"1 minuto\" \/>\n<script type=\"application\/ld+json\" class=\"yoast-schema-graph\">{\"@context\":\"https:\\\/\\\/schema.org\",\"@graph\":[{\"@type\":\"WebPage\",\"@id\":\"https:\\\/\\\/www.hahne-spedition.de\\\/es\\\/servicios\\\/\",\"url\":\"https:\\\/\\\/www.hahne-spedition.de\\\/es\\\/servicios\\\/\",\"name\":\"Servicios - Spedition Hahne\",\"isPartOf\":{\"@id\":\"https:\\\/\\\/www.hahne-spedition.de\\\/es\\\/#website\"},\"datePublished\":\"2025-01-06T10:30:43+00:00\",\"dateModified\":\"2025-05-14T09:29:08+00:00\",\"breadcrumb\":{\"@id\":\"https:\\\/\\\/www.hahne-spedition.de\\\/es\\\/servicios\\\/#breadcrumb\"},\"inLanguage\":\"es\",\"potentialAction\":[{\"@type\":\"ReadAction\",\"target\":[\"https:\\\/\\\/www.hahne-spedition.de\\\/es\\\/servicios\\\/\"]}]},{\"@type\":\"BreadcrumbList\",\"@id\":\"https:\\\/\\\/www.hahne-spedition.de\\\/es\\\/servicios\\\/#breadcrumb\",\"itemListElement\":[{\"@type\":\"ListItem\",\"position\":1,\"name\":\"P\u00e1gina principal\",\"item\":\"https:\\\/\\\/www.hahne-spedition.de\\\/es\\\/\"},{\"@type\":\"ListItem\",\"position\":2,\"name\":\"Servicios\"}]},{\"@type\":\"WebSite\",\"@id\":\"https:\\\/\\\/www.hahne-spedition.de\\\/es\\\/#website\",\"url\":\"https:\\\/\\\/www.hahne-spedition.de\\\/es\\\/\",\"name\":\"Spedition Hahne\",\"description\":\"Immer in Bewegung\",\"publisher\":{\"@id\":\"https:\\\/\\\/www.hahne-spedition.de\\\/es\\\/#organization\"},\"potentialAction\":[{\"@type\":\"SearchAction\",\"target\":{\"@type\":\"EntryPoint\",\"urlTemplate\":\"https:\\\/\\\/www.hahne-spedition.de\\\/es\\\/?s={search_term_string}\"},\"query-input\":{\"@type\":\"PropertyValueSpecification\",\"valueRequired\":true,\"valueName\":\"search_term_string\"}}],\"inLanguage\":\"es\"},{\"@type\":\"Organization\",\"@id\":\"https:\\\/\\\/www.hahne-spedition.de\\\/es\\\/#organization\",\"name\":\"Spedition Hahne\",\"url\":\"https:\\\/\\\/www.hahne-spedition.de\\\/es\\\/\",\"logo\":{\"@type\":\"ImageObject\",\"inLanguage\":\"es\",\"@id\":\"https:\\\/\\\/www.hahne-spedition.de\\\/es\\\/#\\\/schema\\\/logo\\\/image\\\/\",\"url\":\"https:\\\/\\\/www.hahne-spedition.de\\\/wp-content\\\/uploads\\\/2024\\\/11\\\/spedition-hahne-logo.png\",\"contentUrl\":\"https:\\\/\\\/www.hahne-spedition.de\\\/wp-content\\\/uploads\\\/2024\\\/11\\\/spedition-hahne-logo.png\",\"width\":637,\"height\":246,\"caption\":\"Spedition Hahne\"},\"image\":{\"@id\":\"https:\\\/\\\/www.hahne-spedition.de\\\/es\\\/#\\\/schema\\\/logo\\\/image\\\/\"}}]}<\/script>\n<!-- \/ Yoast SEO plugin. -->","yoast_head_json":{"title":"Servicios - Spedition Hahne","robots":{"index":"index","follow":"follow","max-snippet":"max-snippet:-1","max-image-preview":"max-image-preview:large","max-video-preview":"max-video-preview:-1"},"canonical":"https:\/\/www.hahne-spedition.de\/es\/servicios\/","og_locale":"es_ES","og_type":"article","og_title":"Servicios - Spedition Hahne","og_description":"Servicios El grupo empresarial Hahne ofrece una amplia gama de servicios en el \u00e1mbito del transporte y la log\u00edstica. Con d\u00e9cadas de experiencia y tecnolog\u00eda de vanguardia, la empresa proporciona soluciones de expedici\u00f3n personalizadas. Nuestra vers\u00e1til flota de veh\u00edculos y m\u00faltiples sucursales nos permiten gestionar transportes a nivel europeo de manera eficiente y fiable. Como [&hellip;]","og_url":"https:\/\/www.hahne-spedition.de\/es\/servicios\/","og_site_name":"Spedition Hahne","article_modified_time":"2025-05-14T09:29:08+00:00","twitter_card":"summary_large_image","twitter_misc":{"Tiempo de lectura":"1 minuto"},"schema":{"@context":"https:\/\/schema.org","@graph":[{"@type":"WebPage","@id":"https:\/\/www.hahne-spedition.de\/es\/servicios\/","url":"https:\/\/www.hahne-spedition.de\/es\/servicios\/","name":"Servicios - Spedition Hahne","isPartOf":{"@id":"https:\/\/www.hahne-spedition.de\/es\/#website"},"datePublished":"2025-01-06T10:30:43+00:00","dateModified":"2025-05-14T09:29:08+00:00","breadcrumb":{"@id":"https:\/\/www.hahne-spedition.de\/es\/servicios\/#breadcrumb"},"inLanguage":"es","potentialAction":[{"@type":"ReadAction","target":["https:\/\/www.hahne-spedition.de\/es\/servicios\/"]}]},{"@type":"BreadcrumbList","@id":"https:\/\/www.hahne-spedition.de\/es\/servicios\/#breadcrumb","itemListElement":[{"@type":"ListItem","position":1,"name":"P\u00e1gina principal","item":"https:\/\/www.hahne-spedition.de\/es\/"},{"@type":"ListItem","position":2,"name":"Servicios"}]},{"@type":"WebSite","@id":"https:\/\/www.hahne-spedition.de\/es\/#website","url":"https:\/\/www.hahne-spedition.de\/es\/","name":"Spedition Hahne","description":"Immer in Bewegung","publisher":{"@id":"https:\/\/www.hahne-spedition.de\/es\/#organization"},"potentialAction":[{"@type":"SearchAction","target":{"@type":"EntryPoint","urlTemplate":"https:\/\/www.hahne-spedition.de\/es\/?s={search_term_string}"},"query-input":{"@type":"PropertyValueSpecification","valueRequired":true,"valueName":"search_term_string"}}],"inLanguage":"es"},{"@type":"Organization","@id":"https:\/\/www.hahne-spedition.de\/es\/#organization","name":"Spedition Hahne","url":"https:\/\/www.hahne-spedition.de\/es\/","logo":{"@type":"ImageObject","inLanguage":"es","@id":"https:\/\/www.hahne-spedition.de\/es\/#\/schema\/logo\/image\/","url":"https:\/\/www.hahne-spedition.de\/wp-content\/uploads\/2024\/11\/spedition-hahne-logo.png","contentUrl":"https:\/\/www.hahne-spedition.de\/wp-content\/uploads\/2024\/11\/spedition-hahne-logo.png","width":637,"height":246,"caption":"Spedition Hahne"},"image":{"@id":"https:\/\/www.hahne-spedition.de\/es\/#\/schema\/logo\/image\/"}}]}},"_links":{"self":[{"href":"https:\/\/www.hahne-spedition.de\/es\/wp-json\/wp\/v2\/pages\/4032","targetHints":{"allow":["GET"]}}],"collection":[{"href":"https:\/\/www.hahne-spedition.de\/es\/wp-json\/wp\/v2\/pages"}],"about":[{"href":"https:\/\/www.hahne-spedition.de\/es\/wp-json\/wp\/v2\/types\/page"}],"author":[{"embeddable":true,"href":"https:\/\/www.hahne-spedition.de\/es\/wp-json\/wp\/v2\/users\/1"}],"replies":[{"embeddable":true,"href":"https:\/\/www.hahne-spedition.de\/es\/wp-json\/wp\/v2\/comments?post=4032"}],"version-history":[{"count":1,"href":"https:\/\/www.hahne-spedition.de\/es\/wp-json\/wp\/v2\/pages\/4032\/revisions"}],"predecessor-version":[{"id":4033,"href":"https:\/\/www.hahne-spedition.de\/es\/wp-json\/wp\/v2\/pages\/4032\/revisions\/4033"}],"wp:attachment":[{"href":"https:\/\/www.hahne-spedition.de\/es\/wp-json\/wp\/v2\/media?parent=4032"}],"curies":[{"name":"wp","href":"https:\/\/api.w.org\/{rel}","templated":true}]}}