{"id":4064,"date":"2025-01-09T09:53:14","date_gmt":"2025-01-09T08:53:14","guid":{"rendered":"http:\/\/spedition-hahne.webdesignbs.de\/acerquese-a\/"},"modified":"2025-05-14T12:04:23","modified_gmt":"2025-05-14T10:04:23","slug":"acerquese-a","status":"publish","type":"page","link":"https:\/\/www.hahne-spedition.de\/es\/acerquese-a\/","title":{"rendered":"Ac\u00e9rquese a"},"content":{"rendered":"\t\t<div data-elementor-type=\"wp-page\" data-elementor-id=\"4064\" class=\"elementor elementor-4064 elementor-713\" data-elementor-post-type=\"page\">\n\t\t\t\t<div class=\"elementor-element elementor-element-797a1c1 e-flex e-con-boxed e-con e-parent\" data-id=\"797a1c1\" data-element_type=\"container\" data-e-type=\"container\" data-settings=\"{&quot;background_background&quot;:&quot;classic&quot;}\">\n\t\t\t\t\t<div class=\"e-con-inner\">\n\t\t\t\t<div class=\"elementor-element elementor-element-8180d4a elementor-align-center elementor-widget elementor-widget-breadcrumbs\" data-id=\"8180d4a\" data-element_type=\"widget\" data-e-type=\"widget\" data-widget_type=\"breadcrumbs.default\">\n\t\t\t\t<div class=\"elementor-widget-container\">\n\t\t\t\t\t<p id=\"breadcrumbs\"><span><span><a href=\"https:\/\/www.hahne-spedition.de\/es\/\">P\u00e1gina principal<\/a><\/span><\/span><\/p>\t\t\t\t<\/div>\n\t\t\t\t<\/div>\n\t\t\t\t\t<\/div>\n\t\t\t\t<\/div>\n\t\t<div class=\"elementor-element elementor-element-e77c772 e-flex e-con-boxed e-con e-parent\" data-id=\"e77c772\" data-element_type=\"container\" data-e-type=\"container\">\n\t\t\t\t\t<div class=\"e-con-inner\">\n\t\t\t\t<div class=\"elementor-element elementor-element-abc55bc elementor-widget elementor-widget-heading\" data-id=\"abc55bc\" data-element_type=\"widget\" data-e-type=\"widget\" data-widget_type=\"heading.default\">\n\t\t\t\t<div class=\"elementor-widget-container\">\n\t\t\t\t\t<h1 class=\"elementor-heading-title elementor-size-default\">Puede encontrarnos aqu\u00ed<\/h1>\t\t\t\t<\/div>\n\t\t\t\t<\/div>\n\t\t\t\t<div class=\"elementor-element elementor-element-d2b7c11 elementor-widget-divider--view-line elementor-widget elementor-widget-divider\" data-id=\"d2b7c11\" data-element_type=\"widget\" data-e-type=\"widget\" data-widget_type=\"divider.default\">\n\t\t\t\t<div class=\"elementor-widget-container\">\n\t\t\t\t\t\t\t<div class=\"elementor-divider\">\n\t\t\t<span class=\"elementor-divider-separator\">\n\t\t\t\t\t\t<\/span>\n\t\t<\/div>\n\t\t\t\t\t\t<\/div>\n\t\t\t\t<\/div>\n\t\t\t\t<div class=\"elementor-element elementor-element-f413439 elementor-widget elementor-widget-text-editor\" data-id=\"f413439\" data-element_type=\"widget\" data-e-type=\"widget\" data-widget_type=\"text-editor.default\">\n\t\t\t\t<div class=\"elementor-widget-container\">\n\t\t\t\t\t\t\t\t\t<p><strong>Aqu\u00ed encontrar\u00e1 las indicaciones para llegar a Spedition Hahne GmbH, Am G\u00fcterbahnhof 10-12, 38690 Goslar, desde las autopistas A36, A7 y A9:<\/strong><\/p><p><strong>Desde la A36:<\/strong><\/p><ol><li>A36 en direcci\u00f3n oeste: Siga la A36 hasta la salida 67-Goslar.<\/li><li>Salida 67-Goslar: Tome la salida 67-Goslar y siga la B82 en direcci\u00f3n a Goslar.<\/li><li>B82: Siga la B82 hasta la salida en direcci\u00f3n Goslar-Zentrum.<\/li><li>Am G\u00fcterbahnhof: Gire a la derecha en la calle \u00abAm G\u00fcterbahnhof\u00bb. Spedition Hahne GmbH se encuentra a mano derecha. <\/li><\/ol><p><strong>Desde la A7:<\/strong><\/p><ol><li>Tome la autopista A7 en direcci\u00f3n norte: Siga la A7 hasta la salida 66-Seesen.<\/li><li>Salida 66-Seesen: Tome la salida 66-Seesen y siga la B243 en direcci\u00f3n a Goslar.<\/li><li>B243: Siga la B243 hasta la salida en direcci\u00f3n Goslar-Zentrum.<\/li><li>Am G\u00fcterbahnhof: Gire a la derecha en la calle \u00abAm G\u00fcterbahnhof\u00bb. Spedition Hahne GmbH se encuentra a mano derecha. <\/li><\/ol><p><strong>Desde la autopista A9:<\/strong><\/p><ol><li>Autopista A9 en direcci\u00f3n norte: Siga la A9 hasta el cruce de la autopista de Potsdam.<\/li><li>Cruce de la autopista de Potsdam: cambiar a la A10 en direcci\u00f3n a Hannover\/Magdeburgo.<\/li><li>A10: Siga la A10 hasta el cruce de la autopista de Magdeburgo.<\/li><li>Cruce de la autopista de Magdeburgo: cambiar a la A14 en direcci\u00f3n a Hannover.<\/li><li>Autopista A14: Siga la A14 hasta la salida 5-Bernburg.<\/li><li>Salida 5-Bernburg: Tome la salida 5-Bernburg y siga la B6 en direcci\u00f3n a Goslar.<\/li><li>B6: Siga la B6 hasta la salida hacia Goslar-Zentrum.<\/li><li>Am G\u00fcterbahnhof: Gire a la derecha en la calle \u00abAm G\u00fcterbahnhof\u00bb. Spedition Hahne GmbH se encuentra a mano derecha. <\/li><\/ol><p><strong>Hay aparcamiento in situ.<\/strong><\/p><p>\u00a1Buen viaje!<\/p>\t\t\t\t\t\t\t\t<\/div>\n\t\t\t\t<\/div>\n\t\t\t\t<div class=\"elementor-element elementor-element-f02bb9a elementor-icon-list--layout-traditional elementor-list-item-link-full_width elementor-widget elementor-widget-icon-list\" data-id=\"f02bb9a\" data-element_type=\"widget\" data-e-type=\"widget\" data-widget_type=\"icon-list.default\">\n\t\t\t\t<div class=\"elementor-widget-container\">\n\t\t\t\t\t\t\t<ul class=\"elementor-icon-list-items\">\n\t\t\t\t\t\t\t<li class=\"elementor-icon-list-item\">\n\t\t\t\t\t\t\t\t\t\t\t<a href=\"https:\/\/maps.app.goo.gl\/TNroon8E2gUhb3Qf9\" target=\"_blank\">\n\n\t\t\t\t\t\t\t\t\t\t\t\t<span class=\"elementor-icon-list-icon\">\n\t\t\t\t\t\t\t<svg aria-hidden=\"true\" class=\"e-font-icon-svg e-fas-route\" viewBox=\"0 0 512 512\" xmlns=\"http:\/\/www.w3.org\/2000\/svg\"><path d=\"M416 320h-96c-17.6 0-32-14.4-32-32s14.4-32 32-32h96s96-107 96-160-43-96-96-96-96 43-96 96c0 25.5 22.2 63.4 45.3 96H320c-52.9 0-96 43.1-96 96s43.1 96 96 96h96c17.6 0 32 14.4 32 32s-14.4 32-32 32H185.5c-16 24.8-33.8 47.7-47.3 64H416c52.9 0 96-43.1 96-96s-43.1-96-96-96zm0-256c17.7 0 32 14.3 32 32s-14.3 32-32 32-32-14.3-32-32 14.3-32 32-32zM96 256c-53 0-96 43-96 96s96 160 96 160 96-107 96-160-43-96-96-96zm0 128c-17.7 0-32-14.3-32-32s14.3-32 32-32 32 14.3 32 32-14.3 32-32 32z\"><\/path><\/svg>\t\t\t\t\t\t<\/span>\n\t\t\t\t\t\t\t\t\t\t<span class=\"elementor-icon-list-text\">Spedition Hahne GmbH, Goslar \/ Vienenburg (Google Maps)<\/span>\n\t\t\t\t\t\t\t\t\t\t\t<\/a>\n\t\t\t\t\t\t\t\t\t<\/li>\n\t\t\t\t\t\t<\/ul>\n\t\t\t\t\t\t<\/div>\n\t\t\t\t<\/div>\n\t\t\t\t\t<\/div>\n\t\t\t\t<\/div>\n\t\t<div class=\"elementor-element elementor-element-908917f e-con-full e-flex e-con e-parent\" data-id=\"908917f\" data-element_type=\"container\" data-e-type=\"container\">\n\t\t\t\t<div class=\"elementor-element elementor-element-60b1cb9 elementor-widget elementor-widget-google_maps\" data-id=\"60b1cb9\" data-element_type=\"widget\" data-e-type=\"widget\" data-widget_type=\"google_maps.default\">\n\t\t\t\t<div class=\"elementor-widget-container\">\n\t\t\t\t\t\t\t<div class=\"elementor-custom-embed\">\n\t\t\t<iframe loading=\"lazy\"\n\t\t\t\t\tsrc=\"https:\/\/maps.google.com\/maps?q=Spedition%20Hahne%20GmbH%2C%20Am%20G%C3%BCterbahnhof%2010%2C%2038690%20Goslar&#038;t=m&#038;z=11&#038;output=embed&#038;iwloc=near\"\n\t\t\t\t\ttitle=\"Spedition Hahne GmbH, Am G\u00fcterbahnhof 10, 38690 Goslar\"\n\t\t\t\t\taria-label=\"Spedition Hahne GmbH, Am G\u00fcterbahnhof 10, 38690 Goslar\"\n\t\t\t><\/iframe>\n\t\t<\/div>\n\t\t\t\t\t\t<\/div>\n\t\t\t\t<\/div>\n\t\t\t\t<\/div>\n\t\t\t\t<\/div>\n\t\t","protected":false},"excerpt":{"rendered":"<p>Puede encontrarnos aqu\u00ed Aqu\u00ed encontrar\u00e1 las indicaciones para llegar a Spedition Hahne GmbH, Am G\u00fcterbahnhof 10-12, 38690 Goslar, desde las autopistas A36, A7 y A9: Desde la A36: A36 en direcci\u00f3n oeste: Siga la A36 hasta la salida 67-Goslar. Salida 67-Goslar: Tome la salida 67-Goslar y siga la B82 en direcci\u00f3n a Goslar. B82: Siga [&hellip;]<\/p>\n","protected":false},"author":1,"featured_media":0,"parent":0,"menu_order":0,"comment_status":"closed","ping_status":"closed","template":"","meta":{"footnotes":""},"class_list":["post-4064","page","type-page","status-publish","hentry"],"yoast_head":"<!-- This site is optimized with the Yoast SEO plugin v27.4 - https:\/\/yoast.com\/product\/yoast-seo-wordpress\/ -->\n<title>Ac\u00e9rquese a - Spedition Hahne<\/title>\n<meta name=\"robots\" content=\"index, follow, max-snippet:-1, max-image-preview:large, max-video-preview:-1\" \/>\n<link rel=\"canonical\" href=\"https:\/\/www.hahne-spedition.de\/es\/acerquese-a\/\" \/>\n<meta property=\"og:locale\" content=\"es_ES\" \/>\n<meta property=\"og:type\" content=\"article\" \/>\n<meta property=\"og:title\" content=\"Ac\u00e9rquese a - Spedition Hahne\" \/>\n<meta property=\"og:description\" content=\"Puede encontrarnos aqu\u00ed Aqu\u00ed encontrar\u00e1 las indicaciones para llegar a Spedition Hahne GmbH, Am G\u00fcterbahnhof 10-12, 38690 Goslar, desde las autopistas A36, A7 y A9: Desde la A36: A36 en direcci\u00f3n oeste: Siga la A36 hasta la salida 67-Goslar. Salida 67-Goslar: Tome la salida 67-Goslar y siga la B82 en direcci\u00f3n a Goslar. B82: Siga [&hellip;]\" \/>\n<meta property=\"og:url\" content=\"https:\/\/www.hahne-spedition.de\/es\/acerquese-a\/\" \/>\n<meta property=\"og:site_name\" content=\"Spedition Hahne\" \/>\n<meta property=\"article:modified_time\" content=\"2025-05-14T10:04:23+00:00\" \/>\n<meta name=\"twitter:card\" content=\"summary_large_image\" \/>\n<meta name=\"twitter:label1\" content=\"Tiempo de lectura\" \/>\n\t<meta name=\"twitter:data1\" content=\"1 minuto\" \/>\n<script type=\"application\/ld+json\" class=\"yoast-schema-graph\">{\"@context\":\"https:\\\/\\\/schema.org\",\"@graph\":[{\"@type\":\"WebPage\",\"@id\":\"https:\\\/\\\/www.hahne-spedition.de\\\/es\\\/acerquese-a\\\/\",\"url\":\"https:\\\/\\\/www.hahne-spedition.de\\\/es\\\/acerquese-a\\\/\",\"name\":\"Ac\u00e9rquese a - Spedition Hahne\",\"isPartOf\":{\"@id\":\"https:\\\/\\\/www.hahne-spedition.de\\\/es\\\/#website\"},\"datePublished\":\"2025-01-09T08:53:14+00:00\",\"dateModified\":\"2025-05-14T10:04:23+00:00\",\"breadcrumb\":{\"@id\":\"https:\\\/\\\/www.hahne-spedition.de\\\/es\\\/acerquese-a\\\/#breadcrumb\"},\"inLanguage\":\"es\",\"potentialAction\":[{\"@type\":\"ReadAction\",\"target\":[\"https:\\\/\\\/www.hahne-spedition.de\\\/es\\\/acerquese-a\\\/\"]}]},{\"@type\":\"BreadcrumbList\",\"@id\":\"https:\\\/\\\/www.hahne-spedition.de\\\/es\\\/acerquese-a\\\/#breadcrumb\",\"itemListElement\":[{\"@type\":\"ListItem\",\"position\":1,\"name\":\"P\u00e1gina principal\",\"item\":\"https:\\\/\\\/www.hahne-spedition.de\\\/es\\\/\"},{\"@type\":\"ListItem\",\"position\":2,\"name\":\"Ac\u00e9rquese a\"}]},{\"@type\":\"WebSite\",\"@id\":\"https:\\\/\\\/www.hahne-spedition.de\\\/es\\\/#website\",\"url\":\"https:\\\/\\\/www.hahne-spedition.de\\\/es\\\/\",\"name\":\"Spedition Hahne\",\"description\":\"Immer in Bewegung\",\"publisher\":{\"@id\":\"https:\\\/\\\/www.hahne-spedition.de\\\/es\\\/#organization\"},\"potentialAction\":[{\"@type\":\"SearchAction\",\"target\":{\"@type\":\"EntryPoint\",\"urlTemplate\":\"https:\\\/\\\/www.hahne-spedition.de\\\/es\\\/?s={search_term_string}\"},\"query-input\":{\"@type\":\"PropertyValueSpecification\",\"valueRequired\":true,\"valueName\":\"search_term_string\"}}],\"inLanguage\":\"es\"},{\"@type\":\"Organization\",\"@id\":\"https:\\\/\\\/www.hahne-spedition.de\\\/es\\\/#organization\",\"name\":\"Spedition Hahne\",\"url\":\"https:\\\/\\\/www.hahne-spedition.de\\\/es\\\/\",\"logo\":{\"@type\":\"ImageObject\",\"inLanguage\":\"es\",\"@id\":\"https:\\\/\\\/www.hahne-spedition.de\\\/es\\\/#\\\/schema\\\/logo\\\/image\\\/\",\"url\":\"https:\\\/\\\/www.hahne-spedition.de\\\/wp-content\\\/uploads\\\/2024\\\/11\\\/spedition-hahne-logo.png\",\"contentUrl\":\"https:\\\/\\\/www.hahne-spedition.de\\\/wp-content\\\/uploads\\\/2024\\\/11\\\/spedition-hahne-logo.png\",\"width\":637,\"height\":246,\"caption\":\"Spedition Hahne\"},\"image\":{\"@id\":\"https:\\\/\\\/www.hahne-spedition.de\\\/es\\\/#\\\/schema\\\/logo\\\/image\\\/\"}}]}<\/script>\n<!-- \/ Yoast SEO plugin. -->","yoast_head_json":{"title":"Ac\u00e9rquese a - Spedition Hahne","robots":{"index":"index","follow":"follow","max-snippet":"max-snippet:-1","max-image-preview":"max-image-preview:large","max-video-preview":"max-video-preview:-1"},"canonical":"https:\/\/www.hahne-spedition.de\/es\/acerquese-a\/","og_locale":"es_ES","og_type":"article","og_title":"Ac\u00e9rquese a - Spedition Hahne","og_description":"Puede encontrarnos aqu\u00ed Aqu\u00ed encontrar\u00e1 las indicaciones para llegar a Spedition Hahne GmbH, Am G\u00fcterbahnhof 10-12, 38690 Goslar, desde las autopistas A36, A7 y A9: Desde la A36: A36 en direcci\u00f3n oeste: Siga la A36 hasta la salida 67-Goslar. Salida 67-Goslar: Tome la salida 67-Goslar y siga la B82 en direcci\u00f3n a Goslar. B82: Siga [&hellip;]","og_url":"https:\/\/www.hahne-spedition.de\/es\/acerquese-a\/","og_site_name":"Spedition Hahne","article_modified_time":"2025-05-14T10:04:23+00:00","twitter_card":"summary_large_image","twitter_misc":{"Tiempo de lectura":"1 minuto"},"schema":{"@context":"https:\/\/schema.org","@graph":[{"@type":"WebPage","@id":"https:\/\/www.hahne-spedition.de\/es\/acerquese-a\/","url":"https:\/\/www.hahne-spedition.de\/es\/acerquese-a\/","name":"Ac\u00e9rquese a - Spedition Hahne","isPartOf":{"@id":"https:\/\/www.hahne-spedition.de\/es\/#website"},"datePublished":"2025-01-09T08:53:14+00:00","dateModified":"2025-05-14T10:04:23+00:00","breadcrumb":{"@id":"https:\/\/www.hahne-spedition.de\/es\/acerquese-a\/#breadcrumb"},"inLanguage":"es","potentialAction":[{"@type":"ReadAction","target":["https:\/\/www.hahne-spedition.de\/es\/acerquese-a\/"]}]},{"@type":"BreadcrumbList","@id":"https:\/\/www.hahne-spedition.de\/es\/acerquese-a\/#breadcrumb","itemListElement":[{"@type":"ListItem","position":1,"name":"P\u00e1gina principal","item":"https:\/\/www.hahne-spedition.de\/es\/"},{"@type":"ListItem","position":2,"name":"Ac\u00e9rquese a"}]},{"@type":"WebSite","@id":"https:\/\/www.hahne-spedition.de\/es\/#website","url":"https:\/\/www.hahne-spedition.de\/es\/","name":"Spedition Hahne","description":"Immer in Bewegung","publisher":{"@id":"https:\/\/www.hahne-spedition.de\/es\/#organization"},"potentialAction":[{"@type":"SearchAction","target":{"@type":"EntryPoint","urlTemplate":"https:\/\/www.hahne-spedition.de\/es\/?s={search_term_string}"},"query-input":{"@type":"PropertyValueSpecification","valueRequired":true,"valueName":"search_term_string"}}],"inLanguage":"es"},{"@type":"Organization","@id":"https:\/\/www.hahne-spedition.de\/es\/#organization","name":"Spedition Hahne","url":"https:\/\/www.hahne-spedition.de\/es\/","logo":{"@type":"ImageObject","inLanguage":"es","@id":"https:\/\/www.hahne-spedition.de\/es\/#\/schema\/logo\/image\/","url":"https:\/\/www.hahne-spedition.de\/wp-content\/uploads\/2024\/11\/spedition-hahne-logo.png","contentUrl":"https:\/\/www.hahne-spedition.de\/wp-content\/uploads\/2024\/11\/spedition-hahne-logo.png","width":637,"height":246,"caption":"Spedition Hahne"},"image":{"@id":"https:\/\/www.hahne-spedition.de\/es\/#\/schema\/logo\/image\/"}}]}},"_links":{"self":[{"href":"https:\/\/www.hahne-spedition.de\/es\/wp-json\/wp\/v2\/pages\/4064","targetHints":{"allow":["GET"]}}],"collection":[{"href":"https:\/\/www.hahne-spedition.de\/es\/wp-json\/wp\/v2\/pages"}],"about":[{"href":"https:\/\/www.hahne-spedition.de\/es\/wp-json\/wp\/v2\/types\/page"}],"author":[{"embeddable":true,"href":"https:\/\/www.hahne-spedition.de\/es\/wp-json\/wp\/v2\/users\/1"}],"replies":[{"embeddable":true,"href":"https:\/\/www.hahne-spedition.de\/es\/wp-json\/wp\/v2\/comments?post=4064"}],"version-history":[{"count":1,"href":"https:\/\/www.hahne-spedition.de\/es\/wp-json\/wp\/v2\/pages\/4064\/revisions"}],"predecessor-version":[{"id":4065,"href":"https:\/\/www.hahne-spedition.de\/es\/wp-json\/wp\/v2\/pages\/4064\/revisions\/4065"}],"wp:attachment":[{"href":"https:\/\/www.hahne-spedition.de\/es\/wp-json\/wp\/v2\/media?parent=4064"}],"curies":[{"name":"wp","href":"https:\/\/api.w.org\/{rel}","templated":true}]}}