{"id":4074,"date":"2025-01-15T07:43:15","date_gmt":"2025-01-15T06:43:15","guid":{"rendered":"http:\/\/spedition-hahne.webdesignbs.de\/certificados\/esg-2023\/"},"modified":"2025-05-14T12:05:24","modified_gmt":"2025-05-14T10:05:24","slug":"esg-2023","status":"publish","type":"page","link":"https:\/\/www.hahne-spedition.de\/es\/certificados\/esg-2023\/","title":{"rendered":"ESG 2023"},"content":{"rendered":"\t\t<div data-elementor-type=\"wp-page\" data-elementor-id=\"4074\" class=\"elementor elementor-4074 elementor-850\" data-elementor-post-type=\"page\">\n\t\t\t\t<div class=\"elementor-element elementor-element-7205dac e-flex e-con-boxed e-con e-parent\" data-id=\"7205dac\" data-element_type=\"container\" data-e-type=\"container\">\n\t\t\t\t\t<div class=\"e-con-inner\">\n\t\t\t\t<div class=\"elementor-element elementor-element-c48f984 elementor-widget elementor-widget-heading\" data-id=\"c48f984\" data-element_type=\"widget\" data-e-type=\"widget\" data-widget_type=\"heading.default\">\n\t\t\t\t<div class=\"elementor-widget-container\">\n\t\t\t\t\t<h1 class=\"elementor-heading-title elementor-size-default\">La sostenibilidad merece la pena\n<\/h1>\t\t\t\t<\/div>\n\t\t\t\t<\/div>\n\t\t\t\t<div class=\"elementor-element elementor-element-e5d620d elementor-widget elementor-widget-heading\" data-id=\"e5d620d\" data-element_type=\"widget\" data-e-type=\"widget\" data-widget_type=\"heading.default\">\n\t\t\t\t<div class=\"elementor-widget-container\">\n\t\t\t\t\t<h2 class=\"elementor-heading-title elementor-size-default\">Gobierno corporativo responsable\n<\/h2>\t\t\t\t<\/div>\n\t\t\t\t<\/div>\n\t\t\t\t<div class=\"elementor-element elementor-element-887c26c elementor-widget elementor-widget-text-editor\" data-id=\"887c26c\" data-element_type=\"widget\" data-e-type=\"widget\" data-widget_type=\"text-editor.default\">\n\t\t\t\t<div class=\"elementor-widget-container\">\n\t\t\t\t\t\t\t\t\t<p class=\"bodytext\">Spedition Hahne GmbH siempre act\u00faa dentro del marco legal aplicable y tambi\u00e9n se adhiere a los principios \u00e9ticos y a los requisitos de sus propias directrices internas. La empresa tambi\u00e9n se esfuerza por garantizar que sus proveedores y prestadores de servicios cumplan las normas pertinentes. Sin embargo, este enfoque no debe entenderse \u00fanicamente de forma restrictiva. Spedition Hahne GmbH ha reconocido que un comportamiento empresarial responsable tambi\u00e9n incluye la creaci\u00f3n de valor en un sentido hol\u00edstico y la contribuci\u00f3n a la construcci\u00f3n de un futuro digno de ser vivido. En este sentido, la empresa quiere dar ejemplo y establecer una cultura de responsabilidad dentro de la empresa y en su entorno&#8230;..    <\/p><p class=\"bodytext\"><a href=\"https:\/\/www.hahne-spedition.de\/wp-content\/uploads\/2025\/01\/Nachhaltigkeit_zahlt_sich_aus_ESG_Spedition_Hahne_GmbH_Website.pdf\">Haga clic aqu\u00ed para leer el art\u00edculo<\/a><\/p>\t\t\t\t\t\t\t\t<\/div>\n\t\t\t\t<\/div>\n\t\t\t\t\t<\/div>\n\t\t\t\t<\/div>\n\t\t\t\t<\/div>\n\t\t","protected":false},"excerpt":{"rendered":"<p>La sostenibilidad merece la pena Gobierno corporativo responsable Spedition Hahne GmbH siempre act\u00faa dentro del marco legal aplicable y tambi\u00e9n se adhiere a los principios \u00e9ticos y a los requisitos de sus propias directrices internas. La empresa tambi\u00e9n se esfuerza por garantizar que sus proveedores y prestadores de servicios cumplan las normas pertinentes. Sin embargo, [&hellip;]<\/p>\n","protected":false},"author":1,"featured_media":0,"parent":4060,"menu_order":0,"comment_status":"closed","ping_status":"closed","template":"","meta":{"footnotes":""},"class_list":["post-4074","page","type-page","status-publish","hentry"],"yoast_head":"<!-- This site is optimized with the Yoast SEO plugin v27.5 - https:\/\/yoast.com\/product\/yoast-seo-wordpress\/ -->\n<title>ESG 2023 - Spedition Hahne<\/title>\n<meta name=\"robots\" content=\"index, follow, max-snippet:-1, max-image-preview:large, max-video-preview:-1\" \/>\n<link rel=\"canonical\" href=\"https:\/\/www.hahne-spedition.de\/es\/certificados\/esg-2023\/\" \/>\n<meta property=\"og:locale\" content=\"es_ES\" \/>\n<meta property=\"og:type\" content=\"article\" \/>\n<meta property=\"og:title\" content=\"ESG 2023 - Spedition Hahne\" \/>\n<meta property=\"og:description\" content=\"La sostenibilidad merece la pena Gobierno corporativo responsable Spedition Hahne GmbH siempre act\u00faa dentro del marco legal aplicable y tambi\u00e9n se adhiere a los principios \u00e9ticos y a los requisitos de sus propias directrices internas. La empresa tambi\u00e9n se esfuerza por garantizar que sus proveedores y prestadores de servicios cumplan las normas pertinentes. Sin embargo, [&hellip;]\" \/>\n<meta property=\"og:url\" content=\"https:\/\/www.hahne-spedition.de\/es\/certificados\/esg-2023\/\" \/>\n<meta property=\"og:site_name\" content=\"Spedition Hahne\" \/>\n<meta property=\"article:modified_time\" content=\"2025-05-14T10:05:24+00:00\" \/>\n<meta name=\"twitter:card\" content=\"summary_large_image\" \/>\n<meta name=\"twitter:label1\" content=\"Tiempo de lectura\" \/>\n\t<meta name=\"twitter:data1\" content=\"1 minuto\" \/>\n<script type=\"application\/ld+json\" class=\"yoast-schema-graph\">{\"@context\":\"https:\\\/\\\/schema.org\",\"@graph\":[{\"@type\":\"WebPage\",\"@id\":\"https:\\\/\\\/www.hahne-spedition.de\\\/es\\\/certificados\\\/esg-2023\\\/\",\"url\":\"https:\\\/\\\/www.hahne-spedition.de\\\/es\\\/certificados\\\/esg-2023\\\/\",\"name\":\"ESG 2023 - Spedition Hahne\",\"isPartOf\":{\"@id\":\"https:\\\/\\\/www.hahne-spedition.de\\\/es\\\/#website\"},\"datePublished\":\"2025-01-15T06:43:15+00:00\",\"dateModified\":\"2025-05-14T10:05:24+00:00\",\"breadcrumb\":{\"@id\":\"https:\\\/\\\/www.hahne-spedition.de\\\/es\\\/certificados\\\/esg-2023\\\/#breadcrumb\"},\"inLanguage\":\"es\",\"potentialAction\":[{\"@type\":\"ReadAction\",\"target\":[\"https:\\\/\\\/www.hahne-spedition.de\\\/es\\\/certificados\\\/esg-2023\\\/\"]}]},{\"@type\":\"BreadcrumbList\",\"@id\":\"https:\\\/\\\/www.hahne-spedition.de\\\/es\\\/certificados\\\/esg-2023\\\/#breadcrumb\",\"itemListElement\":[{\"@type\":\"ListItem\",\"position\":1,\"name\":\"P\u00e1gina principal\",\"item\":\"https:\\\/\\\/www.hahne-spedition.de\\\/es\\\/\"},{\"@type\":\"ListItem\",\"position\":2,\"name\":\"Certificados\",\"item\":\"https:\\\/\\\/www.hahne-spedition.de\\\/es\\\/certificados\\\/\"},{\"@type\":\"ListItem\",\"position\":3,\"name\":\"ESG 2023\"}]},{\"@type\":\"WebSite\",\"@id\":\"https:\\\/\\\/www.hahne-spedition.de\\\/es\\\/#website\",\"url\":\"https:\\\/\\\/www.hahne-spedition.de\\\/es\\\/\",\"name\":\"Spedition Hahne\",\"description\":\"Immer in Bewegung\",\"publisher\":{\"@id\":\"https:\\\/\\\/www.hahne-spedition.de\\\/es\\\/#organization\"},\"potentialAction\":[{\"@type\":\"SearchAction\",\"target\":{\"@type\":\"EntryPoint\",\"urlTemplate\":\"https:\\\/\\\/www.hahne-spedition.de\\\/es\\\/?s={search_term_string}\"},\"query-input\":{\"@type\":\"PropertyValueSpecification\",\"valueRequired\":true,\"valueName\":\"search_term_string\"}}],\"inLanguage\":\"es\"},{\"@type\":\"Organization\",\"@id\":\"https:\\\/\\\/www.hahne-spedition.de\\\/es\\\/#organization\",\"name\":\"Spedition Hahne\",\"url\":\"https:\\\/\\\/www.hahne-spedition.de\\\/es\\\/\",\"logo\":{\"@type\":\"ImageObject\",\"inLanguage\":\"es\",\"@id\":\"https:\\\/\\\/www.hahne-spedition.de\\\/es\\\/#\\\/schema\\\/logo\\\/image\\\/\",\"url\":\"https:\\\/\\\/www.hahne-spedition.de\\\/wp-content\\\/uploads\\\/2024\\\/11\\\/spedition-hahne-logo.png\",\"contentUrl\":\"https:\\\/\\\/www.hahne-spedition.de\\\/wp-content\\\/uploads\\\/2024\\\/11\\\/spedition-hahne-logo.png\",\"width\":637,\"height\":246,\"caption\":\"Spedition Hahne\"},\"image\":{\"@id\":\"https:\\\/\\\/www.hahne-spedition.de\\\/es\\\/#\\\/schema\\\/logo\\\/image\\\/\"}}]}<\/script>\n<!-- \/ Yoast SEO plugin. -->","yoast_head_json":{"title":"ESG 2023 - Spedition Hahne","robots":{"index":"index","follow":"follow","max-snippet":"max-snippet:-1","max-image-preview":"max-image-preview:large","max-video-preview":"max-video-preview:-1"},"canonical":"https:\/\/www.hahne-spedition.de\/es\/certificados\/esg-2023\/","og_locale":"es_ES","og_type":"article","og_title":"ESG 2023 - Spedition Hahne","og_description":"La sostenibilidad merece la pena Gobierno corporativo responsable Spedition Hahne GmbH siempre act\u00faa dentro del marco legal aplicable y tambi\u00e9n se adhiere a los principios \u00e9ticos y a los requisitos de sus propias directrices internas. La empresa tambi\u00e9n se esfuerza por garantizar que sus proveedores y prestadores de servicios cumplan las normas pertinentes. Sin embargo, [&hellip;]","og_url":"https:\/\/www.hahne-spedition.de\/es\/certificados\/esg-2023\/","og_site_name":"Spedition Hahne","article_modified_time":"2025-05-14T10:05:24+00:00","twitter_card":"summary_large_image","twitter_misc":{"Tiempo de lectura":"1 minuto"},"schema":{"@context":"https:\/\/schema.org","@graph":[{"@type":"WebPage","@id":"https:\/\/www.hahne-spedition.de\/es\/certificados\/esg-2023\/","url":"https:\/\/www.hahne-spedition.de\/es\/certificados\/esg-2023\/","name":"ESG 2023 - Spedition Hahne","isPartOf":{"@id":"https:\/\/www.hahne-spedition.de\/es\/#website"},"datePublished":"2025-01-15T06:43:15+00:00","dateModified":"2025-05-14T10:05:24+00:00","breadcrumb":{"@id":"https:\/\/www.hahne-spedition.de\/es\/certificados\/esg-2023\/#breadcrumb"},"inLanguage":"es","potentialAction":[{"@type":"ReadAction","target":["https:\/\/www.hahne-spedition.de\/es\/certificados\/esg-2023\/"]}]},{"@type":"BreadcrumbList","@id":"https:\/\/www.hahne-spedition.de\/es\/certificados\/esg-2023\/#breadcrumb","itemListElement":[{"@type":"ListItem","position":1,"name":"P\u00e1gina principal","item":"https:\/\/www.hahne-spedition.de\/es\/"},{"@type":"ListItem","position":2,"name":"Certificados","item":"https:\/\/www.hahne-spedition.de\/es\/certificados\/"},{"@type":"ListItem","position":3,"name":"ESG 2023"}]},{"@type":"WebSite","@id":"https:\/\/www.hahne-spedition.de\/es\/#website","url":"https:\/\/www.hahne-spedition.de\/es\/","name":"Spedition Hahne","description":"Immer in Bewegung","publisher":{"@id":"https:\/\/www.hahne-spedition.de\/es\/#organization"},"potentialAction":[{"@type":"SearchAction","target":{"@type":"EntryPoint","urlTemplate":"https:\/\/www.hahne-spedition.de\/es\/?s={search_term_string}"},"query-input":{"@type":"PropertyValueSpecification","valueRequired":true,"valueName":"search_term_string"}}],"inLanguage":"es"},{"@type":"Organization","@id":"https:\/\/www.hahne-spedition.de\/es\/#organization","name":"Spedition Hahne","url":"https:\/\/www.hahne-spedition.de\/es\/","logo":{"@type":"ImageObject","inLanguage":"es","@id":"https:\/\/www.hahne-spedition.de\/es\/#\/schema\/logo\/image\/","url":"https:\/\/www.hahne-spedition.de\/wp-content\/uploads\/2024\/11\/spedition-hahne-logo.png","contentUrl":"https:\/\/www.hahne-spedition.de\/wp-content\/uploads\/2024\/11\/spedition-hahne-logo.png","width":637,"height":246,"caption":"Spedition Hahne"},"image":{"@id":"https:\/\/www.hahne-spedition.de\/es\/#\/schema\/logo\/image\/"}}]}},"_links":{"self":[{"href":"https:\/\/www.hahne-spedition.de\/es\/wp-json\/wp\/v2\/pages\/4074","targetHints":{"allow":["GET"]}}],"collection":[{"href":"https:\/\/www.hahne-spedition.de\/es\/wp-json\/wp\/v2\/pages"}],"about":[{"href":"https:\/\/www.hahne-spedition.de\/es\/wp-json\/wp\/v2\/types\/page"}],"author":[{"embeddable":true,"href":"https:\/\/www.hahne-spedition.de\/es\/wp-json\/wp\/v2\/users\/1"}],"replies":[{"embeddable":true,"href":"https:\/\/www.hahne-spedition.de\/es\/wp-json\/wp\/v2\/comments?post=4074"}],"version-history":[{"count":1,"href":"https:\/\/www.hahne-spedition.de\/es\/wp-json\/wp\/v2\/pages\/4074\/revisions"}],"predecessor-version":[{"id":4077,"href":"https:\/\/www.hahne-spedition.de\/es\/wp-json\/wp\/v2\/pages\/4074\/revisions\/4077"}],"up":[{"embeddable":true,"href":"https:\/\/www.hahne-spedition.de\/es\/wp-json\/wp\/v2\/pages\/4060"}],"wp:attachment":[{"href":"https:\/\/www.hahne-spedition.de\/es\/wp-json\/wp\/v2\/media?parent=4074"}],"curies":[{"name":"wp","href":"https:\/\/api.w.org\/{rel}","templated":true}]}}