{"id":4152,"date":"2025-02-02T15:04:58","date_gmt":"2025-02-02T14:04:58","guid":{"rendered":"http:\/\/spedition-hahne.webdesignbs.de\/conductor-profesional\/"},"modified":"2025-06-27T14:38:32","modified_gmt":"2025-06-27T12:38:32","slug":"conductor-profesional","status":"publish","type":"page","link":"https:\/\/www.hahne-spedition.de\/es\/carrera-profesional\/conductor-profesional\/","title":{"rendered":"Conductor profesional"},"content":{"rendered":"\t\t<div data-elementor-type=\"wp-page\" data-elementor-id=\"4152\" class=\"elementor elementor-4152 elementor-1801\" data-elementor-post-type=\"page\">\n\t\t\t\t<div class=\"elementor-element elementor-element-db8c4f5 e-flex e-con-boxed e-con e-parent\" data-id=\"db8c4f5\" data-element_type=\"container\" data-e-type=\"container\" data-settings=\"{&quot;background_background&quot;:&quot;classic&quot;}\">\n\t\t\t\t\t<div class=\"e-con-inner\">\n\t\t\t\t<div class=\"elementor-element elementor-element-e91539f elementor-align-center elementor-widget elementor-widget-breadcrumbs\" data-id=\"e91539f\" data-element_type=\"widget\" data-e-type=\"widget\" data-widget_type=\"breadcrumbs.default\">\n\t\t\t\t<div class=\"elementor-widget-container\">\n\t\t\t\t\t<p id=\"breadcrumbs\"><span><span><a href=\"https:\/\/www.hahne-spedition.de\/es\/\">P\u00e1gina principal<\/a><\/span><\/span><\/p>\t\t\t\t<\/div>\n\t\t\t\t<\/div>\n\t\t\t\t\t<\/div>\n\t\t\t\t<\/div>\n\t\t<div class=\"elementor-element elementor-element-c287b27 e-flex e-con-boxed e-con e-parent\" data-id=\"c287b27\" data-element_type=\"container\" data-e-type=\"container\">\n\t\t\t\t\t<div class=\"e-con-inner\">\n\t\t\t\t<div class=\"elementor-element elementor-element-8802ccb elementor-widget elementor-widget-heading\" data-id=\"8802ccb\" data-element_type=\"widget\" data-e-type=\"widget\" data-widget_type=\"heading.default\">\n\t\t\t\t<div class=\"elementor-widget-container\">\n\t\t\t\t\t<h1 class=\"elementor-heading-title elementor-size-default\">Conductor profesional<\/h1>\t\t\t\t<\/div>\n\t\t\t\t<\/div>\n\t\t\t\t<div class=\"elementor-element elementor-element-5ba70a2 elementor-widget-divider--view-line elementor-widget elementor-widget-divider\" data-id=\"5ba70a2\" data-element_type=\"widget\" data-e-type=\"widget\" data-widget_type=\"divider.default\">\n\t\t\t\t<div class=\"elementor-widget-container\">\n\t\t\t\t\t\t\t<div class=\"elementor-divider\">\n\t\t\t<span class=\"elementor-divider-separator\">\n\t\t\t\t\t\t<\/span>\n\t\t<\/div>\n\t\t\t\t\t\t<\/div>\n\t\t\t\t<\/div>\n\t\t\t\t<div class=\"elementor-element elementor-element-9d1cd69 elementor-widget elementor-widget-text-editor\" data-id=\"9d1cd69\" data-element_type=\"widget\" data-e-type=\"widget\" data-widget_type=\"text-editor.default\">\n\t\t\t\t<div class=\"elementor-widget-container\">\n\t\t\t\t\t\t\t\t\t<p><b>Estamos buscando un conductor profesional (m\/f\/d) a tiempo completo \/ auxiliar para reforzar nuestro equipo<\/b><\/p>\n<p><b>Responsabilidades<\/b><\/p>\n<ul>\n<li>Usted conducir\u00e1 su cami\u00f3n para la entrega de mercanc\u00edas y bienes<\/li>\n<li>Su despliegue es posible en el transporte local o de larga distancia<\/li>\n<li>Usted se asegurar\u00e1 de la carga y aseguramiento adecuado de la mercanc\u00eda<\/li>\n<li>Usted informar\u00e1 de manera fiable y oportuna sobre defectos, accidentes o infracciones<\/li>\n<li>Usted cumplir\u00e1 con las normas de tr\u00e1fico y las regulaciones legales<\/li>\n<li>Usted crear\u00e1 y gestionar\u00e1 documentos de entrega y papeles de flete<\/li>\n<li>Usted se encargar\u00e1 de la planificaci\u00f3n de rutas o del recorrido de rutas predeterminadas<\/li>\n<li>Usted documentar\u00e1 y registrar\u00e1 sus tiempos de trabajo y descanso<\/li>\n<\/ul>\n<p><strong>&nbsp;<\/strong><\/p>\n<p><b>Cualificaci\u00f3n<\/b><\/p>\n<ul>\n<li>Usted posee un permiso de conducir v\u00e1lido de clase C \/ CE con cualificaci\u00f3n 95<\/li>\n<li>Usted tiene al menos 2 a\u00f1os de experiencia profesional en el \u00e1mbito de la conducci\u00f3n de camiones<\/li>\n<li>Usted tiene un estilo de conducci\u00f3n responsable y seguro<\/li>\n<li>Usted tiene conocimientos b\u00e1sicos en mantenimiento y cuidado de veh\u00edculos<\/li>\n<li>Usted tiene un buen dominio del alem\u00e1n y\/o ingl\u00e9s hablado y escrito<\/li>\n<\/ul>\t\t\t\t\t\t\t\t<\/div>\n\t\t\t\t<\/div>\n\t\t\t\t<div class=\"elementor-element elementor-element-d87b7c3 elementor-widget-divider--view-line elementor-widget elementor-widget-divider\" data-id=\"d87b7c3\" data-element_type=\"widget\" data-e-type=\"widget\" data-widget_type=\"divider.default\">\n\t\t\t\t<div class=\"elementor-widget-container\">\n\t\t\t\t\t\t\t<div class=\"elementor-divider\">\n\t\t\t<span class=\"elementor-divider-separator\">\n\t\t\t\t\t\t<\/span>\n\t\t<\/div>\n\t\t\t\t\t\t<\/div>\n\t\t\t\t<\/div>\n\t\t\t\t\t<\/div>\n\t\t\t\t<\/div>\n\t\t<div class=\"elementor-element elementor-element-0066fdb e-flex e-con-boxed e-con e-parent\" data-id=\"0066fdb\" data-element_type=\"container\" data-e-type=\"container\">\n\t\t\t\t\t<div class=\"e-con-inner\">\n\t\t\t\t<div class=\"elementor-element elementor-element-1627197 elementor-widget elementor-widget-template\" data-id=\"1627197\" data-element_type=\"widget\" data-e-type=\"widget\" data-widget_type=\"template.default\">\n\t\t\t\t<div class=\"elementor-widget-container\">\n\t\t\t\t\t\t\t<div class=\"elementor-template\">\n\t\t\t\t\t<div data-elementor-type=\"page\" data-elementor-id=\"4790\" class=\"elementor elementor-4790 elementor-4747\" data-elementor-post-type=\"elementor_library\">\n\t\t\t\t<div class=\"elementor-element elementor-element-75ccf95 e-flex e-con-boxed e-con e-parent\" data-id=\"75ccf95\" data-element_type=\"container\" data-e-type=\"container\">\n\t\t\t\t\t<div class=\"e-con-inner\">\n\t\t\t\t<div class=\"elementor-element elementor-element-3a0ccf6 elementor-widget elementor-widget-heading\" data-id=\"3a0ccf6\" data-element_type=\"widget\" data-e-type=\"widget\" data-widget_type=\"heading.default\">\n\t\t\t\t<div class=\"elementor-widget-container\">\n\t\t\t\t\t<h2 class=\"elementor-heading-title elementor-size-default\">As\u00ed puede presentar su solicitud con nosotros:<\/h2>\t\t\t\t<\/div>\n\t\t\t\t<\/div>\n\t\t\t\t\t<\/div>\n\t\t\t\t<\/div>\n\t\t<div class=\"elementor-element elementor-element-742f22e e-flex e-con-boxed e-con e-parent\" data-id=\"742f22e\" data-element_type=\"container\" data-e-type=\"container\">\n\t\t\t\t\t<div class=\"e-con-inner\">\n\t\t<div class=\"elementor-element elementor-element-afb6f1c e-con-full e-flex e-con e-child\" data-id=\"afb6f1c\" data-element_type=\"container\" data-e-type=\"container\">\n\t\t\t\t<div class=\"elementor-element elementor-element-fbbbca4 elementor-view-default elementor-widget elementor-widget-icon\" data-id=\"fbbbca4\" data-element_type=\"widget\" data-e-type=\"widget\" data-widget_type=\"icon.default\">\n\t\t\t\t<div class=\"elementor-widget-container\">\n\t\t\t\t\t\t\t<div class=\"elementor-icon-wrapper\">\n\t\t\t<div class=\"elementor-icon\">\n\t\t\t<svg aria-hidden=\"true\" class=\"e-font-icon-svg e-far-envelope\" viewBox=\"0 0 512 512\" xmlns=\"http:\/\/www.w3.org\/2000\/svg\"><path d=\"M464 64H48C21.49 64 0 85.49 0 112v288c0 26.51 21.49 48 48 48h416c26.51 0 48-21.49 48-48V112c0-26.51-21.49-48-48-48zm0 48v40.805c-22.422 18.259-58.168 46.651-134.587 106.49-16.841 13.247-50.201 45.072-73.413 44.701-23.208.375-56.579-31.459-73.413-44.701C106.18 199.465 70.425 171.067 48 152.805V112h416zM48 400V214.398c22.914 18.251 55.409 43.862 104.938 82.646 21.857 17.205 60.134 55.186 103.062 54.955 42.717.231 80.509-37.199 103.053-54.947 49.528-38.783 82.032-64.401 104.947-82.653V400H48z\"><\/path><\/svg>\t\t\t<\/div>\n\t\t<\/div>\n\t\t\t\t\t\t<\/div>\n\t\t\t\t<\/div>\n\t\t\t\t<div class=\"elementor-element elementor-element-e61ef96 elementor-widget-mobile__width-initial elementor-widget elementor-widget-text-editor\" data-id=\"e61ef96\" data-element_type=\"widget\" data-e-type=\"widget\" data-widget_type=\"text-editor.default\">\n\t\t\t\t<div class=\"elementor-widget-container\">\n\t\t\t\t\t\t\t\t\tpersonal@hahne-spedition.de\t\t\t\t\t\t\t\t<\/div>\n\t\t\t\t<\/div>\n\t\t\t\t<\/div>\n\t\t<div class=\"elementor-element elementor-element-a8444d6 e-con-full e-flex e-con e-child\" data-id=\"a8444d6\" data-element_type=\"container\" data-e-type=\"container\">\n\t\t\t\t<div class=\"elementor-element elementor-element-3403c0f elementor-view-default elementor-widget elementor-widget-icon\" data-id=\"3403c0f\" data-element_type=\"widget\" data-e-type=\"widget\" data-widget_type=\"icon.default\">\n\t\t\t\t<div class=\"elementor-widget-container\">\n\t\t\t\t\t\t\t<div class=\"elementor-icon-wrapper\">\n\t\t\t<div class=\"elementor-icon\">\n\t\t\t<svg aria-hidden=\"true\" class=\"e-font-icon-svg e-fas-mobile-alt\" viewBox=\"0 0 320 512\" xmlns=\"http:\/\/www.w3.org\/2000\/svg\"><path d=\"M272 0H48C21.5 0 0 21.5 0 48v416c0 26.5 21.5 48 48 48h224c26.5 0 48-21.5 48-48V48c0-26.5-21.5-48-48-48zM160 480c-17.7 0-32-14.3-32-32s14.3-32 32-32 32 14.3 32 32-14.3 32-32 32zm112-108c0 6.6-5.4 12-12 12H60c-6.6 0-12-5.4-12-12V60c0-6.6 5.4-12 12-12h200c6.6 0 12 5.4 12 12v312z\"><\/path><\/svg>\t\t\t<\/div>\n\t\t<\/div>\n\t\t\t\t\t\t<\/div>\n\t\t\t\t<\/div>\n\t\t\t\t<div class=\"elementor-element elementor-element-d5b2749 elementor-widget-mobile__width-initial elementor-widget elementor-widget-text-editor\" data-id=\"d5b2749\" data-element_type=\"widget\" data-e-type=\"widget\" data-widget_type=\"text-editor.default\">\n\t\t\t\t<div class=\"elementor-widget-container\">\n\t\t\t\t\t\t\t\t\t<p>05324 \/ 77 36 &#8211; 0<\/p>\t\t\t\t\t\t\t\t<\/div>\n\t\t\t\t<\/div>\n\t\t\t\t<\/div>\n\t\t\t\t\t<\/div>\n\t\t\t\t<\/div>\n\t\t\t\t<\/div>\n\t\t\t\t<\/div>\n\t\t\t\t\t\t<\/div>\n\t\t\t\t<\/div>\n\t\t\t\t\t<\/div>\n\t\t\t\t<\/div>\n\t\t\t\t<\/div>\n\t\t","protected":false},"excerpt":{"rendered":"<p>Conductor profesional Estamos buscando un conductor profesional (m\/f\/d) a tiempo completo \/ auxiliar para reforzar nuestro equipo Responsabilidades Usted conducir\u00e1 su cami\u00f3n para la entrega de mercanc\u00edas y bienes Su despliegue es posible en el transporte local o de larga distancia Usted se asegurar\u00e1 de la carga y aseguramiento adecuado de la mercanc\u00eda Usted informar\u00e1 [&hellip;]<\/p>\n","protected":false},"author":1,"featured_media":3941,"parent":4313,"menu_order":0,"comment_status":"closed","ping_status":"closed","template":"","meta":{"footnotes":""},"class_list":["post-4152","page","type-page","status-publish","has-post-thumbnail","hentry"],"yoast_head":"<!-- This site is optimized with the Yoast SEO plugin v27.4 - https:\/\/yoast.com\/product\/yoast-seo-wordpress\/ -->\n<title>Conductor profesional - Spedition Hahne<\/title>\n<meta name=\"robots\" content=\"index, follow, max-snippet:-1, max-image-preview:large, max-video-preview:-1\" \/>\n<link rel=\"canonical\" href=\"https:\/\/www.hahne-spedition.de\/es\/carrera-profesional\/conductor-profesional\/\" \/>\n<meta property=\"og:locale\" content=\"es_ES\" \/>\n<meta property=\"og:type\" content=\"article\" \/>\n<meta property=\"og:title\" content=\"Conductor profesional - Spedition Hahne\" \/>\n<meta property=\"og:description\" content=\"Conductor profesional Estamos buscando un conductor profesional (m\/f\/d) a tiempo completo \/ auxiliar para reforzar nuestro equipo Responsabilidades Usted conducir\u00e1 su cami\u00f3n para la entrega de mercanc\u00edas y bienes Su despliegue es posible en el transporte local o de larga distancia Usted se asegurar\u00e1 de la carga y aseguramiento adecuado de la mercanc\u00eda Usted informar\u00e1 [&hellip;]\" \/>\n<meta property=\"og:url\" content=\"https:\/\/www.hahne-spedition.de\/es\/carrera-profesional\/conductor-profesional\/\" \/>\n<meta property=\"og:site_name\" content=\"Spedition Hahne\" \/>\n<meta property=\"article:modified_time\" content=\"2025-06-27T12:38:32+00:00\" \/>\n<meta property=\"og:image\" content=\"https:\/\/www.hahne-spedition.de\/wp-content\/uploads\/2025\/05\/IMG_7774.jpg\" \/>\n\t<meta property=\"og:image:width\" content=\"2000\" \/>\n\t<meta property=\"og:image:height\" content=\"1500\" \/>\n\t<meta property=\"og:image:type\" content=\"image\/jpeg\" \/>\n<meta name=\"twitter:card\" content=\"summary_large_image\" \/>\n<meta name=\"twitter:label1\" content=\"Tiempo de lectura\" \/>\n\t<meta name=\"twitter:data1\" content=\"1 minuto\" \/>\n<script type=\"application\/ld+json\" class=\"yoast-schema-graph\">{\"@context\":\"https:\\\/\\\/schema.org\",\"@graph\":[{\"@type\":\"WebPage\",\"@id\":\"https:\\\/\\\/www.hahne-spedition.de\\\/es\\\/carrera-profesional\\\/conductor-profesional\\\/\",\"url\":\"https:\\\/\\\/www.hahne-spedition.de\\\/es\\\/carrera-profesional\\\/conductor-profesional\\\/\",\"name\":\"Conductor profesional - Spedition Hahne\",\"isPartOf\":{\"@id\":\"https:\\\/\\\/www.hahne-spedition.de\\\/es\\\/#website\"},\"primaryImageOfPage\":{\"@id\":\"https:\\\/\\\/www.hahne-spedition.de\\\/es\\\/carrera-profesional\\\/conductor-profesional\\\/#primaryimage\"},\"image\":{\"@id\":\"https:\\\/\\\/www.hahne-spedition.de\\\/es\\\/carrera-profesional\\\/conductor-profesional\\\/#primaryimage\"},\"thumbnailUrl\":\"https:\\\/\\\/www.hahne-spedition.de\\\/wp-content\\\/uploads\\\/2025\\\/05\\\/IMG_7774.jpg\",\"datePublished\":\"2025-02-02T14:04:58+00:00\",\"dateModified\":\"2025-06-27T12:38:32+00:00\",\"breadcrumb\":{\"@id\":\"https:\\\/\\\/www.hahne-spedition.de\\\/es\\\/carrera-profesional\\\/conductor-profesional\\\/#breadcrumb\"},\"inLanguage\":\"es\",\"potentialAction\":[{\"@type\":\"ReadAction\",\"target\":[\"https:\\\/\\\/www.hahne-spedition.de\\\/es\\\/carrera-profesional\\\/conductor-profesional\\\/\"]}]},{\"@type\":\"ImageObject\",\"inLanguage\":\"es\",\"@id\":\"https:\\\/\\\/www.hahne-spedition.de\\\/es\\\/carrera-profesional\\\/conductor-profesional\\\/#primaryimage\",\"url\":\"https:\\\/\\\/www.hahne-spedition.de\\\/wp-content\\\/uploads\\\/2025\\\/05\\\/IMG_7774.jpg\",\"contentUrl\":\"https:\\\/\\\/www.hahne-spedition.de\\\/wp-content\\\/uploads\\\/2025\\\/05\\\/IMG_7774.jpg\",\"width\":2000,\"height\":1500,\"caption\":\"Hahne LKW mit rotem\"},{\"@type\":\"BreadcrumbList\",\"@id\":\"https:\\\/\\\/www.hahne-spedition.de\\\/es\\\/carrera-profesional\\\/conductor-profesional\\\/#breadcrumb\",\"itemListElement\":[{\"@type\":\"ListItem\",\"position\":1,\"name\":\"P\u00e1gina principal\",\"item\":\"https:\\\/\\\/www.hahne-spedition.de\\\/es\\\/\"},{\"@type\":\"ListItem\",\"position\":2,\"name\":\"Carrera profesional\",\"item\":\"https:\\\/\\\/www.hahne-spedition.de\\\/es\\\/carrera-profesional\\\/\"},{\"@type\":\"ListItem\",\"position\":3,\"name\":\"Conductor profesional\"}]},{\"@type\":\"WebSite\",\"@id\":\"https:\\\/\\\/www.hahne-spedition.de\\\/es\\\/#website\",\"url\":\"https:\\\/\\\/www.hahne-spedition.de\\\/es\\\/\",\"name\":\"Spedition Hahne\",\"description\":\"Immer in Bewegung\",\"publisher\":{\"@id\":\"https:\\\/\\\/www.hahne-spedition.de\\\/es\\\/#organization\"},\"potentialAction\":[{\"@type\":\"SearchAction\",\"target\":{\"@type\":\"EntryPoint\",\"urlTemplate\":\"https:\\\/\\\/www.hahne-spedition.de\\\/es\\\/?s={search_term_string}\"},\"query-input\":{\"@type\":\"PropertyValueSpecification\",\"valueRequired\":true,\"valueName\":\"search_term_string\"}}],\"inLanguage\":\"es\"},{\"@type\":\"Organization\",\"@id\":\"https:\\\/\\\/www.hahne-spedition.de\\\/es\\\/#organization\",\"name\":\"Spedition Hahne\",\"url\":\"https:\\\/\\\/www.hahne-spedition.de\\\/es\\\/\",\"logo\":{\"@type\":\"ImageObject\",\"inLanguage\":\"es\",\"@id\":\"https:\\\/\\\/www.hahne-spedition.de\\\/es\\\/#\\\/schema\\\/logo\\\/image\\\/\",\"url\":\"https:\\\/\\\/www.hahne-spedition.de\\\/wp-content\\\/uploads\\\/2024\\\/11\\\/spedition-hahne-logo.png\",\"contentUrl\":\"https:\\\/\\\/www.hahne-spedition.de\\\/wp-content\\\/uploads\\\/2024\\\/11\\\/spedition-hahne-logo.png\",\"width\":637,\"height\":246,\"caption\":\"Spedition Hahne\"},\"image\":{\"@id\":\"https:\\\/\\\/www.hahne-spedition.de\\\/es\\\/#\\\/schema\\\/logo\\\/image\\\/\"}}]}<\/script>\n<!-- \/ Yoast SEO plugin. -->","yoast_head_json":{"title":"Conductor profesional - Spedition Hahne","robots":{"index":"index","follow":"follow","max-snippet":"max-snippet:-1","max-image-preview":"max-image-preview:large","max-video-preview":"max-video-preview:-1"},"canonical":"https:\/\/www.hahne-spedition.de\/es\/carrera-profesional\/conductor-profesional\/","og_locale":"es_ES","og_type":"article","og_title":"Conductor profesional - Spedition Hahne","og_description":"Conductor profesional Estamos buscando un conductor profesional (m\/f\/d) a tiempo completo \/ auxiliar para reforzar nuestro equipo Responsabilidades Usted conducir\u00e1 su cami\u00f3n para la entrega de mercanc\u00edas y bienes Su despliegue es posible en el transporte local o de larga distancia Usted se asegurar\u00e1 de la carga y aseguramiento adecuado de la mercanc\u00eda Usted informar\u00e1 [&hellip;]","og_url":"https:\/\/www.hahne-spedition.de\/es\/carrera-profesional\/conductor-profesional\/","og_site_name":"Spedition Hahne","article_modified_time":"2025-06-27T12:38:32+00:00","og_image":[{"width":2000,"height":1500,"url":"https:\/\/www.hahne-spedition.de\/wp-content\/uploads\/2025\/05\/IMG_7774.jpg","type":"image\/jpeg"}],"twitter_card":"summary_large_image","twitter_misc":{"Tiempo de lectura":"1 minuto"},"schema":{"@context":"https:\/\/schema.org","@graph":[{"@type":"WebPage","@id":"https:\/\/www.hahne-spedition.de\/es\/carrera-profesional\/conductor-profesional\/","url":"https:\/\/www.hahne-spedition.de\/es\/carrera-profesional\/conductor-profesional\/","name":"Conductor profesional - Spedition Hahne","isPartOf":{"@id":"https:\/\/www.hahne-spedition.de\/es\/#website"},"primaryImageOfPage":{"@id":"https:\/\/www.hahne-spedition.de\/es\/carrera-profesional\/conductor-profesional\/#primaryimage"},"image":{"@id":"https:\/\/www.hahne-spedition.de\/es\/carrera-profesional\/conductor-profesional\/#primaryimage"},"thumbnailUrl":"https:\/\/www.hahne-spedition.de\/wp-content\/uploads\/2025\/05\/IMG_7774.jpg","datePublished":"2025-02-02T14:04:58+00:00","dateModified":"2025-06-27T12:38:32+00:00","breadcrumb":{"@id":"https:\/\/www.hahne-spedition.de\/es\/carrera-profesional\/conductor-profesional\/#breadcrumb"},"inLanguage":"es","potentialAction":[{"@type":"ReadAction","target":["https:\/\/www.hahne-spedition.de\/es\/carrera-profesional\/conductor-profesional\/"]}]},{"@type":"ImageObject","inLanguage":"es","@id":"https:\/\/www.hahne-spedition.de\/es\/carrera-profesional\/conductor-profesional\/#primaryimage","url":"https:\/\/www.hahne-spedition.de\/wp-content\/uploads\/2025\/05\/IMG_7774.jpg","contentUrl":"https:\/\/www.hahne-spedition.de\/wp-content\/uploads\/2025\/05\/IMG_7774.jpg","width":2000,"height":1500,"caption":"Hahne LKW mit rotem"},{"@type":"BreadcrumbList","@id":"https:\/\/www.hahne-spedition.de\/es\/carrera-profesional\/conductor-profesional\/#breadcrumb","itemListElement":[{"@type":"ListItem","position":1,"name":"P\u00e1gina principal","item":"https:\/\/www.hahne-spedition.de\/es\/"},{"@type":"ListItem","position":2,"name":"Carrera profesional","item":"https:\/\/www.hahne-spedition.de\/es\/carrera-profesional\/"},{"@type":"ListItem","position":3,"name":"Conductor profesional"}]},{"@type":"WebSite","@id":"https:\/\/www.hahne-spedition.de\/es\/#website","url":"https:\/\/www.hahne-spedition.de\/es\/","name":"Spedition Hahne","description":"Immer in Bewegung","publisher":{"@id":"https:\/\/www.hahne-spedition.de\/es\/#organization"},"potentialAction":[{"@type":"SearchAction","target":{"@type":"EntryPoint","urlTemplate":"https:\/\/www.hahne-spedition.de\/es\/?s={search_term_string}"},"query-input":{"@type":"PropertyValueSpecification","valueRequired":true,"valueName":"search_term_string"}}],"inLanguage":"es"},{"@type":"Organization","@id":"https:\/\/www.hahne-spedition.de\/es\/#organization","name":"Spedition Hahne","url":"https:\/\/www.hahne-spedition.de\/es\/","logo":{"@type":"ImageObject","inLanguage":"es","@id":"https:\/\/www.hahne-spedition.de\/es\/#\/schema\/logo\/image\/","url":"https:\/\/www.hahne-spedition.de\/wp-content\/uploads\/2024\/11\/spedition-hahne-logo.png","contentUrl":"https:\/\/www.hahne-spedition.de\/wp-content\/uploads\/2024\/11\/spedition-hahne-logo.png","width":637,"height":246,"caption":"Spedition Hahne"},"image":{"@id":"https:\/\/www.hahne-spedition.de\/es\/#\/schema\/logo\/image\/"}}]}},"_links":{"self":[{"href":"https:\/\/www.hahne-spedition.de\/es\/wp-json\/wp\/v2\/pages\/4152","targetHints":{"allow":["GET"]}}],"collection":[{"href":"https:\/\/www.hahne-spedition.de\/es\/wp-json\/wp\/v2\/pages"}],"about":[{"href":"https:\/\/www.hahne-spedition.de\/es\/wp-json\/wp\/v2\/types\/page"}],"author":[{"embeddable":true,"href":"https:\/\/www.hahne-spedition.de\/es\/wp-json\/wp\/v2\/users\/1"}],"replies":[{"embeddable":true,"href":"https:\/\/www.hahne-spedition.de\/es\/wp-json\/wp\/v2\/comments?post=4152"}],"version-history":[{"count":3,"href":"https:\/\/www.hahne-spedition.de\/es\/wp-json\/wp\/v2\/pages\/4152\/revisions"}],"predecessor-version":[{"id":4779,"href":"https:\/\/www.hahne-spedition.de\/es\/wp-json\/wp\/v2\/pages\/4152\/revisions\/4779"}],"up":[{"embeddable":true,"href":"https:\/\/www.hahne-spedition.de\/es\/wp-json\/wp\/v2\/pages\/4313"}],"wp:featuredmedia":[{"embeddable":true,"href":"https:\/\/www.hahne-spedition.de\/es\/wp-json\/wp\/v2\/media\/3941"}],"wp:attachment":[{"href":"https:\/\/www.hahne-spedition.de\/es\/wp-json\/wp\/v2\/media?parent=4152"}],"curies":[{"name":"wp","href":"https:\/\/api.w.org\/{rel}","templated":true}]}}