{"id":4168,"date":"2025-01-21T19:36:09","date_gmt":"2025-01-21T18:36:09","guid":{"rendered":"http:\/\/spedition-hahne.webdesignbs.de\/codigo-de-conducta\/"},"modified":"2025-05-14T13:35:09","modified_gmt":"2025-05-14T11:35:09","slug":"codigo-de-conducta","status":"publish","type":"page","link":"https:\/\/www.hahne-spedition.de\/es\/codigo-de-conducta\/","title":{"rendered":"C\u00f3digo de Conducta"},"content":{"rendered":"\t\t<div data-elementor-type=\"wp-page\" data-elementor-id=\"4168\" class=\"elementor elementor-4168 elementor-883\" data-elementor-post-type=\"page\">\n\t\t\t\t<div class=\"elementor-element elementor-element-2e1dac3 e-flex e-con-boxed e-con e-parent\" data-id=\"2e1dac3\" data-element_type=\"container\" data-e-type=\"container\">\n\t\t\t\t\t<div class=\"e-con-inner\">\n\t\t\t\t<div class=\"elementor-element elementor-element-19e5c01 elementor-widget elementor-widget-heading\" data-id=\"19e5c01\" data-element_type=\"widget\" data-e-type=\"widget\" data-widget_type=\"heading.default\">\n\t\t\t\t<div class=\"elementor-widget-container\">\n\t\t\t\t\t<h1 class=\"elementor-heading-title elementor-size-default\">C\u00f3digo de Conducta<\/h1>\t\t\t\t<\/div>\n\t\t\t\t<\/div>\n\t\t\t\t<div class=\"elementor-element elementor-element-532aff7 elementor-widget-divider--view-line elementor-widget elementor-widget-divider\" data-id=\"532aff7\" data-element_type=\"widget\" data-e-type=\"widget\" data-widget_type=\"divider.default\">\n\t\t\t\t<div class=\"elementor-widget-container\">\n\t\t\t\t\t\t\t<div class=\"elementor-divider\">\n\t\t\t<span class=\"elementor-divider-separator\">\n\t\t\t\t\t\t<\/span>\n\t\t<\/div>\n\t\t\t\t\t\t<\/div>\n\t\t\t\t<\/div>\n\t\t\t\t<div class=\"elementor-element elementor-element-a452174 elementor-widget elementor-widget-text-editor\" data-id=\"a452174\" data-element_type=\"widget\" data-e-type=\"widget\" data-widget_type=\"text-editor.default\">\n\t\t\t\t<div class=\"elementor-widget-container\">\n\t\t\t\t\t\t\t\t\t<p>La sostenibilidad es rentable<\/p><p><strong>Gesti\u00f3n empresarial responsable<\/strong><\/p><p>La empresa Spedition Hahne GmbH act\u00faa siempre dentro del marco legal vigente y, adem\u00e1s, se adhiere a principios \u00e9ticos y a los requisitos de sus propias directrices internas. La empresa tambi\u00e9n promueve el cumplimiento de est\u00e1ndares correspondientes entre sus proveedores de servicios y suministradores. Sin embargo, este enfoque no debe entenderse \u00fanicamente de manera restrictiva. Hemos reconocido que una gesti\u00f3n empresarial responsable tambi\u00e9n implica crear valor en un sentido hol\u00edstico y contribuir a forjar un futuro digno de ser vivido para todos. En este sentido, la empresa desea asumir un papel ejemplar y establecer una cultura de responsabilidad tanto dentro de la organizaci\u00f3n como en su entorno.    <\/p>\t\t\t\t\t\t\t\t<\/div>\n\t\t\t\t<\/div>\n\t\t\t\t\t<\/div>\n\t\t\t\t<\/div>\n\t\t\t\t<\/div>\n\t\t","protected":false},"excerpt":{"rendered":"<p>La sostenibilidad es rentable Gesti\u00f3n empresarial responsable La empresa Spedition Hahne GmbH act\u00faa siempre dentro del marco legal vigente y, adem\u00e1s, se adhiere a principios \u00e9ticos y a los requisitos de sus propias directrices internas. La empresa tambi\u00e9n promueve el cumplimiento de est\u00e1ndares correspondientes entre sus proveedores de servicios y suministradores. Sin embargo, este enfoque [&hellip;]<\/p>\n","protected":false},"author":1,"featured_media":0,"parent":0,"menu_order":0,"comment_status":"closed","ping_status":"closed","template":"","meta":{"footnotes":""},"class_list":["post-4168","page","type-page","status-publish","hentry"],"yoast_head":"<!-- This site is optimized with the Yoast SEO plugin v27.4 - https:\/\/yoast.com\/product\/yoast-seo-wordpress\/ -->\n<title>C\u00f3digo de Conducta - Spedition Hahne<\/title>\n<meta name=\"robots\" content=\"index, follow, max-snippet:-1, max-image-preview:large, max-video-preview:-1\" \/>\n<link rel=\"canonical\" href=\"https:\/\/www.hahne-spedition.de\/es\/codigo-de-conducta\/\" \/>\n<meta property=\"og:locale\" content=\"es_ES\" \/>\n<meta property=\"og:type\" content=\"article\" \/>\n<meta property=\"og:title\" content=\"C\u00f3digo de Conducta - Spedition Hahne\" \/>\n<meta property=\"og:description\" content=\"La sostenibilidad es rentable Gesti\u00f3n empresarial responsable La empresa Spedition Hahne GmbH act\u00faa siempre dentro del marco legal vigente y, adem\u00e1s, se adhiere a principios \u00e9ticos y a los requisitos de sus propias directrices internas. La empresa tambi\u00e9n promueve el cumplimiento de est\u00e1ndares correspondientes entre sus proveedores de servicios y suministradores. Sin embargo, este enfoque [&hellip;]\" \/>\n<meta property=\"og:url\" content=\"https:\/\/www.hahne-spedition.de\/es\/codigo-de-conducta\/\" \/>\n<meta property=\"og:site_name\" content=\"Spedition Hahne\" \/>\n<meta property=\"article:modified_time\" content=\"2025-05-14T11:35:09+00:00\" \/>\n<meta name=\"twitter:card\" content=\"summary_large_image\" \/>\n<meta name=\"twitter:label1\" content=\"Tiempo de lectura\" \/>\n\t<meta name=\"twitter:data1\" content=\"1 minuto\" \/>\n<script type=\"application\/ld+json\" class=\"yoast-schema-graph\">{\"@context\":\"https:\\\/\\\/schema.org\",\"@graph\":[{\"@type\":\"WebPage\",\"@id\":\"https:\\\/\\\/www.hahne-spedition.de\\\/es\\\/codigo-de-conducta\\\/\",\"url\":\"https:\\\/\\\/www.hahne-spedition.de\\\/es\\\/codigo-de-conducta\\\/\",\"name\":\"C\u00f3digo de Conducta - Spedition Hahne\",\"isPartOf\":{\"@id\":\"https:\\\/\\\/www.hahne-spedition.de\\\/es\\\/#website\"},\"datePublished\":\"2025-01-21T18:36:09+00:00\",\"dateModified\":\"2025-05-14T11:35:09+00:00\",\"breadcrumb\":{\"@id\":\"https:\\\/\\\/www.hahne-spedition.de\\\/es\\\/codigo-de-conducta\\\/#breadcrumb\"},\"inLanguage\":\"es\",\"potentialAction\":[{\"@type\":\"ReadAction\",\"target\":[\"https:\\\/\\\/www.hahne-spedition.de\\\/es\\\/codigo-de-conducta\\\/\"]}]},{\"@type\":\"BreadcrumbList\",\"@id\":\"https:\\\/\\\/www.hahne-spedition.de\\\/es\\\/codigo-de-conducta\\\/#breadcrumb\",\"itemListElement\":[{\"@type\":\"ListItem\",\"position\":1,\"name\":\"P\u00e1gina principal\",\"item\":\"https:\\\/\\\/www.hahne-spedition.de\\\/es\\\/\"},{\"@type\":\"ListItem\",\"position\":2,\"name\":\"C\u00f3digo de Conducta\"}]},{\"@type\":\"WebSite\",\"@id\":\"https:\\\/\\\/www.hahne-spedition.de\\\/es\\\/#website\",\"url\":\"https:\\\/\\\/www.hahne-spedition.de\\\/es\\\/\",\"name\":\"Spedition Hahne\",\"description\":\"Immer in Bewegung\",\"publisher\":{\"@id\":\"https:\\\/\\\/www.hahne-spedition.de\\\/es\\\/#organization\"},\"potentialAction\":[{\"@type\":\"SearchAction\",\"target\":{\"@type\":\"EntryPoint\",\"urlTemplate\":\"https:\\\/\\\/www.hahne-spedition.de\\\/es\\\/?s={search_term_string}\"},\"query-input\":{\"@type\":\"PropertyValueSpecification\",\"valueRequired\":true,\"valueName\":\"search_term_string\"}}],\"inLanguage\":\"es\"},{\"@type\":\"Organization\",\"@id\":\"https:\\\/\\\/www.hahne-spedition.de\\\/es\\\/#organization\",\"name\":\"Spedition Hahne\",\"url\":\"https:\\\/\\\/www.hahne-spedition.de\\\/es\\\/\",\"logo\":{\"@type\":\"ImageObject\",\"inLanguage\":\"es\",\"@id\":\"https:\\\/\\\/www.hahne-spedition.de\\\/es\\\/#\\\/schema\\\/logo\\\/image\\\/\",\"url\":\"https:\\\/\\\/www.hahne-spedition.de\\\/wp-content\\\/uploads\\\/2024\\\/11\\\/spedition-hahne-logo.png\",\"contentUrl\":\"https:\\\/\\\/www.hahne-spedition.de\\\/wp-content\\\/uploads\\\/2024\\\/11\\\/spedition-hahne-logo.png\",\"width\":637,\"height\":246,\"caption\":\"Spedition Hahne\"},\"image\":{\"@id\":\"https:\\\/\\\/www.hahne-spedition.de\\\/es\\\/#\\\/schema\\\/logo\\\/image\\\/\"}}]}<\/script>\n<!-- \/ Yoast SEO plugin. -->","yoast_head_json":{"title":"C\u00f3digo de Conducta - Spedition Hahne","robots":{"index":"index","follow":"follow","max-snippet":"max-snippet:-1","max-image-preview":"max-image-preview:large","max-video-preview":"max-video-preview:-1"},"canonical":"https:\/\/www.hahne-spedition.de\/es\/codigo-de-conducta\/","og_locale":"es_ES","og_type":"article","og_title":"C\u00f3digo de Conducta - Spedition Hahne","og_description":"La sostenibilidad es rentable Gesti\u00f3n empresarial responsable La empresa Spedition Hahne GmbH act\u00faa siempre dentro del marco legal vigente y, adem\u00e1s, se adhiere a principios \u00e9ticos y a los requisitos de sus propias directrices internas. La empresa tambi\u00e9n promueve el cumplimiento de est\u00e1ndares correspondientes entre sus proveedores de servicios y suministradores. Sin embargo, este enfoque [&hellip;]","og_url":"https:\/\/www.hahne-spedition.de\/es\/codigo-de-conducta\/","og_site_name":"Spedition Hahne","article_modified_time":"2025-05-14T11:35:09+00:00","twitter_card":"summary_large_image","twitter_misc":{"Tiempo de lectura":"1 minuto"},"schema":{"@context":"https:\/\/schema.org","@graph":[{"@type":"WebPage","@id":"https:\/\/www.hahne-spedition.de\/es\/codigo-de-conducta\/","url":"https:\/\/www.hahne-spedition.de\/es\/codigo-de-conducta\/","name":"C\u00f3digo de Conducta - Spedition Hahne","isPartOf":{"@id":"https:\/\/www.hahne-spedition.de\/es\/#website"},"datePublished":"2025-01-21T18:36:09+00:00","dateModified":"2025-05-14T11:35:09+00:00","breadcrumb":{"@id":"https:\/\/www.hahne-spedition.de\/es\/codigo-de-conducta\/#breadcrumb"},"inLanguage":"es","potentialAction":[{"@type":"ReadAction","target":["https:\/\/www.hahne-spedition.de\/es\/codigo-de-conducta\/"]}]},{"@type":"BreadcrumbList","@id":"https:\/\/www.hahne-spedition.de\/es\/codigo-de-conducta\/#breadcrumb","itemListElement":[{"@type":"ListItem","position":1,"name":"P\u00e1gina principal","item":"https:\/\/www.hahne-spedition.de\/es\/"},{"@type":"ListItem","position":2,"name":"C\u00f3digo de Conducta"}]},{"@type":"WebSite","@id":"https:\/\/www.hahne-spedition.de\/es\/#website","url":"https:\/\/www.hahne-spedition.de\/es\/","name":"Spedition Hahne","description":"Immer in Bewegung","publisher":{"@id":"https:\/\/www.hahne-spedition.de\/es\/#organization"},"potentialAction":[{"@type":"SearchAction","target":{"@type":"EntryPoint","urlTemplate":"https:\/\/www.hahne-spedition.de\/es\/?s={search_term_string}"},"query-input":{"@type":"PropertyValueSpecification","valueRequired":true,"valueName":"search_term_string"}}],"inLanguage":"es"},{"@type":"Organization","@id":"https:\/\/www.hahne-spedition.de\/es\/#organization","name":"Spedition Hahne","url":"https:\/\/www.hahne-spedition.de\/es\/","logo":{"@type":"ImageObject","inLanguage":"es","@id":"https:\/\/www.hahne-spedition.de\/es\/#\/schema\/logo\/image\/","url":"https:\/\/www.hahne-spedition.de\/wp-content\/uploads\/2024\/11\/spedition-hahne-logo.png","contentUrl":"https:\/\/www.hahne-spedition.de\/wp-content\/uploads\/2024\/11\/spedition-hahne-logo.png","width":637,"height":246,"caption":"Spedition Hahne"},"image":{"@id":"https:\/\/www.hahne-spedition.de\/es\/#\/schema\/logo\/image\/"}}]}},"_links":{"self":[{"href":"https:\/\/www.hahne-spedition.de\/es\/wp-json\/wp\/v2\/pages\/4168","targetHints":{"allow":["GET"]}}],"collection":[{"href":"https:\/\/www.hahne-spedition.de\/es\/wp-json\/wp\/v2\/pages"}],"about":[{"href":"https:\/\/www.hahne-spedition.de\/es\/wp-json\/wp\/v2\/types\/page"}],"author":[{"embeddable":true,"href":"https:\/\/www.hahne-spedition.de\/es\/wp-json\/wp\/v2\/users\/1"}],"replies":[{"embeddable":true,"href":"https:\/\/www.hahne-spedition.de\/es\/wp-json\/wp\/v2\/comments?post=4168"}],"version-history":[{"count":1,"href":"https:\/\/www.hahne-spedition.de\/es\/wp-json\/wp\/v2\/pages\/4168\/revisions"}],"predecessor-version":[{"id":4169,"href":"https:\/\/www.hahne-spedition.de\/es\/wp-json\/wp\/v2\/pages\/4168\/revisions\/4169"}],"wp:attachment":[{"href":"https:\/\/www.hahne-spedition.de\/es\/wp-json\/wp\/v2\/media?parent=4168"}],"curies":[{"name":"wp","href":"https:\/\/api.w.org\/{rel}","templated":true}]}}