{"id":4199,"date":"2025-01-06T14:11:47","date_gmt":"2025-01-06T13:11:47","guid":{"rendered":"http:\/\/spedition-hahne.webdesignbs.de\/vehiculos-con-lona\/"},"modified":"2025-05-14T13:35:24","modified_gmt":"2025-05-14T11:35:24","slug":"vehiculos-con-lona","status":"publish","type":"page","link":"https:\/\/www.hahne-spedition.de\/es\/flota-de-vehiculos\/vehiculos-con-lona\/","title":{"rendered":"Veh\u00edculos con lona"},"content":{"rendered":"\t\t<div data-elementor-type=\"wp-page\" data-elementor-id=\"4199\" class=\"elementor elementor-4199 elementor-634\" data-elementor-post-type=\"page\">\n\t\t\t\t<div class=\"elementor-element elementor-element-3a27474 e-flex e-con-boxed e-con e-parent\" data-id=\"3a27474\" data-element_type=\"container\" data-e-type=\"container\">\n\t\t\t\t\t<div class=\"e-con-inner\">\n\t\t<div class=\"elementor-element elementor-element-df40d28 e-con-full e-flex e-con e-child\" data-id=\"df40d28\" data-element_type=\"container\" data-e-type=\"container\">\n\t\t<div class=\"elementor-element elementor-element-fd9945e e-con-full e-flex e-con e-child\" data-id=\"fd9945e\" data-element_type=\"container\" data-e-type=\"container\">\n\t\t\t\t<div class=\"elementor-element elementor-element-7d7d1b8 elementor-widget elementor-widget-breadcrumbs\" data-id=\"7d7d1b8\" data-element_type=\"widget\" data-e-type=\"widget\" data-widget_type=\"breadcrumbs.default\">\n\t\t\t\t<div class=\"elementor-widget-container\">\n\t\t\t\t\t<p id=\"breadcrumbs\"><span><span><a href=\"https:\/\/www.hahne-spedition.de\/es\/\">P\u00e1gina principal<\/a><\/span><\/span><\/p>\t\t\t\t<\/div>\n\t\t\t\t<\/div>\n\t\t\t\t<div class=\"elementor-element elementor-element-fa0dde1 elementor-widget elementor-widget-heading\" data-id=\"fa0dde1\" data-element_type=\"widget\" data-e-type=\"widget\" data-widget_type=\"heading.default\">\n\t\t\t\t<div class=\"elementor-widget-container\">\n\t\t\t\t\t<h1 class=\"elementor-heading-title elementor-size-default\">Veh\u00edculos con lona<\/h1>\t\t\t\t<\/div>\n\t\t\t\t<\/div>\n\t\t\t\t<\/div>\n\t\t\t\t<div class=\"elementor-element elementor-element-0dc27da elementor-widget elementor-widget-text-editor\" data-id=\"0dc27da\" data-element_type=\"widget\" data-e-type=\"widget\" data-widget_type=\"text-editor.default\">\n\t\t\t\t<div class=\"elementor-widget-container\">\n\t\t\t\t\t\t\t\t\t<ul><li>Tautliner, tambi\u00e9n con fosa para bobinas<\/li><li>Trenes de remolque con plataforma elevadora<\/li><li>Semirremolque mega para automoci\u00f3n<\/li><li>Trenes jumbo WB<\/li><li>Veh\u00edculos para bebidas<\/li><li>Veh\u00edculos para carga general<\/li><\/ul><p> <\/p><p>Bajo petici\u00f3n, todos los veh\u00edculos est\u00e1n disponibles con equipamiento ADR.<\/p><p>Autorizaci\u00f3n para el transporte de residuos en toda Europa.<\/p>\t\t\t\t\t\t\t\t<\/div>\n\t\t\t\t<\/div>\n\t\t\t\t<\/div>\n\t\t<div class=\"elementor-element elementor-element-ec41681 e-con-full e-flex e-con e-child\" data-id=\"ec41681\" data-element_type=\"container\" data-e-type=\"container\">\n\t\t\t\t<div class=\"elementor-element elementor-element-4ebca6a elementor-arrows-position-inside elementor-widget elementor-widget-image-carousel\" data-id=\"4ebca6a\" data-element_type=\"widget\" data-e-type=\"widget\" data-settings=\"{&quot;slides_to_show&quot;:&quot;1&quot;,&quot;navigation&quot;:&quot;arrows&quot;,&quot;autoplay&quot;:&quot;yes&quot;,&quot;pause_on_hover&quot;:&quot;yes&quot;,&quot;pause_on_interaction&quot;:&quot;yes&quot;,&quot;autoplay_speed&quot;:5000,&quot;infinite&quot;:&quot;yes&quot;,&quot;effect&quot;:&quot;slide&quot;,&quot;speed&quot;:500}\" data-widget_type=\"image-carousel.default\">\n\t\t\t\t<div class=\"elementor-widget-container\">\n\t\t\t\t\t\t\t<div class=\"elementor-image-carousel-wrapper swiper\" role=\"region\" aria-roledescription=\"carousel\" aria-label=\"Bild Karussell\" dir=\"ltr\">\n\t\t\t<div class=\"elementor-image-carousel swiper-wrapper\" aria-live=\"off\">\n\t\t\t\t\t\t\t\t<div class=\"swiper-slide\" role=\"group\" aria-roledescription=\"slide\" aria-label=\"1 de 1\"><figure class=\"swiper-slide-inner\"><img decoding=\"async\" class=\"swiper-slide-image\" src=\"https:\/\/www.hahne-spedition.de\/wp-content\/uploads\/2025\/01\/5f316dcf-e523-44f7-b731-076546a1f6ab-768x576.jpg\" alt=\"5f316dcf-e523-44f7-b731-076546a1f6ab\" \/><\/figure><\/div>\t\t\t<\/div>\n\t\t\t\t\t<\/div>\n\t\t\t\t\t\t<\/div>\n\t\t\t\t<\/div>\n\t\t\t\t<\/div>\n\t\t\t\t\t<\/div>\n\t\t\t\t<\/div>\n\t\t\t\t<\/div>\n\t\t","protected":false},"excerpt":{"rendered":"<p>Tautliner, tambi\u00e9n con fosa para bobinas Trenes de remolque con plataforma elevadora Semirremolque mega para automoci\u00f3n Trenes jumbo WB Veh\u00edculos para bebidas Veh\u00edculos para carga general Bajo petici\u00f3n, todos los veh\u00edculos est\u00e1n disponibles con equipamiento ADR. Autorizaci\u00f3n para el transporte de residuos en toda Europa.<\/p>\n","protected":false},"author":1,"featured_media":0,"parent":4248,"menu_order":0,"comment_status":"closed","ping_status":"closed","template":"","meta":{"footnotes":""},"class_list":["post-4199","page","type-page","status-publish","hentry"],"yoast_head":"<!-- This site is optimized with the Yoast SEO plugin v27.4 - https:\/\/yoast.com\/product\/yoast-seo-wordpress\/ -->\n<title>Veh\u00edculos con lona - Spedition Hahne<\/title>\n<meta name=\"robots\" content=\"index, follow, max-snippet:-1, max-image-preview:large, max-video-preview:-1\" \/>\n<link rel=\"canonical\" href=\"https:\/\/www.hahne-spedition.de\/es\/flota-de-vehiculos\/vehiculos-con-lona\/\" \/>\n<meta property=\"og:locale\" content=\"es_ES\" \/>\n<meta property=\"og:type\" content=\"article\" \/>\n<meta property=\"og:title\" content=\"Veh\u00edculos con lona - Spedition Hahne\" \/>\n<meta property=\"og:description\" content=\"Tautliner, tambi\u00e9n con fosa para bobinas Trenes de remolque con plataforma elevadora Semirremolque mega para automoci\u00f3n Trenes jumbo WB Veh\u00edculos para bebidas Veh\u00edculos para carga general Bajo petici\u00f3n, todos los veh\u00edculos est\u00e1n disponibles con equipamiento ADR. Autorizaci\u00f3n para el transporte de residuos en toda Europa.\" \/>\n<meta property=\"og:url\" content=\"https:\/\/www.hahne-spedition.de\/es\/flota-de-vehiculos\/vehiculos-con-lona\/\" \/>\n<meta property=\"og:site_name\" content=\"Spedition Hahne\" \/>\n<meta property=\"article:modified_time\" content=\"2025-05-14T11:35:24+00:00\" \/>\n<meta property=\"og:image\" content=\"https:\/\/www.hahne-spedition.de\/wp-content\/uploads\/2025\/01\/5f316dcf-e523-44f7-b731-076546a1f6ab-768x576.jpg\" \/>\n<meta name=\"twitter:card\" content=\"summary_large_image\" \/>\n<script type=\"application\/ld+json\" class=\"yoast-schema-graph\">{\"@context\":\"https:\\\/\\\/schema.org\",\"@graph\":[{\"@type\":\"WebPage\",\"@id\":\"https:\\\/\\\/www.hahne-spedition.de\\\/es\\\/flota-de-vehiculos\\\/vehiculos-con-lona\\\/\",\"url\":\"https:\\\/\\\/www.hahne-spedition.de\\\/es\\\/flota-de-vehiculos\\\/vehiculos-con-lona\\\/\",\"name\":\"Veh\u00edculos con lona - Spedition Hahne\",\"isPartOf\":{\"@id\":\"https:\\\/\\\/www.hahne-spedition.de\\\/es\\\/#website\"},\"primaryImageOfPage\":{\"@id\":\"https:\\\/\\\/www.hahne-spedition.de\\\/es\\\/flota-de-vehiculos\\\/vehiculos-con-lona\\\/#primaryimage\"},\"image\":{\"@id\":\"https:\\\/\\\/www.hahne-spedition.de\\\/es\\\/flota-de-vehiculos\\\/vehiculos-con-lona\\\/#primaryimage\"},\"thumbnailUrl\":\"https:\\\/\\\/www.hahne-spedition.de\\\/wp-content\\\/uploads\\\/2025\\\/01\\\/5f316dcf-e523-44f7-b731-076546a1f6ab-768x576.jpg\",\"datePublished\":\"2025-01-06T13:11:47+00:00\",\"dateModified\":\"2025-05-14T11:35:24+00:00\",\"breadcrumb\":{\"@id\":\"https:\\\/\\\/www.hahne-spedition.de\\\/es\\\/flota-de-vehiculos\\\/vehiculos-con-lona\\\/#breadcrumb\"},\"inLanguage\":\"es\",\"potentialAction\":[{\"@type\":\"ReadAction\",\"target\":[\"https:\\\/\\\/www.hahne-spedition.de\\\/es\\\/flota-de-vehiculos\\\/vehiculos-con-lona\\\/\"]}]},{\"@type\":\"ImageObject\",\"inLanguage\":\"es\",\"@id\":\"https:\\\/\\\/www.hahne-spedition.de\\\/es\\\/flota-de-vehiculos\\\/vehiculos-con-lona\\\/#primaryimage\",\"url\":\"https:\\\/\\\/www.hahne-spedition.de\\\/wp-content\\\/uploads\\\/2025\\\/01\\\/5f316dcf-e523-44f7-b731-076546a1f6ab-768x576.jpg\",\"contentUrl\":\"https:\\\/\\\/www.hahne-spedition.de\\\/wp-content\\\/uploads\\\/2025\\\/01\\\/5f316dcf-e523-44f7-b731-076546a1f6ab-768x576.jpg\"},{\"@type\":\"BreadcrumbList\",\"@id\":\"https:\\\/\\\/www.hahne-spedition.de\\\/es\\\/flota-de-vehiculos\\\/vehiculos-con-lona\\\/#breadcrumb\",\"itemListElement\":[{\"@type\":\"ListItem\",\"position\":1,\"name\":\"P\u00e1gina principal\",\"item\":\"https:\\\/\\\/www.hahne-spedition.de\\\/es\\\/\"},{\"@type\":\"ListItem\",\"position\":2,\"name\":\"Flota de veh\u00edculos\",\"item\":\"https:\\\/\\\/www.hahne-spedition.de\\\/es\\\/fuhrpark\\\/\"},{\"@type\":\"ListItem\",\"position\":3,\"name\":\"Veh\u00edculos con lona\"}]},{\"@type\":\"WebSite\",\"@id\":\"https:\\\/\\\/www.hahne-spedition.de\\\/es\\\/#website\",\"url\":\"https:\\\/\\\/www.hahne-spedition.de\\\/es\\\/\",\"name\":\"Spedition Hahne\",\"description\":\"Immer in Bewegung\",\"publisher\":{\"@id\":\"https:\\\/\\\/www.hahne-spedition.de\\\/es\\\/#organization\"},\"potentialAction\":[{\"@type\":\"SearchAction\",\"target\":{\"@type\":\"EntryPoint\",\"urlTemplate\":\"https:\\\/\\\/www.hahne-spedition.de\\\/es\\\/?s={search_term_string}\"},\"query-input\":{\"@type\":\"PropertyValueSpecification\",\"valueRequired\":true,\"valueName\":\"search_term_string\"}}],\"inLanguage\":\"es\"},{\"@type\":\"Organization\",\"@id\":\"https:\\\/\\\/www.hahne-spedition.de\\\/es\\\/#organization\",\"name\":\"Spedition Hahne\",\"url\":\"https:\\\/\\\/www.hahne-spedition.de\\\/es\\\/\",\"logo\":{\"@type\":\"ImageObject\",\"inLanguage\":\"es\",\"@id\":\"https:\\\/\\\/www.hahne-spedition.de\\\/es\\\/#\\\/schema\\\/logo\\\/image\\\/\",\"url\":\"https:\\\/\\\/www.hahne-spedition.de\\\/wp-content\\\/uploads\\\/2024\\\/11\\\/spedition-hahne-logo.png\",\"contentUrl\":\"https:\\\/\\\/www.hahne-spedition.de\\\/wp-content\\\/uploads\\\/2024\\\/11\\\/spedition-hahne-logo.png\",\"width\":637,\"height\":246,\"caption\":\"Spedition Hahne\"},\"image\":{\"@id\":\"https:\\\/\\\/www.hahne-spedition.de\\\/es\\\/#\\\/schema\\\/logo\\\/image\\\/\"}}]}<\/script>\n<!-- \/ Yoast SEO plugin. -->","yoast_head_json":{"title":"Veh\u00edculos con lona - Spedition Hahne","robots":{"index":"index","follow":"follow","max-snippet":"max-snippet:-1","max-image-preview":"max-image-preview:large","max-video-preview":"max-video-preview:-1"},"canonical":"https:\/\/www.hahne-spedition.de\/es\/flota-de-vehiculos\/vehiculos-con-lona\/","og_locale":"es_ES","og_type":"article","og_title":"Veh\u00edculos con lona - Spedition Hahne","og_description":"Tautliner, tambi\u00e9n con fosa para bobinas Trenes de remolque con plataforma elevadora Semirremolque mega para automoci\u00f3n Trenes jumbo WB Veh\u00edculos para bebidas Veh\u00edculos para carga general Bajo petici\u00f3n, todos los veh\u00edculos est\u00e1n disponibles con equipamiento ADR. Autorizaci\u00f3n para el transporte de residuos en toda Europa.","og_url":"https:\/\/www.hahne-spedition.de\/es\/flota-de-vehiculos\/vehiculos-con-lona\/","og_site_name":"Spedition Hahne","article_modified_time":"2025-05-14T11:35:24+00:00","og_image":[{"url":"https:\/\/www.hahne-spedition.de\/wp-content\/uploads\/2025\/01\/5f316dcf-e523-44f7-b731-076546a1f6ab-768x576.jpg","type":"","width":"","height":""}],"twitter_card":"summary_large_image","schema":{"@context":"https:\/\/schema.org","@graph":[{"@type":"WebPage","@id":"https:\/\/www.hahne-spedition.de\/es\/flota-de-vehiculos\/vehiculos-con-lona\/","url":"https:\/\/www.hahne-spedition.de\/es\/flota-de-vehiculos\/vehiculos-con-lona\/","name":"Veh\u00edculos con lona - Spedition Hahne","isPartOf":{"@id":"https:\/\/www.hahne-spedition.de\/es\/#website"},"primaryImageOfPage":{"@id":"https:\/\/www.hahne-spedition.de\/es\/flota-de-vehiculos\/vehiculos-con-lona\/#primaryimage"},"image":{"@id":"https:\/\/www.hahne-spedition.de\/es\/flota-de-vehiculos\/vehiculos-con-lona\/#primaryimage"},"thumbnailUrl":"https:\/\/www.hahne-spedition.de\/wp-content\/uploads\/2025\/01\/5f316dcf-e523-44f7-b731-076546a1f6ab-768x576.jpg","datePublished":"2025-01-06T13:11:47+00:00","dateModified":"2025-05-14T11:35:24+00:00","breadcrumb":{"@id":"https:\/\/www.hahne-spedition.de\/es\/flota-de-vehiculos\/vehiculos-con-lona\/#breadcrumb"},"inLanguage":"es","potentialAction":[{"@type":"ReadAction","target":["https:\/\/www.hahne-spedition.de\/es\/flota-de-vehiculos\/vehiculos-con-lona\/"]}]},{"@type":"ImageObject","inLanguage":"es","@id":"https:\/\/www.hahne-spedition.de\/es\/flota-de-vehiculos\/vehiculos-con-lona\/#primaryimage","url":"https:\/\/www.hahne-spedition.de\/wp-content\/uploads\/2025\/01\/5f316dcf-e523-44f7-b731-076546a1f6ab-768x576.jpg","contentUrl":"https:\/\/www.hahne-spedition.de\/wp-content\/uploads\/2025\/01\/5f316dcf-e523-44f7-b731-076546a1f6ab-768x576.jpg"},{"@type":"BreadcrumbList","@id":"https:\/\/www.hahne-spedition.de\/es\/flota-de-vehiculos\/vehiculos-con-lona\/#breadcrumb","itemListElement":[{"@type":"ListItem","position":1,"name":"P\u00e1gina principal","item":"https:\/\/www.hahne-spedition.de\/es\/"},{"@type":"ListItem","position":2,"name":"Flota de veh\u00edculos","item":"https:\/\/www.hahne-spedition.de\/es\/fuhrpark\/"},{"@type":"ListItem","position":3,"name":"Veh\u00edculos con lona"}]},{"@type":"WebSite","@id":"https:\/\/www.hahne-spedition.de\/es\/#website","url":"https:\/\/www.hahne-spedition.de\/es\/","name":"Spedition Hahne","description":"Immer in Bewegung","publisher":{"@id":"https:\/\/www.hahne-spedition.de\/es\/#organization"},"potentialAction":[{"@type":"SearchAction","target":{"@type":"EntryPoint","urlTemplate":"https:\/\/www.hahne-spedition.de\/es\/?s={search_term_string}"},"query-input":{"@type":"PropertyValueSpecification","valueRequired":true,"valueName":"search_term_string"}}],"inLanguage":"es"},{"@type":"Organization","@id":"https:\/\/www.hahne-spedition.de\/es\/#organization","name":"Spedition Hahne","url":"https:\/\/www.hahne-spedition.de\/es\/","logo":{"@type":"ImageObject","inLanguage":"es","@id":"https:\/\/www.hahne-spedition.de\/es\/#\/schema\/logo\/image\/","url":"https:\/\/www.hahne-spedition.de\/wp-content\/uploads\/2024\/11\/spedition-hahne-logo.png","contentUrl":"https:\/\/www.hahne-spedition.de\/wp-content\/uploads\/2024\/11\/spedition-hahne-logo.png","width":637,"height":246,"caption":"Spedition Hahne"},"image":{"@id":"https:\/\/www.hahne-spedition.de\/es\/#\/schema\/logo\/image\/"}}]}},"_links":{"self":[{"href":"https:\/\/www.hahne-spedition.de\/es\/wp-json\/wp\/v2\/pages\/4199","targetHints":{"allow":["GET"]}}],"collection":[{"href":"https:\/\/www.hahne-spedition.de\/es\/wp-json\/wp\/v2\/pages"}],"about":[{"href":"https:\/\/www.hahne-spedition.de\/es\/wp-json\/wp\/v2\/types\/page"}],"author":[{"embeddable":true,"href":"https:\/\/www.hahne-spedition.de\/es\/wp-json\/wp\/v2\/users\/1"}],"replies":[{"embeddable":true,"href":"https:\/\/www.hahne-spedition.de\/es\/wp-json\/wp\/v2\/comments?post=4199"}],"version-history":[{"count":1,"href":"https:\/\/www.hahne-spedition.de\/es\/wp-json\/wp\/v2\/pages\/4199\/revisions"}],"predecessor-version":[{"id":4200,"href":"https:\/\/www.hahne-spedition.de\/es\/wp-json\/wp\/v2\/pages\/4199\/revisions\/4200"}],"up":[{"embeddable":true,"href":"https:\/\/www.hahne-spedition.de\/es\/wp-json\/wp\/v2\/pages\/4248"}],"wp:attachment":[{"href":"https:\/\/www.hahne-spedition.de\/es\/wp-json\/wp\/v2\/media?parent=4199"}],"curies":[{"name":"wp","href":"https:\/\/api.w.org\/{rel}","templated":true}]}}