{"id":4044,"date":"2025-01-15T07:43:15","date_gmt":"2025-01-15T06:43:15","guid":{"rendered":"http:\/\/spedition-hahne.webdesignbs.de\/esg-2023\/"},"modified":"2025-05-14T11:46:53","modified_gmt":"2025-05-14T09:46:53","slug":"esg-2023","status":"publish","type":"page","link":"https:\/\/www.hahne-spedition.de\/pl\/certyfikaty\/esg-2023\/","title":{"rendered":"ESG 2023"},"content":{"rendered":"\t\t<div data-elementor-type=\"wp-page\" data-elementor-id=\"4044\" class=\"elementor elementor-4044 elementor-850\" data-elementor-post-type=\"page\">\n\t\t\t\t<div class=\"elementor-element elementor-element-7205dac e-flex e-con-boxed e-con e-parent\" data-id=\"7205dac\" data-element_type=\"container\" data-e-type=\"container\">\n\t\t\t\t\t<div class=\"e-con-inner\">\n\t\t\t\t<div class=\"elementor-element elementor-element-c48f984 elementor-widget elementor-widget-heading\" data-id=\"c48f984\" data-element_type=\"widget\" data-e-type=\"widget\" data-widget_type=\"heading.default\">\n\t\t\t\t<div class=\"elementor-widget-container\">\n\t\t\t\t\t<h1 class=\"elementor-heading-title elementor-size-default\">Zr\u00f3wnowa\u017cony rozw\u00f3j si\u0119 op\u0142aca\n<\/h1>\t\t\t\t<\/div>\n\t\t\t\t<\/div>\n\t\t\t\t<div class=\"elementor-element elementor-element-e5d620d elementor-widget elementor-widget-heading\" data-id=\"e5d620d\" data-element_type=\"widget\" data-e-type=\"widget\" data-widget_type=\"heading.default\">\n\t\t\t\t<div class=\"elementor-widget-container\">\n\t\t\t\t\t<h2 class=\"elementor-heading-title elementor-size-default\">Odpowiedzialny \u0142ad korporacyjny\n<\/h2>\t\t\t\t<\/div>\n\t\t\t\t<\/div>\n\t\t\t\t<div class=\"elementor-element elementor-element-887c26c elementor-widget elementor-widget-text-editor\" data-id=\"887c26c\" data-element_type=\"widget\" data-e-type=\"widget\" data-widget_type=\"text-editor.default\">\n\t\t\t\t<div class=\"elementor-widget-container\">\n\t\t\t\t\t\t\t\t\t<p class=\"bodytext\">Spedition Hahne GmbH zawsze dzia\u0142a zgodnie z obowi\u0105zuj\u0105cymi ramami prawnymi, a tak\u017ce przestrzega zasad etycznych i wymog\u00f3w w\u0142asnych wewn\u0119trznych wytycznych. Firma dok\u0142ada r\u00f3wnie\u017c stara\u0144, aby jej us\u0142ugodawcy i dostawcy przestrzegali odpowiednich standard\u00f3w. Podej\u015bcia tego nie nale\u017cy jednak rozumie\u0107 wy\u0142\u0105cznie w spos\u00f3b ograniczony. Spedition Hahne GmbH uzna\u0142a, \u017ce odpowiedzialne zachowanie korporacyjne obejmuje r\u00f3wnie\u017c tworzenie warto\u015bci w sensie holistycznym i pomoc w budowaniu przysz\u0142o\u015bci wartej \u017cycia. W tym sensie firma chce dawa\u0107 przyk\u0142ad i ustanowi\u0107 kultur\u0119 odpowiedzialno\u015bci w firmie i jej otoczeniu&#8230;.    <\/p><p class=\"bodytext\"><a href=\"https:\/\/www.hahne-spedition.de\/wp-content\/uploads\/2025\/01\/Nachhaltigkeit_zahlt_sich_aus_ESG_Spedition_Hahne_GmbH_Website.pdf\">Kliknij tutaj, aby przeczyta\u0107 artyku\u0142<\/a><\/p>\t\t\t\t\t\t\t\t<\/div>\n\t\t\t\t<\/div>\n\t\t\t\t\t<\/div>\n\t\t\t\t<\/div>\n\t\t\t\t<\/div>\n\t\t","protected":false},"excerpt":{"rendered":"<p>Zr\u00f3wnowa\u017cony rozw\u00f3j si\u0119 op\u0142aca Odpowiedzialny \u0142ad korporacyjny Spedition Hahne GmbH zawsze dzia\u0142a zgodnie z obowi\u0105zuj\u0105cymi ramami prawnymi, a tak\u017ce przestrzega zasad etycznych i wymog\u00f3w w\u0142asnych wewn\u0119trznych wytycznych. Firma dok\u0142ada r\u00f3wnie\u017c stara\u0144, aby jej us\u0142ugodawcy i dostawcy przestrzegali odpowiednich standard\u00f3w. Podej\u015bcia tego nie nale\u017cy jednak rozumie\u0107 wy\u0142\u0105cznie w spos\u00f3b ograniczony. Spedition Hahne GmbH uzna\u0142a, \u017ce odpowiedzialne [&hellip;]<\/p>\n","protected":false},"author":1,"featured_media":0,"parent":4056,"menu_order":0,"comment_status":"closed","ping_status":"closed","template":"","meta":{"footnotes":""},"class_list":["post-4044","page","type-page","status-publish","hentry"],"yoast_head":"<!-- This site is optimized with the Yoast SEO plugin v27.4 - https:\/\/yoast.com\/product\/yoast-seo-wordpress\/ -->\n<title>ESG 2023 - Spedition Hahne<\/title>\n<meta name=\"robots\" content=\"index, follow, max-snippet:-1, max-image-preview:large, max-video-preview:-1\" \/>\n<link rel=\"canonical\" href=\"https:\/\/www.hahne-spedition.de\/pl\/certyfikaty\/esg-2023\/\" \/>\n<meta property=\"og:locale\" content=\"pl_PL\" \/>\n<meta property=\"og:type\" content=\"article\" \/>\n<meta property=\"og:title\" content=\"ESG 2023 - Spedition Hahne\" \/>\n<meta property=\"og:description\" content=\"Zr\u00f3wnowa\u017cony rozw\u00f3j si\u0119 op\u0142aca Odpowiedzialny \u0142ad korporacyjny Spedition Hahne GmbH zawsze dzia\u0142a zgodnie z obowi\u0105zuj\u0105cymi ramami prawnymi, a tak\u017ce przestrzega zasad etycznych i wymog\u00f3w w\u0142asnych wewn\u0119trznych wytycznych. Firma dok\u0142ada r\u00f3wnie\u017c stara\u0144, aby jej us\u0142ugodawcy i dostawcy przestrzegali odpowiednich standard\u00f3w. Podej\u015bcia tego nie nale\u017cy jednak rozumie\u0107 wy\u0142\u0105cznie w spos\u00f3b ograniczony. Spedition Hahne GmbH uzna\u0142a, \u017ce odpowiedzialne [&hellip;]\" \/>\n<meta property=\"og:url\" content=\"https:\/\/www.hahne-spedition.de\/pl\/certyfikaty\/esg-2023\/\" \/>\n<meta property=\"og:site_name\" content=\"Spedition Hahne\" \/>\n<meta property=\"article:modified_time\" content=\"2025-05-14T09:46:53+00:00\" \/>\n<meta name=\"twitter:card\" content=\"summary_large_image\" \/>\n<meta name=\"twitter:label1\" content=\"Szacowany czas czytania\" \/>\n\t<meta name=\"twitter:data1\" content=\"1 minuta\" \/>\n<script type=\"application\/ld+json\" class=\"yoast-schema-graph\">{\"@context\":\"https:\\\/\\\/schema.org\",\"@graph\":[{\"@type\":\"WebPage\",\"@id\":\"https:\\\/\\\/www.hahne-spedition.de\\\/pl\\\/certyfikaty\\\/esg-2023\\\/\",\"url\":\"https:\\\/\\\/www.hahne-spedition.de\\\/pl\\\/certyfikaty\\\/esg-2023\\\/\",\"name\":\"ESG 2023 - Spedition Hahne\",\"isPartOf\":{\"@id\":\"https:\\\/\\\/www.hahne-spedition.de\\\/pl\\\/#website\"},\"datePublished\":\"2025-01-15T06:43:15+00:00\",\"dateModified\":\"2025-05-14T09:46:53+00:00\",\"breadcrumb\":{\"@id\":\"https:\\\/\\\/www.hahne-spedition.de\\\/pl\\\/certyfikaty\\\/esg-2023\\\/#breadcrumb\"},\"inLanguage\":\"pl-PL\",\"potentialAction\":[{\"@type\":\"ReadAction\",\"target\":[\"https:\\\/\\\/www.hahne-spedition.de\\\/pl\\\/certyfikaty\\\/esg-2023\\\/\"]}]},{\"@type\":\"BreadcrumbList\",\"@id\":\"https:\\\/\\\/www.hahne-spedition.de\\\/pl\\\/certyfikaty\\\/esg-2023\\\/#breadcrumb\",\"itemListElement\":[{\"@type\":\"ListItem\",\"position\":1,\"name\":\"Startseite\",\"item\":\"https:\\\/\\\/www.hahne-spedition.de\\\/pl\\\/\"},{\"@type\":\"ListItem\",\"position\":2,\"name\":\"Certyfikaty\",\"item\":\"https:\\\/\\\/www.hahne-spedition.de\\\/pl\\\/certyfikaty\\\/\"},{\"@type\":\"ListItem\",\"position\":3,\"name\":\"ESG 2023\"}]},{\"@type\":\"WebSite\",\"@id\":\"https:\\\/\\\/www.hahne-spedition.de\\\/pl\\\/#website\",\"url\":\"https:\\\/\\\/www.hahne-spedition.de\\\/pl\\\/\",\"name\":\"Spedition Hahne\",\"description\":\"Immer in Bewegung\",\"publisher\":{\"@id\":\"https:\\\/\\\/www.hahne-spedition.de\\\/pl\\\/#organization\"},\"potentialAction\":[{\"@type\":\"SearchAction\",\"target\":{\"@type\":\"EntryPoint\",\"urlTemplate\":\"https:\\\/\\\/www.hahne-spedition.de\\\/pl\\\/?s={search_term_string}\"},\"query-input\":{\"@type\":\"PropertyValueSpecification\",\"valueRequired\":true,\"valueName\":\"search_term_string\"}}],\"inLanguage\":\"pl-PL\"},{\"@type\":\"Organization\",\"@id\":\"https:\\\/\\\/www.hahne-spedition.de\\\/pl\\\/#organization\",\"name\":\"Spedition Hahne\",\"url\":\"https:\\\/\\\/www.hahne-spedition.de\\\/pl\\\/\",\"logo\":{\"@type\":\"ImageObject\",\"inLanguage\":\"pl-PL\",\"@id\":\"https:\\\/\\\/www.hahne-spedition.de\\\/pl\\\/#\\\/schema\\\/logo\\\/image\\\/\",\"url\":\"https:\\\/\\\/www.hahne-spedition.de\\\/wp-content\\\/uploads\\\/2024\\\/11\\\/spedition-hahne-logo.png\",\"contentUrl\":\"https:\\\/\\\/www.hahne-spedition.de\\\/wp-content\\\/uploads\\\/2024\\\/11\\\/spedition-hahne-logo.png\",\"width\":637,\"height\":246,\"caption\":\"Spedition Hahne\"},\"image\":{\"@id\":\"https:\\\/\\\/www.hahne-spedition.de\\\/pl\\\/#\\\/schema\\\/logo\\\/image\\\/\"}}]}<\/script>\n<!-- \/ Yoast SEO plugin. -->","yoast_head_json":{"title":"ESG 2023 - Spedition Hahne","robots":{"index":"index","follow":"follow","max-snippet":"max-snippet:-1","max-image-preview":"max-image-preview:large","max-video-preview":"max-video-preview:-1"},"canonical":"https:\/\/www.hahne-spedition.de\/pl\/certyfikaty\/esg-2023\/","og_locale":"pl_PL","og_type":"article","og_title":"ESG 2023 - Spedition Hahne","og_description":"Zr\u00f3wnowa\u017cony rozw\u00f3j si\u0119 op\u0142aca Odpowiedzialny \u0142ad korporacyjny Spedition Hahne GmbH zawsze dzia\u0142a zgodnie z obowi\u0105zuj\u0105cymi ramami prawnymi, a tak\u017ce przestrzega zasad etycznych i wymog\u00f3w w\u0142asnych wewn\u0119trznych wytycznych. Firma dok\u0142ada r\u00f3wnie\u017c stara\u0144, aby jej us\u0142ugodawcy i dostawcy przestrzegali odpowiednich standard\u00f3w. Podej\u015bcia tego nie nale\u017cy jednak rozumie\u0107 wy\u0142\u0105cznie w spos\u00f3b ograniczony. Spedition Hahne GmbH uzna\u0142a, \u017ce odpowiedzialne [&hellip;]","og_url":"https:\/\/www.hahne-spedition.de\/pl\/certyfikaty\/esg-2023\/","og_site_name":"Spedition Hahne","article_modified_time":"2025-05-14T09:46:53+00:00","twitter_card":"summary_large_image","twitter_misc":{"Szacowany czas czytania":"1 minuta"},"schema":{"@context":"https:\/\/schema.org","@graph":[{"@type":"WebPage","@id":"https:\/\/www.hahne-spedition.de\/pl\/certyfikaty\/esg-2023\/","url":"https:\/\/www.hahne-spedition.de\/pl\/certyfikaty\/esg-2023\/","name":"ESG 2023 - Spedition Hahne","isPartOf":{"@id":"https:\/\/www.hahne-spedition.de\/pl\/#website"},"datePublished":"2025-01-15T06:43:15+00:00","dateModified":"2025-05-14T09:46:53+00:00","breadcrumb":{"@id":"https:\/\/www.hahne-spedition.de\/pl\/certyfikaty\/esg-2023\/#breadcrumb"},"inLanguage":"pl-PL","potentialAction":[{"@type":"ReadAction","target":["https:\/\/www.hahne-spedition.de\/pl\/certyfikaty\/esg-2023\/"]}]},{"@type":"BreadcrumbList","@id":"https:\/\/www.hahne-spedition.de\/pl\/certyfikaty\/esg-2023\/#breadcrumb","itemListElement":[{"@type":"ListItem","position":1,"name":"Startseite","item":"https:\/\/www.hahne-spedition.de\/pl\/"},{"@type":"ListItem","position":2,"name":"Certyfikaty","item":"https:\/\/www.hahne-spedition.de\/pl\/certyfikaty\/"},{"@type":"ListItem","position":3,"name":"ESG 2023"}]},{"@type":"WebSite","@id":"https:\/\/www.hahne-spedition.de\/pl\/#website","url":"https:\/\/www.hahne-spedition.de\/pl\/","name":"Spedition Hahne","description":"Immer in Bewegung","publisher":{"@id":"https:\/\/www.hahne-spedition.de\/pl\/#organization"},"potentialAction":[{"@type":"SearchAction","target":{"@type":"EntryPoint","urlTemplate":"https:\/\/www.hahne-spedition.de\/pl\/?s={search_term_string}"},"query-input":{"@type":"PropertyValueSpecification","valueRequired":true,"valueName":"search_term_string"}}],"inLanguage":"pl-PL"},{"@type":"Organization","@id":"https:\/\/www.hahne-spedition.de\/pl\/#organization","name":"Spedition Hahne","url":"https:\/\/www.hahne-spedition.de\/pl\/","logo":{"@type":"ImageObject","inLanguage":"pl-PL","@id":"https:\/\/www.hahne-spedition.de\/pl\/#\/schema\/logo\/image\/","url":"https:\/\/www.hahne-spedition.de\/wp-content\/uploads\/2024\/11\/spedition-hahne-logo.png","contentUrl":"https:\/\/www.hahne-spedition.de\/wp-content\/uploads\/2024\/11\/spedition-hahne-logo.png","width":637,"height":246,"caption":"Spedition Hahne"},"image":{"@id":"https:\/\/www.hahne-spedition.de\/pl\/#\/schema\/logo\/image\/"}}]}},"_links":{"self":[{"href":"https:\/\/www.hahne-spedition.de\/pl\/wp-json\/wp\/v2\/pages\/4044","targetHints":{"allow":["GET"]}}],"collection":[{"href":"https:\/\/www.hahne-spedition.de\/pl\/wp-json\/wp\/v2\/pages"}],"about":[{"href":"https:\/\/www.hahne-spedition.de\/pl\/wp-json\/wp\/v2\/types\/page"}],"author":[{"embeddable":true,"href":"https:\/\/www.hahne-spedition.de\/pl\/wp-json\/wp\/v2\/users\/1"}],"replies":[{"embeddable":true,"href":"https:\/\/www.hahne-spedition.de\/pl\/wp-json\/wp\/v2\/comments?post=4044"}],"version-history":[{"count":1,"href":"https:\/\/www.hahne-spedition.de\/pl\/wp-json\/wp\/v2\/pages\/4044\/revisions"}],"predecessor-version":[{"id":4045,"href":"https:\/\/www.hahne-spedition.de\/pl\/wp-json\/wp\/v2\/pages\/4044\/revisions\/4045"}],"up":[{"embeddable":true,"href":"https:\/\/www.hahne-spedition.de\/pl\/wp-json\/wp\/v2\/pages\/4056"}],"wp:attachment":[{"href":"https:\/\/www.hahne-spedition.de\/pl\/wp-json\/wp\/v2\/media?parent=4044"}],"curies":[{"name":"wp","href":"https:\/\/api.w.org\/{rel}","templated":true}]}}