{"id":4058,"date":"2025-01-09T09:53:14","date_gmt":"2025-01-09T08:53:14","guid":{"rendered":"http:\/\/spedition-hahne.webdesignbs.de\/podejscie\/"},"modified":"2025-05-14T11:50:07","modified_gmt":"2025-05-14T09:50:07","slug":"podejscie","status":"publish","type":"page","link":"https:\/\/www.hahne-spedition.de\/pl\/podejscie\/","title":{"rendered":"Podej\u015bcie"},"content":{"rendered":"\t\t<div data-elementor-type=\"wp-page\" data-elementor-id=\"4058\" class=\"elementor elementor-4058 elementor-713\" data-elementor-post-type=\"page\">\n\t\t\t\t<div class=\"elementor-element elementor-element-797a1c1 e-flex e-con-boxed e-con e-parent\" data-id=\"797a1c1\" data-element_type=\"container\" data-e-type=\"container\" data-settings=\"{&quot;background_background&quot;:&quot;classic&quot;}\">\n\t\t\t\t\t<div class=\"e-con-inner\">\n\t\t\t\t<div class=\"elementor-element elementor-element-8180d4a elementor-align-center elementor-widget elementor-widget-breadcrumbs\" data-id=\"8180d4a\" data-element_type=\"widget\" data-e-type=\"widget\" data-widget_type=\"breadcrumbs.default\">\n\t\t\t\t<div class=\"elementor-widget-container\">\n\t\t\t\t\t<p id=\"breadcrumbs\"><span><span><a href=\"https:\/\/www.hahne-spedition.de\/pl\/\">Startseite<\/a><\/span><\/span><\/p>\t\t\t\t<\/div>\n\t\t\t\t<\/div>\n\t\t\t\t\t<\/div>\n\t\t\t\t<\/div>\n\t\t<div class=\"elementor-element elementor-element-e77c772 e-flex e-con-boxed e-con e-parent\" data-id=\"e77c772\" data-element_type=\"container\" data-e-type=\"container\">\n\t\t\t\t\t<div class=\"e-con-inner\">\n\t\t\t\t<div class=\"elementor-element elementor-element-abc55bc elementor-widget elementor-widget-heading\" data-id=\"abc55bc\" data-element_type=\"widget\" data-e-type=\"widget\" data-widget_type=\"heading.default\">\n\t\t\t\t<div class=\"elementor-widget-container\">\n\t\t\t\t\t<h1 class=\"elementor-heading-title elementor-size-default\">Mo\u017cna nas znale\u017a\u0107 tutaj<\/h1>\t\t\t\t<\/div>\n\t\t\t\t<\/div>\n\t\t\t\t<div class=\"elementor-element elementor-element-d2b7c11 elementor-widget-divider--view-line elementor-widget elementor-widget-divider\" data-id=\"d2b7c11\" data-element_type=\"widget\" data-e-type=\"widget\" data-widget_type=\"divider.default\">\n\t\t\t\t<div class=\"elementor-widget-container\">\n\t\t\t\t\t\t\t<div class=\"elementor-divider\">\n\t\t\t<span class=\"elementor-divider-separator\">\n\t\t\t\t\t\t<\/span>\n\t\t<\/div>\n\t\t\t\t\t\t<\/div>\n\t\t\t\t<\/div>\n\t\t\t\t<div class=\"elementor-element elementor-element-f413439 elementor-widget elementor-widget-text-editor\" data-id=\"f413439\" data-element_type=\"widget\" data-e-type=\"widget\" data-widget_type=\"text-editor.default\">\n\t\t\t\t<div class=\"elementor-widget-container\">\n\t\t\t\t\t\t\t\t\t<p><strong>Oto wskaz\u00f3wki dojazdu do Spedition Hahne GmbH, Am G\u00fcterbahnhof 10-12, 38690 Goslar, z autostrad A36, A7 i A9:<\/strong><\/p><p><strong>Z autostrady A36:<\/strong><\/p><ol><li>A36 w kierunku zachodnim: Jed\u017a autostrad\u0105 A36 do zjazdu 67-Goslar.<\/li><li>Zjazd 67-Goslar: Zjed\u017a zjazdem 67-Goslar i pod\u0105\u017caj drog\u0105 B82 w kierunku Goslar.<\/li><li>B82: Jed\u017a drog\u0105 B82 a\u017c do zjazdu w kierunku Goslar-Zentrum.<\/li><li>Am G\u00fcterbahnhof: Skr\u0119\u0107 w prawo w ulic\u0119 &#8222;Am G\u00fcterbahnhof&#8221;. Firma Spedition Hahne GmbH znajduje si\u0119 po prawej stronie. <\/li><\/ol><p><strong>Z A7:<\/strong><\/p><ol><li>Autostrad\u0105 A7 w kierunku p\u00f3\u0142nocnym: Jed\u017a autostrad\u0105 A7 do zjazdu 66-Seesen.<\/li><li>Zjazd 66-Seesen: Zjazd 66-Seesen i pod\u0105\u017caj drog\u0105 B243 w kierunku Goslar.<\/li><li>B243: Jed\u017a drog\u0105 B243 a\u017c do zjazdu w kierunku Goslar-Zentrum.<\/li><li>Am G\u00fcterbahnhof: Skr\u0119\u0107 w prawo w ulic\u0119 &#8222;Am G\u00fcterbahnhof&#8221;. Firma Spedition Hahne GmbH znajduje si\u0119 po prawej stronie. <\/li><\/ol><p><strong>Z autostrady A9:<\/strong><\/p><ol><li>Autostrada A9 w kierunku p\u00f3\u0142nocnym: Pod\u0105\u017caj autostrad\u0105 A9 do w\u0119z\u0142a autostradowego Poczdam.<\/li><li>Skrzy\u017cowanie autostrad w Poczdamie: wjazd na autostrad\u0119 A10 w kierunku Hanoweru\/Magdeburga.<\/li><li>A10: Jed\u017a autostrad\u0105 A10 a\u017c do w\u0119z\u0142a autostradowego Magdeburg.<\/li><li>W\u0119ze\u0142 autostradowy Magdeburg: zmiana na A14 w kierunku Hanoweru.<\/li><li>Autostrada A14: Jed\u017a autostrad\u0105 A14 do zjazdu 5-Bernburg.<\/li><li>Zjazd 5-Bernburg: Zjed\u017a zjazdem 5-Bernburg i pod\u0105\u017caj drog\u0105 B6 w kierunku Goslar.<\/li><li>B6: Jed\u017a drog\u0105 B6 a\u017c do zjazdu w kierunku Goslar-Zentrum.<\/li><li>Am G\u00fcterbahnhof: Skr\u0119\u0107 w prawo w ulic\u0119 &#8222;Am G\u00fcterbahnhof&#8221;. Firma Spedition Hahne GmbH znajduje si\u0119 po prawej stronie. <\/li><\/ol><p><strong>Na miejscu dost\u0119pny jest parking.<\/strong><\/p><p>Udanej podr\u00f3\u017cy!<\/p>\t\t\t\t\t\t\t\t<\/div>\n\t\t\t\t<\/div>\n\t\t\t\t<div class=\"elementor-element elementor-element-f02bb9a elementor-icon-list--layout-traditional elementor-list-item-link-full_width elementor-widget elementor-widget-icon-list\" data-id=\"f02bb9a\" data-element_type=\"widget\" data-e-type=\"widget\" data-widget_type=\"icon-list.default\">\n\t\t\t\t<div class=\"elementor-widget-container\">\n\t\t\t\t\t\t\t<ul class=\"elementor-icon-list-items\">\n\t\t\t\t\t\t\t<li class=\"elementor-icon-list-item\">\n\t\t\t\t\t\t\t\t\t\t\t<a href=\"https:\/\/maps.app.goo.gl\/TNroon8E2gUhb3Qf9\" target=\"_blank\">\n\n\t\t\t\t\t\t\t\t\t\t\t\t<span class=\"elementor-icon-list-icon\">\n\t\t\t\t\t\t\t<svg aria-hidden=\"true\" class=\"e-font-icon-svg e-fas-route\" viewBox=\"0 0 512 512\" xmlns=\"http:\/\/www.w3.org\/2000\/svg\"><path d=\"M416 320h-96c-17.6 0-32-14.4-32-32s14.4-32 32-32h96s96-107 96-160-43-96-96-96-96 43-96 96c0 25.5 22.2 63.4 45.3 96H320c-52.9 0-96 43.1-96 96s43.1 96 96 96h96c17.6 0 32 14.4 32 32s-14.4 32-32 32H185.5c-16 24.8-33.8 47.7-47.3 64H416c52.9 0 96-43.1 96-96s-43.1-96-96-96zm0-256c17.7 0 32 14.3 32 32s-14.3 32-32 32-32-14.3-32-32 14.3-32 32-32zM96 256c-53 0-96 43-96 96s96 160 96 160 96-107 96-160-43-96-96-96zm0 128c-17.7 0-32-14.3-32-32s14.3-32 32-32 32 14.3 32 32-14.3 32-32 32z\"><\/path><\/svg>\t\t\t\t\t\t<\/span>\n\t\t\t\t\t\t\t\t\t\t<span class=\"elementor-icon-list-text\">Spedition Hahne GmbH, Goslar \/ Vienenburg (Mapy Google)<\/span>\n\t\t\t\t\t\t\t\t\t\t\t<\/a>\n\t\t\t\t\t\t\t\t\t<\/li>\n\t\t\t\t\t\t<\/ul>\n\t\t\t\t\t\t<\/div>\n\t\t\t\t<\/div>\n\t\t\t\t\t<\/div>\n\t\t\t\t<\/div>\n\t\t<div class=\"elementor-element elementor-element-908917f e-con-full e-flex e-con e-parent\" data-id=\"908917f\" data-element_type=\"container\" data-e-type=\"container\">\n\t\t\t\t<div class=\"elementor-element elementor-element-60b1cb9 elementor-widget elementor-widget-google_maps\" data-id=\"60b1cb9\" data-element_type=\"widget\" data-e-type=\"widget\" data-widget_type=\"google_maps.default\">\n\t\t\t\t<div class=\"elementor-widget-container\">\n\t\t\t\t\t\t\t<div class=\"elementor-custom-embed\">\n\t\t\t<iframe loading=\"lazy\"\n\t\t\t\t\tsrc=\"https:\/\/maps.google.com\/maps?q=Spedition%20Hahne%20GmbH%2C%20Am%20G%C3%BCterbahnhof%2010%2C%2038690%20Goslar&#038;t=m&#038;z=11&#038;output=embed&#038;iwloc=near\"\n\t\t\t\t\ttitle=\"Spedition Hahne GmbH, Am G\u00fcterbahnhof 10, 38690 Goslar\"\n\t\t\t\t\taria-label=\"Spedition Hahne GmbH, Am G\u00fcterbahnhof 10, 38690 Goslar\"\n\t\t\t><\/iframe>\n\t\t<\/div>\n\t\t\t\t\t\t<\/div>\n\t\t\t\t<\/div>\n\t\t\t\t<\/div>\n\t\t\t\t<\/div>\n\t\t","protected":false},"excerpt":{"rendered":"<p>Mo\u017cna nas znale\u017a\u0107 tutaj Oto wskaz\u00f3wki dojazdu do Spedition Hahne GmbH, Am G\u00fcterbahnhof 10-12, 38690 Goslar, z autostrad A36, A7 i A9: Z autostrady A36: A36 w kierunku zachodnim: Jed\u017a autostrad\u0105 A36 do zjazdu 67-Goslar. Zjazd 67-Goslar: Zjed\u017a zjazdem 67-Goslar i pod\u0105\u017caj drog\u0105 B82 w kierunku Goslar. B82: Jed\u017a drog\u0105 B82 a\u017c do zjazdu w [&hellip;]<\/p>\n","protected":false},"author":1,"featured_media":0,"parent":0,"menu_order":0,"comment_status":"closed","ping_status":"closed","template":"","meta":{"footnotes":""},"class_list":["post-4058","page","type-page","status-publish","hentry"],"yoast_head":"<!-- This site is optimized with the Yoast SEO plugin v27.4 - https:\/\/yoast.com\/product\/yoast-seo-wordpress\/ -->\n<title>Podej\u015bcie - Spedition Hahne<\/title>\n<meta name=\"robots\" content=\"index, follow, max-snippet:-1, max-image-preview:large, max-video-preview:-1\" \/>\n<link rel=\"canonical\" href=\"https:\/\/www.hahne-spedition.de\/pl\/podejscie\/\" \/>\n<meta property=\"og:locale\" content=\"pl_PL\" \/>\n<meta property=\"og:type\" content=\"article\" \/>\n<meta property=\"og:title\" content=\"Podej\u015bcie - Spedition Hahne\" \/>\n<meta property=\"og:description\" content=\"Mo\u017cna nas znale\u017a\u0107 tutaj Oto wskaz\u00f3wki dojazdu do Spedition Hahne GmbH, Am G\u00fcterbahnhof 10-12, 38690 Goslar, z autostrad A36, A7 i A9: Z autostrady A36: A36 w kierunku zachodnim: Jed\u017a autostrad\u0105 A36 do zjazdu 67-Goslar. Zjazd 67-Goslar: Zjed\u017a zjazdem 67-Goslar i pod\u0105\u017caj drog\u0105 B82 w kierunku Goslar. B82: Jed\u017a drog\u0105 B82 a\u017c do zjazdu w [&hellip;]\" \/>\n<meta property=\"og:url\" content=\"https:\/\/www.hahne-spedition.de\/pl\/podejscie\/\" \/>\n<meta property=\"og:site_name\" content=\"Spedition Hahne\" \/>\n<meta property=\"article:modified_time\" content=\"2025-05-14T09:50:07+00:00\" \/>\n<meta name=\"twitter:card\" content=\"summary_large_image\" \/>\n<meta name=\"twitter:label1\" content=\"Szacowany czas czytania\" \/>\n\t<meta name=\"twitter:data1\" content=\"1 minuta\" \/>\n<script type=\"application\/ld+json\" class=\"yoast-schema-graph\">{\"@context\":\"https:\\\/\\\/schema.org\",\"@graph\":[{\"@type\":\"WebPage\",\"@id\":\"https:\\\/\\\/www.hahne-spedition.de\\\/pl\\\/podejscie\\\/\",\"url\":\"https:\\\/\\\/www.hahne-spedition.de\\\/pl\\\/podejscie\\\/\",\"name\":\"Podej\u015bcie - Spedition Hahne\",\"isPartOf\":{\"@id\":\"https:\\\/\\\/www.hahne-spedition.de\\\/pl\\\/#website\"},\"datePublished\":\"2025-01-09T08:53:14+00:00\",\"dateModified\":\"2025-05-14T09:50:07+00:00\",\"breadcrumb\":{\"@id\":\"https:\\\/\\\/www.hahne-spedition.de\\\/pl\\\/podejscie\\\/#breadcrumb\"},\"inLanguage\":\"pl-PL\",\"potentialAction\":[{\"@type\":\"ReadAction\",\"target\":[\"https:\\\/\\\/www.hahne-spedition.de\\\/pl\\\/podejscie\\\/\"]}]},{\"@type\":\"BreadcrumbList\",\"@id\":\"https:\\\/\\\/www.hahne-spedition.de\\\/pl\\\/podejscie\\\/#breadcrumb\",\"itemListElement\":[{\"@type\":\"ListItem\",\"position\":1,\"name\":\"Startseite\",\"item\":\"https:\\\/\\\/www.hahne-spedition.de\\\/pl\\\/\"},{\"@type\":\"ListItem\",\"position\":2,\"name\":\"Podej\u015bcie\"}]},{\"@type\":\"WebSite\",\"@id\":\"https:\\\/\\\/www.hahne-spedition.de\\\/pl\\\/#website\",\"url\":\"https:\\\/\\\/www.hahne-spedition.de\\\/pl\\\/\",\"name\":\"Spedition Hahne\",\"description\":\"Immer in Bewegung\",\"publisher\":{\"@id\":\"https:\\\/\\\/www.hahne-spedition.de\\\/pl\\\/#organization\"},\"potentialAction\":[{\"@type\":\"SearchAction\",\"target\":{\"@type\":\"EntryPoint\",\"urlTemplate\":\"https:\\\/\\\/www.hahne-spedition.de\\\/pl\\\/?s={search_term_string}\"},\"query-input\":{\"@type\":\"PropertyValueSpecification\",\"valueRequired\":true,\"valueName\":\"search_term_string\"}}],\"inLanguage\":\"pl-PL\"},{\"@type\":\"Organization\",\"@id\":\"https:\\\/\\\/www.hahne-spedition.de\\\/pl\\\/#organization\",\"name\":\"Spedition Hahne\",\"url\":\"https:\\\/\\\/www.hahne-spedition.de\\\/pl\\\/\",\"logo\":{\"@type\":\"ImageObject\",\"inLanguage\":\"pl-PL\",\"@id\":\"https:\\\/\\\/www.hahne-spedition.de\\\/pl\\\/#\\\/schema\\\/logo\\\/image\\\/\",\"url\":\"https:\\\/\\\/www.hahne-spedition.de\\\/wp-content\\\/uploads\\\/2024\\\/11\\\/spedition-hahne-logo.png\",\"contentUrl\":\"https:\\\/\\\/www.hahne-spedition.de\\\/wp-content\\\/uploads\\\/2024\\\/11\\\/spedition-hahne-logo.png\",\"width\":637,\"height\":246,\"caption\":\"Spedition Hahne\"},\"image\":{\"@id\":\"https:\\\/\\\/www.hahne-spedition.de\\\/pl\\\/#\\\/schema\\\/logo\\\/image\\\/\"}}]}<\/script>\n<!-- \/ Yoast SEO plugin. -->","yoast_head_json":{"title":"Podej\u015bcie - Spedition Hahne","robots":{"index":"index","follow":"follow","max-snippet":"max-snippet:-1","max-image-preview":"max-image-preview:large","max-video-preview":"max-video-preview:-1"},"canonical":"https:\/\/www.hahne-spedition.de\/pl\/podejscie\/","og_locale":"pl_PL","og_type":"article","og_title":"Podej\u015bcie - Spedition Hahne","og_description":"Mo\u017cna nas znale\u017a\u0107 tutaj Oto wskaz\u00f3wki dojazdu do Spedition Hahne GmbH, Am G\u00fcterbahnhof 10-12, 38690 Goslar, z autostrad A36, A7 i A9: Z autostrady A36: A36 w kierunku zachodnim: Jed\u017a autostrad\u0105 A36 do zjazdu 67-Goslar. Zjazd 67-Goslar: Zjed\u017a zjazdem 67-Goslar i pod\u0105\u017caj drog\u0105 B82 w kierunku Goslar. B82: Jed\u017a drog\u0105 B82 a\u017c do zjazdu w [&hellip;]","og_url":"https:\/\/www.hahne-spedition.de\/pl\/podejscie\/","og_site_name":"Spedition Hahne","article_modified_time":"2025-05-14T09:50:07+00:00","twitter_card":"summary_large_image","twitter_misc":{"Szacowany czas czytania":"1 minuta"},"schema":{"@context":"https:\/\/schema.org","@graph":[{"@type":"WebPage","@id":"https:\/\/www.hahne-spedition.de\/pl\/podejscie\/","url":"https:\/\/www.hahne-spedition.de\/pl\/podejscie\/","name":"Podej\u015bcie - Spedition Hahne","isPartOf":{"@id":"https:\/\/www.hahne-spedition.de\/pl\/#website"},"datePublished":"2025-01-09T08:53:14+00:00","dateModified":"2025-05-14T09:50:07+00:00","breadcrumb":{"@id":"https:\/\/www.hahne-spedition.de\/pl\/podejscie\/#breadcrumb"},"inLanguage":"pl-PL","potentialAction":[{"@type":"ReadAction","target":["https:\/\/www.hahne-spedition.de\/pl\/podejscie\/"]}]},{"@type":"BreadcrumbList","@id":"https:\/\/www.hahne-spedition.de\/pl\/podejscie\/#breadcrumb","itemListElement":[{"@type":"ListItem","position":1,"name":"Startseite","item":"https:\/\/www.hahne-spedition.de\/pl\/"},{"@type":"ListItem","position":2,"name":"Podej\u015bcie"}]},{"@type":"WebSite","@id":"https:\/\/www.hahne-spedition.de\/pl\/#website","url":"https:\/\/www.hahne-spedition.de\/pl\/","name":"Spedition Hahne","description":"Immer in Bewegung","publisher":{"@id":"https:\/\/www.hahne-spedition.de\/pl\/#organization"},"potentialAction":[{"@type":"SearchAction","target":{"@type":"EntryPoint","urlTemplate":"https:\/\/www.hahne-spedition.de\/pl\/?s={search_term_string}"},"query-input":{"@type":"PropertyValueSpecification","valueRequired":true,"valueName":"search_term_string"}}],"inLanguage":"pl-PL"},{"@type":"Organization","@id":"https:\/\/www.hahne-spedition.de\/pl\/#organization","name":"Spedition Hahne","url":"https:\/\/www.hahne-spedition.de\/pl\/","logo":{"@type":"ImageObject","inLanguage":"pl-PL","@id":"https:\/\/www.hahne-spedition.de\/pl\/#\/schema\/logo\/image\/","url":"https:\/\/www.hahne-spedition.de\/wp-content\/uploads\/2024\/11\/spedition-hahne-logo.png","contentUrl":"https:\/\/www.hahne-spedition.de\/wp-content\/uploads\/2024\/11\/spedition-hahne-logo.png","width":637,"height":246,"caption":"Spedition Hahne"},"image":{"@id":"https:\/\/www.hahne-spedition.de\/pl\/#\/schema\/logo\/image\/"}}]}},"_links":{"self":[{"href":"https:\/\/www.hahne-spedition.de\/pl\/wp-json\/wp\/v2\/pages\/4058","targetHints":{"allow":["GET"]}}],"collection":[{"href":"https:\/\/www.hahne-spedition.de\/pl\/wp-json\/wp\/v2\/pages"}],"about":[{"href":"https:\/\/www.hahne-spedition.de\/pl\/wp-json\/wp\/v2\/types\/page"}],"author":[{"embeddable":true,"href":"https:\/\/www.hahne-spedition.de\/pl\/wp-json\/wp\/v2\/users\/1"}],"replies":[{"embeddable":true,"href":"https:\/\/www.hahne-spedition.de\/pl\/wp-json\/wp\/v2\/comments?post=4058"}],"version-history":[{"count":1,"href":"https:\/\/www.hahne-spedition.de\/pl\/wp-json\/wp\/v2\/pages\/4058\/revisions"}],"predecessor-version":[{"id":4059,"href":"https:\/\/www.hahne-spedition.de\/pl\/wp-json\/wp\/v2\/pages\/4058\/revisions\/4059"}],"wp:attachment":[{"href":"https:\/\/www.hahne-spedition.de\/pl\/wp-json\/wp\/v2\/media?parent=4058"}],"curies":[{"name":"wp","href":"https:\/\/api.w.org\/{rel}","templated":true}]}}