{"id":4066,"date":"2025-01-06T11:30:43","date_gmt":"2025-01-06T10:30:43","guid":{"rendered":"http:\/\/spedition-hahne.webdesignbs.de\/uslugi\/"},"modified":"2025-05-14T12:04:24","modified_gmt":"2025-05-14T10:04:24","slug":"uslugi","status":"publish","type":"page","link":"https:\/\/www.hahne-spedition.de\/pl\/uslugi\/","title":{"rendered":"Us\u0142ugi"},"content":{"rendered":"\t\t<div data-elementor-type=\"wp-page\" data-elementor-id=\"4066\" class=\"elementor elementor-4066 elementor-340\" data-elementor-post-type=\"page\">\n\t\t\t\t<div class=\"elementor-element elementor-element-091a5c3 e-flex e-con-boxed e-con e-parent\" data-id=\"091a5c3\" data-element_type=\"container\" data-e-type=\"container\">\n\t\t\t\t\t<div class=\"e-con-inner\">\n\t\t\t\t<div class=\"elementor-element elementor-element-39cb5b2 elementor-widget elementor-widget-heading\" data-id=\"39cb5b2\" data-element_type=\"widget\" data-e-type=\"widget\" data-widget_type=\"heading.default\">\n\t\t\t\t<div class=\"elementor-widget-container\">\n\t\t\t\t\t<h1 class=\"elementor-heading-title elementor-size-default\">Us\u0142ugi<\/h1>\t\t\t\t<\/div>\n\t\t\t\t<\/div>\n\t\t\t\t<div class=\"elementor-element elementor-element-2b1e3ae elementor-widget-divider--view-line elementor-widget elementor-widget-divider\" data-id=\"2b1e3ae\" data-element_type=\"widget\" data-e-type=\"widget\" data-widget_type=\"divider.default\">\n\t\t\t\t<div class=\"elementor-widget-container\">\n\t\t\t\t\t\t\t<div class=\"elementor-divider\">\n\t\t\t<span class=\"elementor-divider-separator\">\n\t\t\t\t\t\t<\/span>\n\t\t<\/div>\n\t\t\t\t\t\t<\/div>\n\t\t\t\t<\/div>\n\t\t\t\t<div class=\"elementor-element elementor-element-8f667b4 elementor-widget elementor-widget-text-editor\" data-id=\"8f667b4\" data-element_type=\"widget\" data-e-type=\"widget\" data-widget_type=\"text-editor.default\">\n\t\t\t\t<div class=\"elementor-widget-container\">\n\t\t\t\t\t\t\t\t\t<p>Grupa Hahne oferuje kompleksowy zakres us\u0142ug transportowych i logistycznych. Dzi\u0119ki wieloletniemu do\u015bwiadczeniu i najnowocze\u015bniejszej technologii, firma dostarcza spersonalizowane <strong>rozwi\u0105zania spedycyjne<\/strong>. Nasza wszechstronna flota pojazd\u00f3w i kilka oddzia\u0142\u00f3w umo\u017cliwiaj\u0105 nam sprawn\u0105 i niezawodn\u0105 obs\u0142ug\u0119 <strong>transportu na terenie ca\u0142ej Europy<\/strong>. Jako <span style=\"text-decoration: underline;\"><a href=\"https:\/\/www.hahne-spedition.de\/leistungen\/entsorgungsfachbetrieb\/\"><strong>certyfikowana firma zajmuj\u0105ca si\u0119 gospodark\u0105 odpadami<\/strong><\/a><\/span> oferujemy r\u00f3wnie\u017c profesjonalne i kompleksowe rozwi\u0105zania w zakresie przyjaznej dla \u015brodowiska utylizacji odpad\u00f3w.   <\/p><p>Nasz <span style=\"text-decoration: underline;\"><a href=\"https:\/\/www.hahne-spedition.de\/leistungen\/containerdienst\/\"><strong>serwis kontenerowy<\/strong><\/a><\/span> obs\u0142uguje zar\u00f3wno du\u017cych, jak i prywatnych klient\u00f3w i gwarantuje szybkie i niezawodne procesy dzi\u0119ki zaawansowanym systemom planowania.<\/p><p>Zgodnie z wymaganiami klient\u00f3w oferujemy r\u00f3\u017cne zintegrowane <a href=\"https:\/\/www.hahne-spedition.de\/pl\/uslugi\/magazyn-i-administracja\/\"><span style=\"text-decoration: underline;\"><strong>koncepcje logistyczne, w tym magazyny<\/strong><\/span><\/a> i hale logistyczne, a tak\u017ce zewn\u0119trzne powierzchnie magazynowe.<\/p>\t\t\t\t\t\t\t\t<\/div>\n\t\t\t\t<\/div>\n\t\t\t\t\t<\/div>\n\t\t\t\t<\/div>\n\t\t<div class=\"elementor-element elementor-element-a02a362 e-flex e-con-boxed e-con e-parent\" data-id=\"a02a362\" data-element_type=\"container\" data-e-type=\"container\">\n\t\t\t\t\t<div class=\"e-con-inner\">\n\t\t<div class=\"elementor-element elementor-element-3d37388 e-con-full animated-fast e-flex elementor-invisible e-con e-child\" data-id=\"3d37388\" data-element_type=\"container\" data-e-type=\"container\" data-settings=\"{&quot;animation&quot;:&quot;fadeIn&quot;}\">\n\t\t\t\t<div class=\"elementor-element elementor-element-3ef3eeb elementor-widget elementor-widget-text-editor\" data-id=\"3ef3eeb\" data-element_type=\"widget\" data-e-type=\"widget\" data-widget_type=\"text-editor.default\">\n\t\t\t\t<div class=\"elementor-widget-container\">\n\t\t\t\t\t\t\t\t\t<p><strong>Nasze portfolio obejmuje zatem<\/strong><\/p><ul><li>Transport w ca\u0142ej Europie<ul><li>Nadwozia wymienne Jumbo<\/li><li>Planowane transporty \/ Mega<\/li><li>Transport wywrotk\u0105<\/li><li>Transporty silosowe<\/li><li>Transporty ADR<\/li><li>Pojazdy specjalne<\/li><li>Transport ro\u015blin<\/li><\/ul><\/li><li>Og\u00f3lnoeuropejskie licencje na transport odpad\u00f3w<\/li><li>Certyfikowana firma zajmuj\u0105ca si\u0119 gospodark\u0105 odpadami<\/li><\/ul>\t\t\t\t\t\t\t\t<\/div>\n\t\t\t\t<\/div>\n\t\t<div class=\"elementor-element elementor-element-f527cee e-con-full e-flex e-con e-child\" data-id=\"f527cee\" data-element_type=\"container\" data-e-type=\"container\">\n\t\t\t\t<div class=\"elementor-element elementor-element-3977753 elementor-widget-divider--view-line elementor-widget elementor-widget-divider\" data-id=\"3977753\" data-element_type=\"widget\" data-e-type=\"widget\" data-widget_type=\"divider.default\">\n\t\t\t\t<div class=\"elementor-widget-container\">\n\t\t\t\t\t\t\t<div class=\"elementor-divider\">\n\t\t\t<span class=\"elementor-divider-separator\">\n\t\t\t\t\t\t<\/span>\n\t\t<\/div>\n\t\t\t\t\t\t<\/div>\n\t\t\t\t<\/div>\n\t\t\t\t<div class=\"elementor-element elementor-element-9d9e53a elementor-widget elementor-widget-text-editor\" data-id=\"9d9e53a\" data-element_type=\"widget\" data-e-type=\"widget\" data-widget_type=\"text-editor.default\">\n\t\t\t\t<div class=\"elementor-widget-container\">\n\t\t\t\t\t\t\t\t\t<ul><li>Transport kontener\u00f3w o pojemno\u015bci od 4 m\u00b3 do 38 m\u00b3<\/li><\/ul>\t\t\t\t\t\t\t\t<\/div>\n\t\t\t\t<\/div>\n\t\t\t\t<div class=\"elementor-element elementor-element-4b8d580 elementor-widget-divider--view-line elementor-widget elementor-widget-divider\" data-id=\"4b8d580\" data-element_type=\"widget\" data-e-type=\"widget\" data-widget_type=\"divider.default\">\n\t\t\t\t<div class=\"elementor-widget-container\">\n\t\t\t\t\t\t\t<div class=\"elementor-divider\">\n\t\t\t<span class=\"elementor-divider-separator\">\n\t\t\t\t\t\t<\/span>\n\t\t<\/div>\n\t\t\t\t\t\t<\/div>\n\t\t\t\t<\/div>\n\t\t\t\t<div class=\"elementor-element elementor-element-490df28 elementor-widget elementor-widget-text-editor\" data-id=\"490df28\" data-element_type=\"widget\" data-e-type=\"widget\" data-widget_type=\"text-editor.default\">\n\t\t\t\t<div class=\"elementor-widget-container\">\n\t\t\t\t\t\t\t\t\t<ul><li>Magazynowanie i logistyka<\/li><li>Hale magazynowe<\/li><li>Sprzeda\u017c hurtowa surowc\u00f3w<\/li><\/ul>\t\t\t\t\t\t\t\t<\/div>\n\t\t\t\t<\/div>\n\t\t\t\t<\/div>\n\t\t\t\t<\/div>\n\t\t<div class=\"elementor-element elementor-element-91b1e61 e-con-full e-flex e-con e-child\" data-id=\"91b1e61\" data-element_type=\"container\" data-e-type=\"container\">\n\t\t\t\t<div class=\"elementor-element elementor-element-0be3ddf elementor-widget elementor-widget-video\" data-id=\"0be3ddf\" data-element_type=\"widget\" data-e-type=\"widget\" data-settings=\"{&quot;video_type&quot;:&quot;hosted&quot;,&quot;autoplay&quot;:&quot;yes&quot;,&quot;mute&quot;:&quot;yes&quot;,&quot;loop&quot;:&quot;yes&quot;}\" data-widget_type=\"video.default\">\n\t\t\t\t<div class=\"elementor-widget-container\">\n\t\t\t\t\t\t\t<div class=\"e-hosted-video elementor-wrapper elementor-open-inline\">\n\t\t\t\t\t<video class=\"elementor-video\" src=\"https:\/\/www.hahne-spedition.de\/wp-content\/uploads\/2025\/05\/leistungsuebersicht-video.mp4\" autoplay=\"\" loop=\"\" muted=\"muted\" controlsList=\"nodownload\" poster=\"https:\/\/www.hahne-spedition.de\/wp-content\/uploads\/2025\/05\/leistungsuebersicht-video-thumbnail000.jpg\"><\/video>\n\t\t\t\t<\/div>\n\t\t\t\t\t\t<\/div>\n\t\t\t\t<\/div>\n\t\t\t\t<\/div>\n\t\t\t\t\t<\/div>\n\t\t\t\t<\/div>\n\t\t\t\t<\/div>\n\t\t","protected":false},"excerpt":{"rendered":"<p>Us\u0142ugi Grupa Hahne oferuje kompleksowy zakres us\u0142ug transportowych i logistycznych. Dzi\u0119ki wieloletniemu do\u015bwiadczeniu i najnowocze\u015bniejszej technologii, firma dostarcza spersonalizowane rozwi\u0105zania spedycyjne. Nasza wszechstronna flota pojazd\u00f3w i kilka oddzia\u0142\u00f3w umo\u017cliwiaj\u0105 nam sprawn\u0105 i niezawodn\u0105 obs\u0142ug\u0119 transportu na terenie ca\u0142ej Europy. Jako certyfikowana firma zajmuj\u0105ca si\u0119 gospodark\u0105 odpadami oferujemy r\u00f3wnie\u017c profesjonalne i kompleksowe rozwi\u0105zania w zakresie przyjaznej [&hellip;]<\/p>\n","protected":false},"author":1,"featured_media":0,"parent":0,"menu_order":0,"comment_status":"closed","ping_status":"closed","template":"elementor_header_footer","meta":{"footnotes":""},"class_list":["post-4066","page","type-page","status-publish","hentry"],"yoast_head":"<!-- This site is optimized with the Yoast SEO plugin v27.4 - https:\/\/yoast.com\/product\/yoast-seo-wordpress\/ -->\n<title>Us\u0142ugi - Spedition Hahne<\/title>\n<meta name=\"robots\" content=\"index, follow, max-snippet:-1, max-image-preview:large, max-video-preview:-1\" \/>\n<link rel=\"canonical\" href=\"https:\/\/www.hahne-spedition.de\/pl\/uslugi\/\" \/>\n<meta property=\"og:locale\" content=\"pl_PL\" \/>\n<meta property=\"og:type\" content=\"article\" \/>\n<meta property=\"og:title\" content=\"Us\u0142ugi - Spedition Hahne\" \/>\n<meta property=\"og:description\" content=\"Us\u0142ugi Grupa Hahne oferuje kompleksowy zakres us\u0142ug transportowych i logistycznych. Dzi\u0119ki wieloletniemu do\u015bwiadczeniu i najnowocze\u015bniejszej technologii, firma dostarcza spersonalizowane rozwi\u0105zania spedycyjne. Nasza wszechstronna flota pojazd\u00f3w i kilka oddzia\u0142\u00f3w umo\u017cliwiaj\u0105 nam sprawn\u0105 i niezawodn\u0105 obs\u0142ug\u0119 transportu na terenie ca\u0142ej Europy. Jako certyfikowana firma zajmuj\u0105ca si\u0119 gospodark\u0105 odpadami oferujemy r\u00f3wnie\u017c profesjonalne i kompleksowe rozwi\u0105zania w zakresie przyjaznej [&hellip;]\" \/>\n<meta property=\"og:url\" content=\"https:\/\/www.hahne-spedition.de\/pl\/uslugi\/\" \/>\n<meta property=\"og:site_name\" content=\"Spedition Hahne\" \/>\n<meta property=\"article:modified_time\" content=\"2025-05-14T10:04:24+00:00\" \/>\n<meta name=\"twitter:card\" content=\"summary_large_image\" \/>\n<meta name=\"twitter:label1\" content=\"Szacowany czas czytania\" \/>\n\t<meta name=\"twitter:data1\" content=\"1 minuta\" \/>\n<script type=\"application\/ld+json\" class=\"yoast-schema-graph\">{\"@context\":\"https:\\\/\\\/schema.org\",\"@graph\":[{\"@type\":\"WebPage\",\"@id\":\"https:\\\/\\\/www.hahne-spedition.de\\\/pl\\\/uslugi\\\/\",\"url\":\"https:\\\/\\\/www.hahne-spedition.de\\\/pl\\\/uslugi\\\/\",\"name\":\"Us\u0142ugi - Spedition Hahne\",\"isPartOf\":{\"@id\":\"https:\\\/\\\/www.hahne-spedition.de\\\/pl\\\/#website\"},\"datePublished\":\"2025-01-06T10:30:43+00:00\",\"dateModified\":\"2025-05-14T10:04:24+00:00\",\"breadcrumb\":{\"@id\":\"https:\\\/\\\/www.hahne-spedition.de\\\/pl\\\/uslugi\\\/#breadcrumb\"},\"inLanguage\":\"pl-PL\",\"potentialAction\":[{\"@type\":\"ReadAction\",\"target\":[\"https:\\\/\\\/www.hahne-spedition.de\\\/pl\\\/uslugi\\\/\"]}]},{\"@type\":\"BreadcrumbList\",\"@id\":\"https:\\\/\\\/www.hahne-spedition.de\\\/pl\\\/uslugi\\\/#breadcrumb\",\"itemListElement\":[{\"@type\":\"ListItem\",\"position\":1,\"name\":\"Startseite\",\"item\":\"https:\\\/\\\/www.hahne-spedition.de\\\/pl\\\/\"},{\"@type\":\"ListItem\",\"position\":2,\"name\":\"Us\u0142ugi\"}]},{\"@type\":\"WebSite\",\"@id\":\"https:\\\/\\\/www.hahne-spedition.de\\\/pl\\\/#website\",\"url\":\"https:\\\/\\\/www.hahne-spedition.de\\\/pl\\\/\",\"name\":\"Spedition Hahne\",\"description\":\"Immer in Bewegung\",\"publisher\":{\"@id\":\"https:\\\/\\\/www.hahne-spedition.de\\\/pl\\\/#organization\"},\"potentialAction\":[{\"@type\":\"SearchAction\",\"target\":{\"@type\":\"EntryPoint\",\"urlTemplate\":\"https:\\\/\\\/www.hahne-spedition.de\\\/pl\\\/?s={search_term_string}\"},\"query-input\":{\"@type\":\"PropertyValueSpecification\",\"valueRequired\":true,\"valueName\":\"search_term_string\"}}],\"inLanguage\":\"pl-PL\"},{\"@type\":\"Organization\",\"@id\":\"https:\\\/\\\/www.hahne-spedition.de\\\/pl\\\/#organization\",\"name\":\"Spedition Hahne\",\"url\":\"https:\\\/\\\/www.hahne-spedition.de\\\/pl\\\/\",\"logo\":{\"@type\":\"ImageObject\",\"inLanguage\":\"pl-PL\",\"@id\":\"https:\\\/\\\/www.hahne-spedition.de\\\/pl\\\/#\\\/schema\\\/logo\\\/image\\\/\",\"url\":\"https:\\\/\\\/www.hahne-spedition.de\\\/wp-content\\\/uploads\\\/2024\\\/11\\\/spedition-hahne-logo.png\",\"contentUrl\":\"https:\\\/\\\/www.hahne-spedition.de\\\/wp-content\\\/uploads\\\/2024\\\/11\\\/spedition-hahne-logo.png\",\"width\":637,\"height\":246,\"caption\":\"Spedition Hahne\"},\"image\":{\"@id\":\"https:\\\/\\\/www.hahne-spedition.de\\\/pl\\\/#\\\/schema\\\/logo\\\/image\\\/\"}}]}<\/script>\n<!-- \/ Yoast SEO plugin. -->","yoast_head_json":{"title":"Us\u0142ugi - Spedition Hahne","robots":{"index":"index","follow":"follow","max-snippet":"max-snippet:-1","max-image-preview":"max-image-preview:large","max-video-preview":"max-video-preview:-1"},"canonical":"https:\/\/www.hahne-spedition.de\/pl\/uslugi\/","og_locale":"pl_PL","og_type":"article","og_title":"Us\u0142ugi - Spedition Hahne","og_description":"Us\u0142ugi Grupa Hahne oferuje kompleksowy zakres us\u0142ug transportowych i logistycznych. Dzi\u0119ki wieloletniemu do\u015bwiadczeniu i najnowocze\u015bniejszej technologii, firma dostarcza spersonalizowane rozwi\u0105zania spedycyjne. Nasza wszechstronna flota pojazd\u00f3w i kilka oddzia\u0142\u00f3w umo\u017cliwiaj\u0105 nam sprawn\u0105 i niezawodn\u0105 obs\u0142ug\u0119 transportu na terenie ca\u0142ej Europy. Jako certyfikowana firma zajmuj\u0105ca si\u0119 gospodark\u0105 odpadami oferujemy r\u00f3wnie\u017c profesjonalne i kompleksowe rozwi\u0105zania w zakresie przyjaznej [&hellip;]","og_url":"https:\/\/www.hahne-spedition.de\/pl\/uslugi\/","og_site_name":"Spedition Hahne","article_modified_time":"2025-05-14T10:04:24+00:00","twitter_card":"summary_large_image","twitter_misc":{"Szacowany czas czytania":"1 minuta"},"schema":{"@context":"https:\/\/schema.org","@graph":[{"@type":"WebPage","@id":"https:\/\/www.hahne-spedition.de\/pl\/uslugi\/","url":"https:\/\/www.hahne-spedition.de\/pl\/uslugi\/","name":"Us\u0142ugi - Spedition Hahne","isPartOf":{"@id":"https:\/\/www.hahne-spedition.de\/pl\/#website"},"datePublished":"2025-01-06T10:30:43+00:00","dateModified":"2025-05-14T10:04:24+00:00","breadcrumb":{"@id":"https:\/\/www.hahne-spedition.de\/pl\/uslugi\/#breadcrumb"},"inLanguage":"pl-PL","potentialAction":[{"@type":"ReadAction","target":["https:\/\/www.hahne-spedition.de\/pl\/uslugi\/"]}]},{"@type":"BreadcrumbList","@id":"https:\/\/www.hahne-spedition.de\/pl\/uslugi\/#breadcrumb","itemListElement":[{"@type":"ListItem","position":1,"name":"Startseite","item":"https:\/\/www.hahne-spedition.de\/pl\/"},{"@type":"ListItem","position":2,"name":"Us\u0142ugi"}]},{"@type":"WebSite","@id":"https:\/\/www.hahne-spedition.de\/pl\/#website","url":"https:\/\/www.hahne-spedition.de\/pl\/","name":"Spedition Hahne","description":"Immer in Bewegung","publisher":{"@id":"https:\/\/www.hahne-spedition.de\/pl\/#organization"},"potentialAction":[{"@type":"SearchAction","target":{"@type":"EntryPoint","urlTemplate":"https:\/\/www.hahne-spedition.de\/pl\/?s={search_term_string}"},"query-input":{"@type":"PropertyValueSpecification","valueRequired":true,"valueName":"search_term_string"}}],"inLanguage":"pl-PL"},{"@type":"Organization","@id":"https:\/\/www.hahne-spedition.de\/pl\/#organization","name":"Spedition Hahne","url":"https:\/\/www.hahne-spedition.de\/pl\/","logo":{"@type":"ImageObject","inLanguage":"pl-PL","@id":"https:\/\/www.hahne-spedition.de\/pl\/#\/schema\/logo\/image\/","url":"https:\/\/www.hahne-spedition.de\/wp-content\/uploads\/2024\/11\/spedition-hahne-logo.png","contentUrl":"https:\/\/www.hahne-spedition.de\/wp-content\/uploads\/2024\/11\/spedition-hahne-logo.png","width":637,"height":246,"caption":"Spedition Hahne"},"image":{"@id":"https:\/\/www.hahne-spedition.de\/pl\/#\/schema\/logo\/image\/"}}]}},"_links":{"self":[{"href":"https:\/\/www.hahne-spedition.de\/pl\/wp-json\/wp\/v2\/pages\/4066","targetHints":{"allow":["GET"]}}],"collection":[{"href":"https:\/\/www.hahne-spedition.de\/pl\/wp-json\/wp\/v2\/pages"}],"about":[{"href":"https:\/\/www.hahne-spedition.de\/pl\/wp-json\/wp\/v2\/types\/page"}],"author":[{"embeddable":true,"href":"https:\/\/www.hahne-spedition.de\/pl\/wp-json\/wp\/v2\/users\/1"}],"replies":[{"embeddable":true,"href":"https:\/\/www.hahne-spedition.de\/pl\/wp-json\/wp\/v2\/comments?post=4066"}],"version-history":[{"count":1,"href":"https:\/\/www.hahne-spedition.de\/pl\/wp-json\/wp\/v2\/pages\/4066\/revisions"}],"predecessor-version":[{"id":4067,"href":"https:\/\/www.hahne-spedition.de\/pl\/wp-json\/wp\/v2\/pages\/4066\/revisions\/4067"}],"wp:attachment":[{"href":"https:\/\/www.hahne-spedition.de\/pl\/wp-json\/wp\/v2\/media?parent=4066"}],"curies":[{"name":"wp","href":"https:\/\/api.w.org\/{rel}","templated":true}]}}