{"id":4094,"date":"2025-02-02T15:04:58","date_gmt":"2025-02-02T14:04:58","guid":{"rendered":"http:\/\/spedition-hahne.webdesignbs.de\/profesjonalny-kierowca\/"},"modified":"2025-06-27T14:38:31","modified_gmt":"2025-06-27T12:38:31","slug":"profesjonalny-kierowca","status":"publish","type":"page","link":"https:\/\/www.hahne-spedition.de\/pl\/kariera\/profesjonalny-kierowca\/","title":{"rendered":"Profesjonalny kierowca"},"content":{"rendered":"\t\t<div data-elementor-type=\"wp-page\" data-elementor-id=\"4094\" class=\"elementor elementor-4094 elementor-1801\" data-elementor-post-type=\"page\">\n\t\t\t\t<div class=\"elementor-element elementor-element-db8c4f5 e-flex e-con-boxed e-con e-parent\" data-id=\"db8c4f5\" data-element_type=\"container\" data-e-type=\"container\" data-settings=\"{&quot;background_background&quot;:&quot;classic&quot;}\">\n\t\t\t\t\t<div class=\"e-con-inner\">\n\t\t\t\t<div class=\"elementor-element elementor-element-e91539f elementor-align-center elementor-widget elementor-widget-breadcrumbs\" data-id=\"e91539f\" data-element_type=\"widget\" data-e-type=\"widget\" data-widget_type=\"breadcrumbs.default\">\n\t\t\t\t<div class=\"elementor-widget-container\">\n\t\t\t\t\t<p id=\"breadcrumbs\"><span><span><a href=\"https:\/\/www.hahne-spedition.de\/pl\/\">Startseite<\/a><\/span><\/span><\/p>\t\t\t\t<\/div>\n\t\t\t\t<\/div>\n\t\t\t\t\t<\/div>\n\t\t\t\t<\/div>\n\t\t<div class=\"elementor-element elementor-element-c287b27 e-flex e-con-boxed e-con e-parent\" data-id=\"c287b27\" data-element_type=\"container\" data-e-type=\"container\">\n\t\t\t\t\t<div class=\"e-con-inner\">\n\t\t\t\t<div class=\"elementor-element elementor-element-8802ccb elementor-widget elementor-widget-heading\" data-id=\"8802ccb\" data-element_type=\"widget\" data-e-type=\"widget\" data-widget_type=\"heading.default\">\n\t\t\t\t<div class=\"elementor-widget-container\">\n\t\t\t\t\t<h1 class=\"elementor-heading-title elementor-size-default\">Profesjonalny kierowca<\/h1>\t\t\t\t<\/div>\n\t\t\t\t<\/div>\n\t\t\t\t<div class=\"elementor-element elementor-element-5ba70a2 elementor-widget-divider--view-line elementor-widget elementor-widget-divider\" data-id=\"5ba70a2\" data-element_type=\"widget\" data-e-type=\"widget\" data-widget_type=\"divider.default\">\n\t\t\t\t<div class=\"elementor-widget-container\">\n\t\t\t\t\t\t\t<div class=\"elementor-divider\">\n\t\t\t<span class=\"elementor-divider-separator\">\n\t\t\t\t\t\t<\/span>\n\t\t<\/div>\n\t\t\t\t\t\t<\/div>\n\t\t\t\t<\/div>\n\t\t\t\t<div class=\"elementor-element elementor-element-9d1cd69 elementor-widget elementor-widget-text-editor\" data-id=\"9d1cd69\" data-element_type=\"widget\" data-e-type=\"widget\" data-widget_type=\"text-editor.default\">\n\t\t\t\t<div class=\"elementor-widget-container\">\n\t\t\t\t\t\t\t\t\t<p><b>Poszukujemy zawodowego kierowcy na pe\u0142ny etat \/ tymczasowo, kt\u00f3ry do\u0142\u0105czy do naszego zespo\u0142u<\/b><\/p>\n<p><b>Zadania<\/b><\/p>\n<ul>\n<li>Prowadzisz ci\u0119\u017car\u00f3wk\u0119, aby dostarcza\u0107 towary i towary<\/li>\n<li>Mo\u017cesz pracowa\u0107 w transporcie lokalnym lub dalekobie\u017cnym<\/li>\n<li>Upewniasz si\u0119, \u017ce \u0142adunek jest prawid\u0142owo za\u0142adowany i zabezpieczony<\/li>\n<li>Usterki, wypadki lub wykroczenia s\u0105 zg\u0142aszane rzetelnie i niezw\u0142ocznie.<\/li>\n<li>Przestrzegasz przepis\u00f3w ruchu drogowego i wymog\u00f3w prawnych.<\/li>\n<li>Tworzysz i zarz\u0105dzasz dokumentami dostawy i dokumentami przewozowymi<\/li>\n<li>U\u017cytkownik przejmuje planowanie trasy lub prowadzenie pojazdu na okre\u015blonych trasach.<\/li>\n<li>Dokumentujesz i rejestrujesz czas pracy\/odpoczynku<\/li>\n<\/ul>\n<p><strong>&nbsp;<\/strong><\/p>\n<p><b>Kwalifikacja<\/b><\/p>\n<ul>\n<li>Posiadasz wa\u017cne prawo jazdy kategorii C \/ CE z kwalifikacj\u0105 95<\/li>\n<li>Masz co najmniej 2-letnie do\u015bwiadczenie zawodowe w prowadzeniu ci\u0119\u017car\u00f3wek.<\/li>\n<li>Masz odpowiedzialny i bezpieczny styl jazdy<\/li>\n<li>Posiadasz podstawow\u0105 wiedz\u0119 na temat konserwacji i piel\u0119gnacji pojazd\u00f3w<\/li>\n<li>Dobra znajomo\u015b\u0107 j\u0119zyka niemieckiego i\/lub angielskiego w mowie i pi\u015bmie<\/li>\n<\/ul>\t\t\t\t\t\t\t\t<\/div>\n\t\t\t\t<\/div>\n\t\t\t\t<div class=\"elementor-element elementor-element-d87b7c3 elementor-widget-divider--view-line elementor-widget elementor-widget-divider\" data-id=\"d87b7c3\" data-element_type=\"widget\" data-e-type=\"widget\" data-widget_type=\"divider.default\">\n\t\t\t\t<div class=\"elementor-widget-container\">\n\t\t\t\t\t\t\t<div class=\"elementor-divider\">\n\t\t\t<span class=\"elementor-divider-separator\">\n\t\t\t\t\t\t<\/span>\n\t\t<\/div>\n\t\t\t\t\t\t<\/div>\n\t\t\t\t<\/div>\n\t\t\t\t\t<\/div>\n\t\t\t\t<\/div>\n\t\t<div class=\"elementor-element elementor-element-0066fdb e-flex e-con-boxed e-con e-parent\" data-id=\"0066fdb\" data-element_type=\"container\" data-e-type=\"container\">\n\t\t\t\t\t<div class=\"e-con-inner\">\n\t\t\t\t<div class=\"elementor-element elementor-element-1627197 elementor-widget elementor-widget-template\" data-id=\"1627197\" data-element_type=\"widget\" data-e-type=\"widget\" data-widget_type=\"template.default\">\n\t\t\t\t<div class=\"elementor-widget-container\">\n\t\t\t\t\t\t\t<div class=\"elementor-template\">\n\t\t\t\t\t<div data-elementor-type=\"page\" data-elementor-id=\"4797\" class=\"elementor elementor-4797 elementor-4747\" data-elementor-post-type=\"elementor_library\">\n\t\t\t\t<div class=\"elementor-element elementor-element-75ccf95 e-flex e-con-boxed e-con e-parent\" data-id=\"75ccf95\" data-element_type=\"container\" data-e-type=\"container\">\n\t\t\t\t\t<div class=\"e-con-inner\">\n\t\t\t\t<div class=\"elementor-element elementor-element-3a0ccf6 elementor-widget elementor-widget-heading\" data-id=\"3a0ccf6\" data-element_type=\"widget\" data-e-type=\"widget\" data-widget_type=\"heading.default\">\n\t\t\t\t<div class=\"elementor-widget-container\">\n\t\t\t\t\t<h2 class=\"elementor-heading-title elementor-size-default\">Jak ubiega\u0107 si\u0119 o prac\u0119 u nas?<\/h2>\t\t\t\t<\/div>\n\t\t\t\t<\/div>\n\t\t\t\t\t<\/div>\n\t\t\t\t<\/div>\n\t\t<div class=\"elementor-element elementor-element-742f22e e-flex e-con-boxed e-con e-parent\" data-id=\"742f22e\" data-element_type=\"container\" data-e-type=\"container\">\n\t\t\t\t\t<div class=\"e-con-inner\">\n\t\t<div class=\"elementor-element elementor-element-afb6f1c e-con-full e-flex e-con e-child\" data-id=\"afb6f1c\" data-element_type=\"container\" data-e-type=\"container\">\n\t\t\t\t<div class=\"elementor-element elementor-element-fbbbca4 elementor-view-default elementor-widget elementor-widget-icon\" data-id=\"fbbbca4\" data-element_type=\"widget\" data-e-type=\"widget\" data-widget_type=\"icon.default\">\n\t\t\t\t<div class=\"elementor-widget-container\">\n\t\t\t\t\t\t\t<div class=\"elementor-icon-wrapper\">\n\t\t\t<div class=\"elementor-icon\">\n\t\t\t<svg aria-hidden=\"true\" class=\"e-font-icon-svg e-far-envelope\" viewBox=\"0 0 512 512\" xmlns=\"http:\/\/www.w3.org\/2000\/svg\"><path d=\"M464 64H48C21.49 64 0 85.49 0 112v288c0 26.51 21.49 48 48 48h416c26.51 0 48-21.49 48-48V112c0-26.51-21.49-48-48-48zm0 48v40.805c-22.422 18.259-58.168 46.651-134.587 106.49-16.841 13.247-50.201 45.072-73.413 44.701-23.208.375-56.579-31.459-73.413-44.701C106.18 199.465 70.425 171.067 48 152.805V112h416zM48 400V214.398c22.914 18.251 55.409 43.862 104.938 82.646 21.857 17.205 60.134 55.186 103.062 54.955 42.717.231 80.509-37.199 103.053-54.947 49.528-38.783 82.032-64.401 104.947-82.653V400H48z\"><\/path><\/svg>\t\t\t<\/div>\n\t\t<\/div>\n\t\t\t\t\t\t<\/div>\n\t\t\t\t<\/div>\n\t\t\t\t<div class=\"elementor-element elementor-element-e61ef96 elementor-widget-mobile__width-initial elementor-widget elementor-widget-text-editor\" data-id=\"e61ef96\" data-element_type=\"widget\" data-e-type=\"widget\" data-widget_type=\"text-editor.default\">\n\t\t\t\t<div class=\"elementor-widget-container\">\n\t\t\t\t\t\t\t\t\tpersonal@hahne-spedition.de\t\t\t\t\t\t\t\t<\/div>\n\t\t\t\t<\/div>\n\t\t\t\t<\/div>\n\t\t<div class=\"elementor-element elementor-element-a8444d6 e-con-full e-flex e-con e-child\" data-id=\"a8444d6\" data-element_type=\"container\" data-e-type=\"container\">\n\t\t\t\t<div class=\"elementor-element elementor-element-3403c0f elementor-view-default elementor-widget elementor-widget-icon\" data-id=\"3403c0f\" data-element_type=\"widget\" data-e-type=\"widget\" data-widget_type=\"icon.default\">\n\t\t\t\t<div class=\"elementor-widget-container\">\n\t\t\t\t\t\t\t<div class=\"elementor-icon-wrapper\">\n\t\t\t<div class=\"elementor-icon\">\n\t\t\t<svg aria-hidden=\"true\" class=\"e-font-icon-svg e-fas-mobile-alt\" viewBox=\"0 0 320 512\" xmlns=\"http:\/\/www.w3.org\/2000\/svg\"><path d=\"M272 0H48C21.5 0 0 21.5 0 48v416c0 26.5 21.5 48 48 48h224c26.5 0 48-21.5 48-48V48c0-26.5-21.5-48-48-48zM160 480c-17.7 0-32-14.3-32-32s14.3-32 32-32 32 14.3 32 32-14.3 32-32 32zm112-108c0 6.6-5.4 12-12 12H60c-6.6 0-12-5.4-12-12V60c0-6.6 5.4-12 12-12h200c6.6 0 12 5.4 12 12v312z\"><\/path><\/svg>\t\t\t<\/div>\n\t\t<\/div>\n\t\t\t\t\t\t<\/div>\n\t\t\t\t<\/div>\n\t\t\t\t<div class=\"elementor-element elementor-element-d5b2749 elementor-widget-mobile__width-initial elementor-widget elementor-widget-text-editor\" data-id=\"d5b2749\" data-element_type=\"widget\" data-e-type=\"widget\" data-widget_type=\"text-editor.default\">\n\t\t\t\t<div class=\"elementor-widget-container\">\n\t\t\t\t\t\t\t\t\t<p>05324 \/ 77 36 &#8211; 0<\/p>\t\t\t\t\t\t\t\t<\/div>\n\t\t\t\t<\/div>\n\t\t\t\t<\/div>\n\t\t\t\t\t<\/div>\n\t\t\t\t<\/div>\n\t\t\t\t<\/div>\n\t\t\t\t<\/div>\n\t\t\t\t\t\t<\/div>\n\t\t\t\t<\/div>\n\t\t\t\t\t<\/div>\n\t\t\t\t<\/div>\n\t\t\t\t<\/div>\n\t\t","protected":false},"excerpt":{"rendered":"<p>Profesjonalny kierowca Poszukujemy zawodowego kierowcy na pe\u0142ny etat \/ tymczasowo, kt\u00f3ry do\u0142\u0105czy do naszego zespo\u0142u Zadania Prowadzisz ci\u0119\u017car\u00f3wk\u0119, aby dostarcza\u0107 towary i towary Mo\u017cesz pracowa\u0107 w transporcie lokalnym lub dalekobie\u017cnym Upewniasz si\u0119, \u017ce \u0142adunek jest prawid\u0142owo za\u0142adowany i zabezpieczony Usterki, wypadki lub wykroczenia s\u0105 zg\u0142aszane rzetelnie i niezw\u0142ocznie. Przestrzegasz przepis\u00f3w ruchu drogowego i wymog\u00f3w prawnych. [&hellip;]<\/p>\n","protected":false},"author":1,"featured_media":3939,"parent":4116,"menu_order":0,"comment_status":"closed","ping_status":"closed","template":"","meta":{"footnotes":""},"class_list":["post-4094","page","type-page","status-publish","has-post-thumbnail","hentry"],"yoast_head":"<!-- This site is optimized with the Yoast SEO plugin v27.4 - https:\/\/yoast.com\/product\/yoast-seo-wordpress\/ -->\n<title>Profesjonalny kierowca - Spedition Hahne<\/title>\n<meta name=\"robots\" content=\"index, follow, max-snippet:-1, max-image-preview:large, max-video-preview:-1\" \/>\n<link rel=\"canonical\" href=\"https:\/\/www.hahne-spedition.de\/pl\/kariera\/profesjonalny-kierowca\/\" \/>\n<meta property=\"og:locale\" content=\"pl_PL\" \/>\n<meta property=\"og:type\" content=\"article\" \/>\n<meta property=\"og:title\" content=\"Profesjonalny kierowca - Spedition Hahne\" \/>\n<meta property=\"og:description\" content=\"Profesjonalny kierowca Poszukujemy zawodowego kierowcy na pe\u0142ny etat \/ tymczasowo, kt\u00f3ry do\u0142\u0105czy do naszego zespo\u0142u Zadania Prowadzisz ci\u0119\u017car\u00f3wk\u0119, aby dostarcza\u0107 towary i towary Mo\u017cesz pracowa\u0107 w transporcie lokalnym lub dalekobie\u017cnym Upewniasz si\u0119, \u017ce \u0142adunek jest prawid\u0142owo za\u0142adowany i zabezpieczony Usterki, wypadki lub wykroczenia s\u0105 zg\u0142aszane rzetelnie i niezw\u0142ocznie. Przestrzegasz przepis\u00f3w ruchu drogowego i wymog\u00f3w prawnych. [&hellip;]\" \/>\n<meta property=\"og:url\" content=\"https:\/\/www.hahne-spedition.de\/pl\/kariera\/profesjonalny-kierowca\/\" \/>\n<meta property=\"og:site_name\" content=\"Spedition Hahne\" \/>\n<meta property=\"article:modified_time\" content=\"2025-06-27T12:38:31+00:00\" \/>\n<meta property=\"og:image\" content=\"https:\/\/www.hahne-spedition.de\/wp-content\/uploads\/2025\/05\/IMG_7774.jpg\" \/>\n\t<meta property=\"og:image:width\" content=\"2000\" \/>\n\t<meta property=\"og:image:height\" content=\"1500\" \/>\n\t<meta property=\"og:image:type\" content=\"image\/jpeg\" \/>\n<meta name=\"twitter:card\" content=\"summary_large_image\" \/>\n<meta name=\"twitter:label1\" content=\"Szacowany czas czytania\" \/>\n\t<meta name=\"twitter:data1\" content=\"1 minuta\" \/>\n<script type=\"application\/ld+json\" class=\"yoast-schema-graph\">{\"@context\":\"https:\\\/\\\/schema.org\",\"@graph\":[{\"@type\":\"WebPage\",\"@id\":\"https:\\\/\\\/www.hahne-spedition.de\\\/pl\\\/kariera\\\/profesjonalny-kierowca\\\/\",\"url\":\"https:\\\/\\\/www.hahne-spedition.de\\\/pl\\\/kariera\\\/profesjonalny-kierowca\\\/\",\"name\":\"Profesjonalny kierowca - Spedition Hahne\",\"isPartOf\":{\"@id\":\"https:\\\/\\\/www.hahne-spedition.de\\\/pl\\\/#website\"},\"primaryImageOfPage\":{\"@id\":\"https:\\\/\\\/www.hahne-spedition.de\\\/pl\\\/kariera\\\/profesjonalny-kierowca\\\/#primaryimage\"},\"image\":{\"@id\":\"https:\\\/\\\/www.hahne-spedition.de\\\/pl\\\/kariera\\\/profesjonalny-kierowca\\\/#primaryimage\"},\"thumbnailUrl\":\"https:\\\/\\\/www.hahne-spedition.de\\\/wp-content\\\/uploads\\\/2025\\\/05\\\/IMG_7774.jpg\",\"datePublished\":\"2025-02-02T14:04:58+00:00\",\"dateModified\":\"2025-06-27T12:38:31+00:00\",\"breadcrumb\":{\"@id\":\"https:\\\/\\\/www.hahne-spedition.de\\\/pl\\\/kariera\\\/profesjonalny-kierowca\\\/#breadcrumb\"},\"inLanguage\":\"pl-PL\",\"potentialAction\":[{\"@type\":\"ReadAction\",\"target\":[\"https:\\\/\\\/www.hahne-spedition.de\\\/pl\\\/kariera\\\/profesjonalny-kierowca\\\/\"]}]},{\"@type\":\"ImageObject\",\"inLanguage\":\"pl-PL\",\"@id\":\"https:\\\/\\\/www.hahne-spedition.de\\\/pl\\\/kariera\\\/profesjonalny-kierowca\\\/#primaryimage\",\"url\":\"https:\\\/\\\/www.hahne-spedition.de\\\/wp-content\\\/uploads\\\/2025\\\/05\\\/IMG_7774.jpg\",\"contentUrl\":\"https:\\\/\\\/www.hahne-spedition.de\\\/wp-content\\\/uploads\\\/2025\\\/05\\\/IMG_7774.jpg\",\"width\":2000,\"height\":1500,\"caption\":\"Hahne LKW mit rotem\"},{\"@type\":\"BreadcrumbList\",\"@id\":\"https:\\\/\\\/www.hahne-spedition.de\\\/pl\\\/kariera\\\/profesjonalny-kierowca\\\/#breadcrumb\",\"itemListElement\":[{\"@type\":\"ListItem\",\"position\":1,\"name\":\"Startseite\",\"item\":\"https:\\\/\\\/www.hahne-spedition.de\\\/pl\\\/\"},{\"@type\":\"ListItem\",\"position\":2,\"name\":\"Kariera\",\"item\":\"https:\\\/\\\/www.hahne-spedition.de\\\/pl\\\/kariera\\\/\"},{\"@type\":\"ListItem\",\"position\":3,\"name\":\"Profesjonalny kierowca\"}]},{\"@type\":\"WebSite\",\"@id\":\"https:\\\/\\\/www.hahne-spedition.de\\\/pl\\\/#website\",\"url\":\"https:\\\/\\\/www.hahne-spedition.de\\\/pl\\\/\",\"name\":\"Spedition Hahne\",\"description\":\"Immer in Bewegung\",\"publisher\":{\"@id\":\"https:\\\/\\\/www.hahne-spedition.de\\\/pl\\\/#organization\"},\"potentialAction\":[{\"@type\":\"SearchAction\",\"target\":{\"@type\":\"EntryPoint\",\"urlTemplate\":\"https:\\\/\\\/www.hahne-spedition.de\\\/pl\\\/?s={search_term_string}\"},\"query-input\":{\"@type\":\"PropertyValueSpecification\",\"valueRequired\":true,\"valueName\":\"search_term_string\"}}],\"inLanguage\":\"pl-PL\"},{\"@type\":\"Organization\",\"@id\":\"https:\\\/\\\/www.hahne-spedition.de\\\/pl\\\/#organization\",\"name\":\"Spedition Hahne\",\"url\":\"https:\\\/\\\/www.hahne-spedition.de\\\/pl\\\/\",\"logo\":{\"@type\":\"ImageObject\",\"inLanguage\":\"pl-PL\",\"@id\":\"https:\\\/\\\/www.hahne-spedition.de\\\/pl\\\/#\\\/schema\\\/logo\\\/image\\\/\",\"url\":\"https:\\\/\\\/www.hahne-spedition.de\\\/wp-content\\\/uploads\\\/2024\\\/11\\\/spedition-hahne-logo.png\",\"contentUrl\":\"https:\\\/\\\/www.hahne-spedition.de\\\/wp-content\\\/uploads\\\/2024\\\/11\\\/spedition-hahne-logo.png\",\"width\":637,\"height\":246,\"caption\":\"Spedition Hahne\"},\"image\":{\"@id\":\"https:\\\/\\\/www.hahne-spedition.de\\\/pl\\\/#\\\/schema\\\/logo\\\/image\\\/\"}}]}<\/script>\n<!-- \/ Yoast SEO plugin. -->","yoast_head_json":{"title":"Profesjonalny kierowca - Spedition Hahne","robots":{"index":"index","follow":"follow","max-snippet":"max-snippet:-1","max-image-preview":"max-image-preview:large","max-video-preview":"max-video-preview:-1"},"canonical":"https:\/\/www.hahne-spedition.de\/pl\/kariera\/profesjonalny-kierowca\/","og_locale":"pl_PL","og_type":"article","og_title":"Profesjonalny kierowca - Spedition Hahne","og_description":"Profesjonalny kierowca Poszukujemy zawodowego kierowcy na pe\u0142ny etat \/ tymczasowo, kt\u00f3ry do\u0142\u0105czy do naszego zespo\u0142u Zadania Prowadzisz ci\u0119\u017car\u00f3wk\u0119, aby dostarcza\u0107 towary i towary Mo\u017cesz pracowa\u0107 w transporcie lokalnym lub dalekobie\u017cnym Upewniasz si\u0119, \u017ce \u0142adunek jest prawid\u0142owo za\u0142adowany i zabezpieczony Usterki, wypadki lub wykroczenia s\u0105 zg\u0142aszane rzetelnie i niezw\u0142ocznie. Przestrzegasz przepis\u00f3w ruchu drogowego i wymog\u00f3w prawnych. [&hellip;]","og_url":"https:\/\/www.hahne-spedition.de\/pl\/kariera\/profesjonalny-kierowca\/","og_site_name":"Spedition Hahne","article_modified_time":"2025-06-27T12:38:31+00:00","og_image":[{"width":2000,"height":1500,"url":"https:\/\/www.hahne-spedition.de\/wp-content\/uploads\/2025\/05\/IMG_7774.jpg","type":"image\/jpeg"}],"twitter_card":"summary_large_image","twitter_misc":{"Szacowany czas czytania":"1 minuta"},"schema":{"@context":"https:\/\/schema.org","@graph":[{"@type":"WebPage","@id":"https:\/\/www.hahne-spedition.de\/pl\/kariera\/profesjonalny-kierowca\/","url":"https:\/\/www.hahne-spedition.de\/pl\/kariera\/profesjonalny-kierowca\/","name":"Profesjonalny kierowca - Spedition Hahne","isPartOf":{"@id":"https:\/\/www.hahne-spedition.de\/pl\/#website"},"primaryImageOfPage":{"@id":"https:\/\/www.hahne-spedition.de\/pl\/kariera\/profesjonalny-kierowca\/#primaryimage"},"image":{"@id":"https:\/\/www.hahne-spedition.de\/pl\/kariera\/profesjonalny-kierowca\/#primaryimage"},"thumbnailUrl":"https:\/\/www.hahne-spedition.de\/wp-content\/uploads\/2025\/05\/IMG_7774.jpg","datePublished":"2025-02-02T14:04:58+00:00","dateModified":"2025-06-27T12:38:31+00:00","breadcrumb":{"@id":"https:\/\/www.hahne-spedition.de\/pl\/kariera\/profesjonalny-kierowca\/#breadcrumb"},"inLanguage":"pl-PL","potentialAction":[{"@type":"ReadAction","target":["https:\/\/www.hahne-spedition.de\/pl\/kariera\/profesjonalny-kierowca\/"]}]},{"@type":"ImageObject","inLanguage":"pl-PL","@id":"https:\/\/www.hahne-spedition.de\/pl\/kariera\/profesjonalny-kierowca\/#primaryimage","url":"https:\/\/www.hahne-spedition.de\/wp-content\/uploads\/2025\/05\/IMG_7774.jpg","contentUrl":"https:\/\/www.hahne-spedition.de\/wp-content\/uploads\/2025\/05\/IMG_7774.jpg","width":2000,"height":1500,"caption":"Hahne LKW mit rotem"},{"@type":"BreadcrumbList","@id":"https:\/\/www.hahne-spedition.de\/pl\/kariera\/profesjonalny-kierowca\/#breadcrumb","itemListElement":[{"@type":"ListItem","position":1,"name":"Startseite","item":"https:\/\/www.hahne-spedition.de\/pl\/"},{"@type":"ListItem","position":2,"name":"Kariera","item":"https:\/\/www.hahne-spedition.de\/pl\/kariera\/"},{"@type":"ListItem","position":3,"name":"Profesjonalny kierowca"}]},{"@type":"WebSite","@id":"https:\/\/www.hahne-spedition.de\/pl\/#website","url":"https:\/\/www.hahne-spedition.de\/pl\/","name":"Spedition Hahne","description":"Immer in Bewegung","publisher":{"@id":"https:\/\/www.hahne-spedition.de\/pl\/#organization"},"potentialAction":[{"@type":"SearchAction","target":{"@type":"EntryPoint","urlTemplate":"https:\/\/www.hahne-spedition.de\/pl\/?s={search_term_string}"},"query-input":{"@type":"PropertyValueSpecification","valueRequired":true,"valueName":"search_term_string"}}],"inLanguage":"pl-PL"},{"@type":"Organization","@id":"https:\/\/www.hahne-spedition.de\/pl\/#organization","name":"Spedition Hahne","url":"https:\/\/www.hahne-spedition.de\/pl\/","logo":{"@type":"ImageObject","inLanguage":"pl-PL","@id":"https:\/\/www.hahne-spedition.de\/pl\/#\/schema\/logo\/image\/","url":"https:\/\/www.hahne-spedition.de\/wp-content\/uploads\/2024\/11\/spedition-hahne-logo.png","contentUrl":"https:\/\/www.hahne-spedition.de\/wp-content\/uploads\/2024\/11\/spedition-hahne-logo.png","width":637,"height":246,"caption":"Spedition Hahne"},"image":{"@id":"https:\/\/www.hahne-spedition.de\/pl\/#\/schema\/logo\/image\/"}}]}},"_links":{"self":[{"href":"https:\/\/www.hahne-spedition.de\/pl\/wp-json\/wp\/v2\/pages\/4094","targetHints":{"allow":["GET"]}}],"collection":[{"href":"https:\/\/www.hahne-spedition.de\/pl\/wp-json\/wp\/v2\/pages"}],"about":[{"href":"https:\/\/www.hahne-spedition.de\/pl\/wp-json\/wp\/v2\/types\/page"}],"author":[{"embeddable":true,"href":"https:\/\/www.hahne-spedition.de\/pl\/wp-json\/wp\/v2\/users\/1"}],"replies":[{"embeddable":true,"href":"https:\/\/www.hahne-spedition.de\/pl\/wp-json\/wp\/v2\/comments?post=4094"}],"version-history":[{"count":5,"href":"https:\/\/www.hahne-spedition.de\/pl\/wp-json\/wp\/v2\/pages\/4094\/revisions"}],"predecessor-version":[{"id":4987,"href":"https:\/\/www.hahne-spedition.de\/pl\/wp-json\/wp\/v2\/pages\/4094\/revisions\/4987"}],"up":[{"embeddable":true,"href":"https:\/\/www.hahne-spedition.de\/pl\/wp-json\/wp\/v2\/pages\/4116"}],"wp:featuredmedia":[{"embeddable":true,"href":"https:\/\/www.hahne-spedition.de\/pl\/wp-json\/wp\/v2\/media\/3939"}],"wp:attachment":[{"href":"https:\/\/www.hahne-spedition.de\/pl\/wp-json\/wp\/v2\/media?parent=4094"}],"curies":[{"name":"wp","href":"https:\/\/api.w.org\/{rel}","templated":true}]}}