{"id":4110,"date":"2025-01-22T15:45:07","date_gmt":"2025-01-22T14:45:07","guid":{"rendered":"http:\/\/spedition-hahne.webdesignbs.de\/skontaktuj-sie-z-nami\/"},"modified":"2025-05-14T13:34:59","modified_gmt":"2025-05-14T11:34:59","slug":"skontaktuj-sie-z-nami","status":"publish","type":"page","link":"https:\/\/www.hahne-spedition.de\/pl\/skontaktuj-sie-z-nami\/","title":{"rendered":"Skontaktuj si\u0119 z nami"},"content":{"rendered":"\t\t<div data-elementor-type=\"wp-page\" data-elementor-id=\"4110\" class=\"elementor elementor-4110 elementor-1103\" data-elementor-post-type=\"page\">\n\t\t\t\t<div class=\"elementor-element elementor-element-09a0ab0 e-flex e-con-boxed e-con e-parent\" data-id=\"09a0ab0\" data-element_type=\"container\" data-e-type=\"container\">\n\t\t\t\t\t<div class=\"e-con-inner\">\n\t\t<div class=\"elementor-element elementor-element-4309802 e-con-full e-flex e-con e-child\" data-id=\"4309802\" data-element_type=\"container\" data-e-type=\"container\">\n\t\t\t\t<div class=\"elementor-element elementor-element-9027f1b elementor-widget elementor-widget-image\" data-id=\"9027f1b\" data-element_type=\"widget\" data-e-type=\"widget\" data-widget_type=\"image.default\">\n\t\t\t\t<div class=\"elementor-widget-container\">\n\t\t\t\t\t\t\t\t\t\t\t\t\t\t\t<img fetchpriority=\"high\" decoding=\"async\" width=\"800\" height=\"780\" src=\"https:\/\/www.hahne-spedition.de\/wp-content\/uploads\/2025\/02\/karte-standorte-1024x998.jpg\" class=\"attachment-large size-large wp-image-3631\" alt=\"Europa Landkarte mit den Hahne Standorten in Deutschland und Spanien\" srcset=\"https:\/\/www.hahne-spedition.de\/wp-content\/uploads\/2025\/02\/karte-standorte-1024x998.jpg 1024w, https:\/\/www.hahne-spedition.de\/wp-content\/uploads\/2025\/02\/karte-standorte-300x292.jpg 300w, https:\/\/www.hahne-spedition.de\/wp-content\/uploads\/2025\/02\/karte-standorte-768x748.jpg 768w, https:\/\/www.hahne-spedition.de\/wp-content\/uploads\/2025\/02\/karte-standorte-1536x1497.jpg 1536w, https:\/\/www.hahne-spedition.de\/wp-content\/uploads\/2025\/02\/karte-standorte.jpg 1643w\" sizes=\"(max-width: 800px) 100vw, 800px\" \/>\t\t\t\t\t\t\t\t\t\t\t\t\t\t\t<\/div>\n\t\t\t\t<\/div>\n\t\t\t\t<\/div>\n\t\t<div class=\"elementor-element elementor-element-cebbb43 e-con-full e-flex e-con e-child\" data-id=\"cebbb43\" data-element_type=\"container\" data-e-type=\"container\">\n\t\t\t\t<div class=\"elementor-element elementor-element-6de95bd elementor-widget elementor-widget-heading\" data-id=\"6de95bd\" data-element_type=\"widget\" data-e-type=\"widget\" data-widget_type=\"heading.default\">\n\t\t\t\t<div class=\"elementor-widget-container\">\n\t\t\t\t\t<h1 class=\"elementor-heading-title elementor-size-default\">Skontaktuj si\u0119 z nami<\/h1>\t\t\t\t<\/div>\n\t\t\t\t<\/div>\n\t\t\t\t<div class=\"elementor-element elementor-element-e044bfb elementor-widget elementor-widget-heading\" data-id=\"e044bfb\" data-element_type=\"widget\" data-e-type=\"widget\" data-widget_type=\"heading.default\">\n\t\t\t\t<div class=\"elementor-widget-container\">\n\t\t\t\t\t<h3 class=\"elementor-heading-title elementor-size-default\">Spediton Hahne GmbH\n<\/h3>\t\t\t\t<\/div>\n\t\t\t\t<\/div>\n\t\t\t\t<div class=\"elementor-element elementor-element-1a216e1 elementor-widget elementor-widget-text-editor\" data-id=\"1a216e1\" data-element_type=\"widget\" data-e-type=\"widget\" data-widget_type=\"text-editor.default\">\n\t\t\t\t<div class=\"elementor-widget-container\">\n\t\t\t\t\t\t\t\t\t<p class=\"bodytext\">Am G\u00fcterbahnhof 10-12<br>38690 Goslar \/ Vienenburg<\/p><p class=\"bodytext\"><a href=\"http:\/\/www.hahne-spedition.de\/\" target=\"_blank\" rel=\"noopener\">www.hahne-spedition.de<\/a><\/p><p class=\"bodytext\"><strong>Wi\u0119cej informacji:<\/strong><br><a href=\"mailto:info@hahne-spedition.de\">info@hahne-spedition.de<\/a><\/p><p class=\"bodytext\"><strong>Zam\u00f3wienia<\/strong>:<br><a href=\"mailto:disposition@hahne-spedition.de\">disposition@hahne-spedition.de<\/a><\/p>\t\t\t\t\t\t\t\t<\/div>\n\t\t\t\t<\/div>\n\t\t\t\t<\/div>\n\t\t\t\t\t<\/div>\n\t\t\t\t<\/div>\n\t\t<div class=\"elementor-element elementor-element-e170d44 e-flex e-con-boxed e-con e-parent\" data-id=\"e170d44\" data-element_type=\"container\" data-e-type=\"container\" data-settings=\"{&quot;background_background&quot;:&quot;classic&quot;}\">\n\t\t\t\t\t<div class=\"e-con-inner\">\n\t\t\t\t<div class=\"elementor-element elementor-element-b1f66bf elementor-widget elementor-widget-heading\" data-id=\"b1f66bf\" data-element_type=\"widget\" data-e-type=\"widget\" data-widget_type=\"heading.default\">\n\t\t\t\t<div class=\"elementor-widget-container\">\n\t\t\t\t\t<h2 class=\"elementor-heading-title elementor-size-default\">Nasi indywidualni partnerzy kontaktowi<\/h2>\t\t\t\t<\/div>\n\t\t\t\t<\/div>\n\t\t\t\t<div class=\"elementor-element elementor-element-630ad5e elementor-widget__width-initial elementor-widget elementor-widget-html\" data-id=\"630ad5e\" data-element_type=\"widget\" data-e-type=\"widget\" data-widget_type=\"html.default\">\n\t\t\t\t<div class=\"elementor-widget-container\">\n\t\t\t\t\t<table>\r\n  <thead>\r\n    <tr>\r\n      <th>Osoba kontaktowa<\/th>\r\n      <th>Numer telefonu<\/th>\r\n    <\/tr>\r\n  <\/thead>\r\n  <tbody>\r\n    <tr>\r\n      <td>Centrala telefoniczna<\/td>\r\n      <td><a href=\"tel:0532477360\">05324 \/ 7736 - 0<\/a><\/td>\r\n    <\/tr>\r\n    <tr>\r\n      <td>Sekretariat \/ Ksi\u0119gowo\u015b\u0107<\/td>\r\n      <td><a href=\"tel:05324773614\">05324 \/ 7736 - 14<\/a><\/td>\r\n    <\/tr>\r\n    <tr>\r\n      <td>Utylizacja towar\u00f3w masowych<\/td>\r\n      <td><a href=\"tel:05324773632\">05324 \/ 7736 - 32\/38<\/a><\/td>\r\n    <\/tr>\r\n    <tr>\r\n      <td>Dysponowanie ruchem dalekobie\u017cnym<\/td>\r\n      <td><a href=\"tel:05324773631\">05324 \/ 7736 - 31\/37<\/a><\/td>\r\n    <\/tr>\r\n    <tr>\r\n      <td>Specjalistyczna firma zajmuj\u0105ca si\u0119 utylizacj\u0105 odpad\u00f3w<\/td>\r\n      <td><a href=\"tel:05324773634\">05324 \/ 7736 - 34<\/a><\/td>\r\n    <\/tr>\r\n    <tr>\r\n      <td>Dysponowanie transportami p\u0142ynnymi \/ masowymi<\/td>\r\n      <td><a href=\"tel:05324773650\">05324 \/ 7736 - 50<\/a><\/td>\r\n    <\/tr>\r\n    <tr>\r\n      <td>Dyspozycja Automotive<\/td>\r\n      <td><a href=\"tel:05324773631\">05324 \/ 7736 - 31<\/a><\/td>\r\n    <\/tr>\r\n    <tr>\r\n      <td>Transporty silos\u00f3w utylizacyjnych<\/td>\r\n      <td><a href=\"tel:05324773652\">05324 \/ 7736 - 52<\/a><\/td>\r\n    <\/tr>\r\n    <tr>\r\n      <td>Logistyka \/ Magazyn \/ Zarz\u0105dzanie sprz\u0119tem za\u0142adunkowym<\/td>\r\n      <td><a href=\"tel:05324773618\">05324 \/ 7736 - 18<\/a><\/td>\r\n    <\/tr>\r\n    <tr>\r\n      <td>Rozliczanie towar\u00f3w masowych<\/td>\r\n      <td><a href=\"tel:05324773618\">05324 \/ 7736 - 18<\/a><\/td>\r\n    <\/tr>\r\n    <tr>\r\n      <td>Agencja rozliczeniowa<\/td>\r\n      <td><a href=\"tel:05324773617\">05324 \/ 7736 - 17\/34<\/a><\/td>\r\n    <\/tr>\r\n    <tr>\r\n      <td>Komunikacja \/ Marketing<\/td>\r\n      <td><a href=\"tel:05324773616\">05324 \/ 7736 - 16<\/a><\/td>\r\n    <\/tr>\r\n  <\/tbody>\r\n<\/table>\r\n\t\t\t\t<\/div>\n\t\t\t\t<\/div>\n\t\t\t\t\t<\/div>\n\t\t\t\t<\/div>\n\t\t<div class=\"elementor-element elementor-element-c1500f9 e-flex e-con-boxed e-con e-parent\" data-id=\"c1500f9\" data-element_type=\"container\" data-e-type=\"container\">\n\t\t\t\t\t<div class=\"e-con-inner\">\n\t\t\t\t<div class=\"elementor-element elementor-element-e37e12e elementor-widget elementor-widget-heading\" data-id=\"e37e12e\" data-element_type=\"widget\" data-e-type=\"widget\" data-widget_type=\"heading.default\">\n\t\t\t\t<div class=\"elementor-widget-container\">\n\t\t\t\t\t<h2 class=\"elementor-heading-title elementor-size-default\">Kontakty w naszej lokalizacji<\/h2>\t\t\t\t<\/div>\n\t\t\t\t<\/div>\n\t\t\t\t\t<\/div>\n\t\t\t\t<\/div>\n\t\t<div class=\"elementor-element elementor-element-34ae241 e-flex e-con-boxed e-con e-parent\" data-id=\"34ae241\" data-element_type=\"container\" data-e-type=\"container\">\n\t\t\t\t\t<div class=\"e-con-inner\">\n\t\t<div class=\"elementor-element elementor-element-5854450 e-con-full e-flex e-con e-child\" data-id=\"5854450\" data-element_type=\"container\" data-e-type=\"container\">\n\t\t\t\t<div class=\"elementor-element elementor-element-b311170 elementor-widget elementor-widget-text-editor\" data-id=\"b311170\" data-element_type=\"widget\" data-e-type=\"widget\" data-widget_type=\"text-editor.default\">\n\t\t\t\t<div class=\"elementor-widget-container\">\n\t\t\t\t\t\t\t\t\t<p class=\"bodytext\"><strong>Spedition Hahne GmbH<\/strong><br>Clemensstra\u00dfe 73-75<br>44579 Castrop Rauxel<\/p><p class=\"bodytext\">Kontakt: A. Paul, Telefon: +49 23059 &#8211; 770311<br>Email: <a href=\"mailto:a.paul@hahne-spedition.de\">a.paul@hahne-spedition.de<\/a><\/p>\t\t\t\t\t\t\t\t<\/div>\n\t\t\t\t<\/div>\n\t\t\t\t<\/div>\n\t\t<div class=\"elementor-element elementor-element-14cf34f e-con-full e-flex e-con e-child\" data-id=\"14cf34f\" data-element_type=\"container\" data-e-type=\"container\">\n\t\t\t\t<div class=\"elementor-element elementor-element-aa0dff9 elementor-widget elementor-widget-text-editor\" data-id=\"aa0dff9\" data-element_type=\"widget\" data-e-type=\"widget\" data-widget_type=\"text-editor.default\">\n\t\t\t\t<div class=\"elementor-widget-container\">\n\t\t\t\t\t\t\t\t\t<p class=\"bodytext\"><strong>Hahne Trans GmbH<\/strong><br>B\u00fcnderstra\u00dfe 105<br>32051 Herford<\/p><p class=\"bodytext\">Osoba kontaktowa: D. B\u00f6ttcher, Telefon: + 49 (0) 5221 &#8211; 99444-700<br>Email: <a href=\"mailto:dispo@hahne-trans.de\">dispo@hahne-trans.de<\/a><\/p>\t\t\t\t\t\t\t\t<\/div>\n\t\t\t\t<\/div>\n\t\t\t\t<\/div>\n\t\t\t\t\t<\/div>\n\t\t\t\t<\/div>\n\t\t\t\t<\/div>\n\t\t","protected":false},"excerpt":{"rendered":"<p>Skontaktuj si\u0119 z nami Spediton Hahne GmbH Am G\u00fcterbahnhof 10-1238690 Goslar \/ Vienenburg www.hahne-spedition.de Wi\u0119cej informacji:info@hahne-spedition.de Zam\u00f3wienia:disposition@hahne-spedition.de Nasi indywidualni partnerzy kontaktowi Osoba kontaktowa Numer telefonu Centrala telefoniczna 05324 \/ 7736 &#8211; 0 Sekretariat \/ Ksi\u0119gowo\u015b\u0107 05324 \/ 7736 &#8211; 14 Utylizacja towar\u00f3w masowych 05324 \/ 7736 &#8211; 32\/38 Dysponowanie ruchem dalekobie\u017cnym 05324 \/ 7736 &#8211; [&hellip;]<\/p>\n","protected":false},"author":1,"featured_media":0,"parent":0,"menu_order":0,"comment_status":"closed","ping_status":"closed","template":"","meta":{"footnotes":""},"class_list":["post-4110","page","type-page","status-publish","hentry"],"yoast_head":"<!-- This site is optimized with the Yoast SEO plugin v27.4 - https:\/\/yoast.com\/product\/yoast-seo-wordpress\/ -->\n<title>Skontaktuj si\u0119 z nami - Spedition Hahne<\/title>\n<meta name=\"robots\" content=\"index, follow, max-snippet:-1, max-image-preview:large, max-video-preview:-1\" \/>\n<link rel=\"canonical\" href=\"https:\/\/www.hahne-spedition.de\/pl\/skontaktuj-sie-z-nami\/\" \/>\n<meta property=\"og:locale\" content=\"pl_PL\" \/>\n<meta property=\"og:type\" content=\"article\" \/>\n<meta property=\"og:title\" content=\"Skontaktuj si\u0119 z nami - Spedition Hahne\" \/>\n<meta property=\"og:description\" content=\"Skontaktuj si\u0119 z nami Spediton Hahne GmbH Am G\u00fcterbahnhof 10-1238690 Goslar \/ Vienenburg www.hahne-spedition.de Wi\u0119cej informacji:info@hahne-spedition.de Zam\u00f3wienia:disposition@hahne-spedition.de Nasi indywidualni partnerzy kontaktowi Osoba kontaktowa Numer telefonu Centrala telefoniczna 05324 \/ 7736 &#8211; 0 Sekretariat \/ Ksi\u0119gowo\u015b\u0107 05324 \/ 7736 &#8211; 14 Utylizacja towar\u00f3w masowych 05324 \/ 7736 &#8211; 32\/38 Dysponowanie ruchem dalekobie\u017cnym 05324 \/ 7736 &#8211; [&hellip;]\" \/>\n<meta property=\"og:url\" content=\"https:\/\/www.hahne-spedition.de\/pl\/skontaktuj-sie-z-nami\/\" \/>\n<meta property=\"og:site_name\" content=\"Spedition Hahne\" \/>\n<meta property=\"article:modified_time\" content=\"2025-05-14T11:34:59+00:00\" \/>\n<meta property=\"og:image\" content=\"https:\/\/www.hahne-spedition.de\/wp-content\/uploads\/2025\/02\/karte-standorte.jpg\" \/>\n\t<meta property=\"og:image:width\" content=\"1643\" \/>\n\t<meta property=\"og:image:height\" content=\"1601\" \/>\n\t<meta property=\"og:image:type\" content=\"image\/jpeg\" \/>\n<meta name=\"twitter:card\" content=\"summary_large_image\" \/>\n<meta name=\"twitter:label1\" content=\"Szacowany czas czytania\" \/>\n\t<meta name=\"twitter:data1\" content=\"1 minuta\" \/>\n<script type=\"application\/ld+json\" class=\"yoast-schema-graph\">{\"@context\":\"https:\\\/\\\/schema.org\",\"@graph\":[{\"@type\":\"WebPage\",\"@id\":\"https:\\\/\\\/www.hahne-spedition.de\\\/pl\\\/skontaktuj-sie-z-nami\\\/\",\"url\":\"https:\\\/\\\/www.hahne-spedition.de\\\/pl\\\/skontaktuj-sie-z-nami\\\/\",\"name\":\"Skontaktuj si\u0119 z nami - Spedition Hahne\",\"isPartOf\":{\"@id\":\"https:\\\/\\\/www.hahne-spedition.de\\\/pl\\\/#website\"},\"primaryImageOfPage\":{\"@id\":\"https:\\\/\\\/www.hahne-spedition.de\\\/pl\\\/skontaktuj-sie-z-nami\\\/#primaryimage\"},\"image\":{\"@id\":\"https:\\\/\\\/www.hahne-spedition.de\\\/pl\\\/skontaktuj-sie-z-nami\\\/#primaryimage\"},\"thumbnailUrl\":\"https:\\\/\\\/www.hahne-spedition.de\\\/wp-content\\\/uploads\\\/2025\\\/02\\\/karte-standorte-1024x998.jpg\",\"datePublished\":\"2025-01-22T14:45:07+00:00\",\"dateModified\":\"2025-05-14T11:34:59+00:00\",\"breadcrumb\":{\"@id\":\"https:\\\/\\\/www.hahne-spedition.de\\\/pl\\\/skontaktuj-sie-z-nami\\\/#breadcrumb\"},\"inLanguage\":\"pl-PL\",\"potentialAction\":[{\"@type\":\"ReadAction\",\"target\":[\"https:\\\/\\\/www.hahne-spedition.de\\\/pl\\\/skontaktuj-sie-z-nami\\\/\"]}]},{\"@type\":\"ImageObject\",\"inLanguage\":\"pl-PL\",\"@id\":\"https:\\\/\\\/www.hahne-spedition.de\\\/pl\\\/skontaktuj-sie-z-nami\\\/#primaryimage\",\"url\":\"https:\\\/\\\/www.hahne-spedition.de\\\/wp-content\\\/uploads\\\/2025\\\/02\\\/karte-standorte-1024x998.jpg\",\"contentUrl\":\"https:\\\/\\\/www.hahne-spedition.de\\\/wp-content\\\/uploads\\\/2025\\\/02\\\/karte-standorte-1024x998.jpg\"},{\"@type\":\"BreadcrumbList\",\"@id\":\"https:\\\/\\\/www.hahne-spedition.de\\\/pl\\\/skontaktuj-sie-z-nami\\\/#breadcrumb\",\"itemListElement\":[{\"@type\":\"ListItem\",\"position\":1,\"name\":\"Startseite\",\"item\":\"https:\\\/\\\/www.hahne-spedition.de\\\/pl\\\/\"},{\"@type\":\"ListItem\",\"position\":2,\"name\":\"Skontaktuj si\u0119 z nami\"}]},{\"@type\":\"WebSite\",\"@id\":\"https:\\\/\\\/www.hahne-spedition.de\\\/pl\\\/#website\",\"url\":\"https:\\\/\\\/www.hahne-spedition.de\\\/pl\\\/\",\"name\":\"Spedition Hahne\",\"description\":\"Immer in Bewegung\",\"publisher\":{\"@id\":\"https:\\\/\\\/www.hahne-spedition.de\\\/pl\\\/#organization\"},\"potentialAction\":[{\"@type\":\"SearchAction\",\"target\":{\"@type\":\"EntryPoint\",\"urlTemplate\":\"https:\\\/\\\/www.hahne-spedition.de\\\/pl\\\/?s={search_term_string}\"},\"query-input\":{\"@type\":\"PropertyValueSpecification\",\"valueRequired\":true,\"valueName\":\"search_term_string\"}}],\"inLanguage\":\"pl-PL\"},{\"@type\":\"Organization\",\"@id\":\"https:\\\/\\\/www.hahne-spedition.de\\\/pl\\\/#organization\",\"name\":\"Spedition Hahne\",\"url\":\"https:\\\/\\\/www.hahne-spedition.de\\\/pl\\\/\",\"logo\":{\"@type\":\"ImageObject\",\"inLanguage\":\"pl-PL\",\"@id\":\"https:\\\/\\\/www.hahne-spedition.de\\\/pl\\\/#\\\/schema\\\/logo\\\/image\\\/\",\"url\":\"https:\\\/\\\/www.hahne-spedition.de\\\/wp-content\\\/uploads\\\/2024\\\/11\\\/spedition-hahne-logo.png\",\"contentUrl\":\"https:\\\/\\\/www.hahne-spedition.de\\\/wp-content\\\/uploads\\\/2024\\\/11\\\/spedition-hahne-logo.png\",\"width\":637,\"height\":246,\"caption\":\"Spedition Hahne\"},\"image\":{\"@id\":\"https:\\\/\\\/www.hahne-spedition.de\\\/pl\\\/#\\\/schema\\\/logo\\\/image\\\/\"}}]}<\/script>\n<!-- \/ Yoast SEO plugin. -->","yoast_head_json":{"title":"Skontaktuj si\u0119 z nami - Spedition Hahne","robots":{"index":"index","follow":"follow","max-snippet":"max-snippet:-1","max-image-preview":"max-image-preview:large","max-video-preview":"max-video-preview:-1"},"canonical":"https:\/\/www.hahne-spedition.de\/pl\/skontaktuj-sie-z-nami\/","og_locale":"pl_PL","og_type":"article","og_title":"Skontaktuj si\u0119 z nami - Spedition Hahne","og_description":"Skontaktuj si\u0119 z nami Spediton Hahne GmbH Am G\u00fcterbahnhof 10-1238690 Goslar \/ Vienenburg www.hahne-spedition.de Wi\u0119cej informacji:info@hahne-spedition.de Zam\u00f3wienia:disposition@hahne-spedition.de Nasi indywidualni partnerzy kontaktowi Osoba kontaktowa Numer telefonu Centrala telefoniczna 05324 \/ 7736 &#8211; 0 Sekretariat \/ Ksi\u0119gowo\u015b\u0107 05324 \/ 7736 &#8211; 14 Utylizacja towar\u00f3w masowych 05324 \/ 7736 &#8211; 32\/38 Dysponowanie ruchem dalekobie\u017cnym 05324 \/ 7736 &#8211; [&hellip;]","og_url":"https:\/\/www.hahne-spedition.de\/pl\/skontaktuj-sie-z-nami\/","og_site_name":"Spedition Hahne","article_modified_time":"2025-05-14T11:34:59+00:00","og_image":[{"width":1643,"height":1601,"url":"https:\/\/www.hahne-spedition.de\/wp-content\/uploads\/2025\/02\/karte-standorte.jpg","type":"image\/jpeg"}],"twitter_card":"summary_large_image","twitter_misc":{"Szacowany czas czytania":"1 minuta"},"schema":{"@context":"https:\/\/schema.org","@graph":[{"@type":"WebPage","@id":"https:\/\/www.hahne-spedition.de\/pl\/skontaktuj-sie-z-nami\/","url":"https:\/\/www.hahne-spedition.de\/pl\/skontaktuj-sie-z-nami\/","name":"Skontaktuj si\u0119 z nami - Spedition Hahne","isPartOf":{"@id":"https:\/\/www.hahne-spedition.de\/pl\/#website"},"primaryImageOfPage":{"@id":"https:\/\/www.hahne-spedition.de\/pl\/skontaktuj-sie-z-nami\/#primaryimage"},"image":{"@id":"https:\/\/www.hahne-spedition.de\/pl\/skontaktuj-sie-z-nami\/#primaryimage"},"thumbnailUrl":"https:\/\/www.hahne-spedition.de\/wp-content\/uploads\/2025\/02\/karte-standorte-1024x998.jpg","datePublished":"2025-01-22T14:45:07+00:00","dateModified":"2025-05-14T11:34:59+00:00","breadcrumb":{"@id":"https:\/\/www.hahne-spedition.de\/pl\/skontaktuj-sie-z-nami\/#breadcrumb"},"inLanguage":"pl-PL","potentialAction":[{"@type":"ReadAction","target":["https:\/\/www.hahne-spedition.de\/pl\/skontaktuj-sie-z-nami\/"]}]},{"@type":"ImageObject","inLanguage":"pl-PL","@id":"https:\/\/www.hahne-spedition.de\/pl\/skontaktuj-sie-z-nami\/#primaryimage","url":"https:\/\/www.hahne-spedition.de\/wp-content\/uploads\/2025\/02\/karte-standorte-1024x998.jpg","contentUrl":"https:\/\/www.hahne-spedition.de\/wp-content\/uploads\/2025\/02\/karte-standorte-1024x998.jpg"},{"@type":"BreadcrumbList","@id":"https:\/\/www.hahne-spedition.de\/pl\/skontaktuj-sie-z-nami\/#breadcrumb","itemListElement":[{"@type":"ListItem","position":1,"name":"Startseite","item":"https:\/\/www.hahne-spedition.de\/pl\/"},{"@type":"ListItem","position":2,"name":"Skontaktuj si\u0119 z nami"}]},{"@type":"WebSite","@id":"https:\/\/www.hahne-spedition.de\/pl\/#website","url":"https:\/\/www.hahne-spedition.de\/pl\/","name":"Spedition Hahne","description":"Immer in Bewegung","publisher":{"@id":"https:\/\/www.hahne-spedition.de\/pl\/#organization"},"potentialAction":[{"@type":"SearchAction","target":{"@type":"EntryPoint","urlTemplate":"https:\/\/www.hahne-spedition.de\/pl\/?s={search_term_string}"},"query-input":{"@type":"PropertyValueSpecification","valueRequired":true,"valueName":"search_term_string"}}],"inLanguage":"pl-PL"},{"@type":"Organization","@id":"https:\/\/www.hahne-spedition.de\/pl\/#organization","name":"Spedition Hahne","url":"https:\/\/www.hahne-spedition.de\/pl\/","logo":{"@type":"ImageObject","inLanguage":"pl-PL","@id":"https:\/\/www.hahne-spedition.de\/pl\/#\/schema\/logo\/image\/","url":"https:\/\/www.hahne-spedition.de\/wp-content\/uploads\/2024\/11\/spedition-hahne-logo.png","contentUrl":"https:\/\/www.hahne-spedition.de\/wp-content\/uploads\/2024\/11\/spedition-hahne-logo.png","width":637,"height":246,"caption":"Spedition Hahne"},"image":{"@id":"https:\/\/www.hahne-spedition.de\/pl\/#\/schema\/logo\/image\/"}}]}},"_links":{"self":[{"href":"https:\/\/www.hahne-spedition.de\/pl\/wp-json\/wp\/v2\/pages\/4110","targetHints":{"allow":["GET"]}}],"collection":[{"href":"https:\/\/www.hahne-spedition.de\/pl\/wp-json\/wp\/v2\/pages"}],"about":[{"href":"https:\/\/www.hahne-spedition.de\/pl\/wp-json\/wp\/v2\/types\/page"}],"author":[{"embeddable":true,"href":"https:\/\/www.hahne-spedition.de\/pl\/wp-json\/wp\/v2\/users\/1"}],"replies":[{"embeddable":true,"href":"https:\/\/www.hahne-spedition.de\/pl\/wp-json\/wp\/v2\/comments?post=4110"}],"version-history":[{"count":1,"href":"https:\/\/www.hahne-spedition.de\/pl\/wp-json\/wp\/v2\/pages\/4110\/revisions"}],"predecessor-version":[{"id":4112,"href":"https:\/\/www.hahne-spedition.de\/pl\/wp-json\/wp\/v2\/pages\/4110\/revisions\/4112"}],"wp:attachment":[{"href":"https:\/\/www.hahne-spedition.de\/pl\/wp-json\/wp\/v2\/media?parent=4110"}],"curies":[{"name":"wp","href":"https:\/\/api.w.org\/{rel}","templated":true}]}}