{"id":4158,"date":"2025-01-06T11:31:37","date_gmt":"2025-01-06T10:31:37","guid":{"rendered":"http:\/\/spedition-hahne.webdesignbs.de\/uslugi\/wyspecjalizowana-firma-zarzadzajaca-odpadami\/"},"modified":"2025-05-14T13:35:07","modified_gmt":"2025-05-14T11:35:07","slug":"wyspecjalizowana-firma-zarzadzajaca-odpadami","status":"publish","type":"page","link":"https:\/\/www.hahne-spedition.de\/pl\/uslugi\/wyspecjalizowana-firma-zarzadzajaca-odpadami\/","title":{"rendered":"Wyspecjalizowana firma zarz\u0105dzaj\u0105ca odpadami"},"content":{"rendered":"\t\t<div data-elementor-type=\"wp-page\" data-elementor-id=\"4158\" class=\"elementor elementor-4158 elementor-344\" data-elementor-post-type=\"page\">\n\t\t\t\t<div class=\"elementor-element elementor-element-f82b08a e-flex e-con-boxed e-con e-parent\" data-id=\"f82b08a\" data-element_type=\"container\" data-e-type=\"container\" data-settings=\"{&quot;background_background&quot;:&quot;classic&quot;}\">\n\t\t\t\t\t<div class=\"e-con-inner\">\n\t\t<div class=\"elementor-element elementor-element-d3bf5d9 e-con-full e-flex e-con e-child\" data-id=\"d3bf5d9\" data-element_type=\"container\" data-e-type=\"container\">\n\t\t\t\t<div class=\"elementor-element elementor-element-71d3a0b elementor-hidden-mobile elementor-widget elementor-widget-heading\" data-id=\"71d3a0b\" data-element_type=\"widget\" data-e-type=\"widget\" data-widget_type=\"heading.default\">\n\t\t\t\t<div class=\"elementor-widget-container\">\n\t\t\t\t\t<h2 class=\"elementor-heading-title elementor-size-default\">Wyspecjalizowana firma zarz\u0105dzaj\u0105ca odpadami<\/h2>\t\t\t\t<\/div>\n\t\t\t\t<\/div>\n\t\t\t\t<div class=\"elementor-element elementor-element-e494aa3 elementor-hidden-desktop elementor-hidden-tablet elementor-widget elementor-widget-heading\" data-id=\"e494aa3\" data-element_type=\"widget\" data-e-type=\"widget\" data-widget_type=\"heading.default\">\n\t\t\t\t<div class=\"elementor-widget-container\">\n\t\t\t\t\t<h2 class=\"elementor-heading-title elementor-size-default\">Wyspecjalizowana firma zajmuj\u0105ca si\u0119 utylizacj\u0105 odpad\u00f3w<\/h2>\t\t\t\t<\/div>\n\t\t\t\t<\/div>\n\t\t\t\t<div class=\"elementor-element elementor-element-bbc29e3 elementor-widget elementor-widget-text-editor\" data-id=\"bbc29e3\" data-element_type=\"widget\" data-e-type=\"widget\" data-widget_type=\"text-editor.default\">\n\t\t\t\t<div class=\"elementor-widget-container\">\n\t\t\t\t\t\t\t\t\t<p>Jako certyfikowana firma zarz\u0105dzaj\u0105ca odpadami zgodnie z \u00a7 56 KrW\/AbfG, nasze us\u0142ugi transportowe i kontenerowe oferuj\u0105 przyjazne dla \u015brodowiska zarz\u0105dzanie odpadami z koordynacj\u0105 i logistyk\u0105 z jednego \u017ar\u00f3d\u0142a:<\/p>\n<p>Gwarantujemy naszym klientom maksymalne bezpiecze\u0144stwo utylizacji dzi\u0119ki przyjaznym dla \u015brodowiska, bezpiecznym i weryfikowalnym trasom utylizacji oraz wykorzystaniu najnowocze\u015bniejszego sprz\u0119tu.<\/p>\t\t\t\t\t\t\t\t<\/div>\n\t\t\t\t<\/div>\n\t\t\t\t<div class=\"elementor-element elementor-element-4767fc7 elementor-widget elementor-widget-image\" data-id=\"4767fc7\" data-element_type=\"widget\" data-e-type=\"widget\" data-widget_type=\"image.default\">\n\t\t\t\t<div class=\"elementor-widget-container\">\n\t\t\t\t\t\t\t\t\t\t\t\t\t\t\t<img fetchpriority=\"high\" decoding=\"async\" width=\"352\" height=\"171\" src=\"https:\/\/www.hahne-spedition.de\/wp-content\/uploads\/2025\/01\/siegel-entsorgungsfachbetrieb.jpg\" class=\"attachment-medium_large size-medium_large wp-image-3531\" alt=\"\" srcset=\"https:\/\/www.hahne-spedition.de\/wp-content\/uploads\/2025\/01\/siegel-entsorgungsfachbetrieb.jpg 352w, https:\/\/www.hahne-spedition.de\/wp-content\/uploads\/2025\/01\/siegel-entsorgungsfachbetrieb-300x146.jpg 300w\" sizes=\"(max-width: 352px) 100vw, 352px\" \/>\t\t\t\t\t\t\t\t\t\t\t\t\t\t\t<\/div>\n\t\t\t\t<\/div>\n\t\t\t\t<\/div>\n\t\t<div class=\"elementor-element elementor-element-89c5316 e-con-full e-flex e-con e-child\" data-id=\"89c5316\" data-element_type=\"container\" data-e-type=\"container\">\n\t\t\t\t<div class=\"elementor-element elementor-element-764f3f9 elementor-widget elementor-widget-image\" data-id=\"764f3f9\" data-element_type=\"widget\" data-e-type=\"widget\" data-widget_type=\"image.default\">\n\t\t\t\t<div class=\"elementor-widget-container\">\n\t\t\t\t\t\t\t\t\t\t\t\t\t\t\t<img decoding=\"async\" width=\"529\" height=\"616\" src=\"https:\/\/www.hahne-spedition.de\/wp-content\/uploads\/2024\/12\/Bild.png\" class=\"attachment-large size-large wp-image-3379\" alt=\"Hahne Gel\u00e4nde von oben in Schwarz-wei\u00df\" srcset=\"https:\/\/www.hahne-spedition.de\/wp-content\/uploads\/2024\/12\/Bild.png 529w, https:\/\/www.hahne-spedition.de\/wp-content\/uploads\/2024\/12\/Bild-258x300.png 258w\" sizes=\"(max-width: 529px) 100vw, 529px\" \/>\t\t\t\t\t\t\t\t\t\t\t\t\t\t\t<\/div>\n\t\t\t\t<\/div>\n\t\t\t\t<\/div>\n\t\t\t\t\t<\/div>\n\t\t\t\t<\/div>\n\t\t<div class=\"elementor-element elementor-element-f0ca3d0 e-con-full e-flex e-con e-parent\" data-id=\"f0ca3d0\" data-element_type=\"container\" data-e-type=\"container\" data-settings=\"{&quot;background_background&quot;:&quot;classic&quot;}\">\n\t\t<div class=\"elementor-element elementor-element-1b33e9d e-con-full e-flex e-con e-child\" data-id=\"1b33e9d\" data-element_type=\"container\" data-e-type=\"container\">\n\t\t\t\t<div class=\"elementor-element elementor-element-658f1c3 elementor-widget elementor-widget-image\" data-id=\"658f1c3\" data-element_type=\"widget\" data-e-type=\"widget\" data-widget_type=\"image.default\">\n\t\t\t\t<div class=\"elementor-widget-container\">\n\t\t\t\t\t\t\t\t\t\t\t\t\t\t\t<img decoding=\"async\" width=\"800\" height=\"600\" src=\"https:\/\/www.hahne-spedition.de\/wp-content\/uploads\/2025\/02\/2608BA60-D152-411A-ADC0-007525EA8440-1024x768.jpeg\" class=\"attachment-large size-large wp-image-3731\" alt=\"Hahne Sattelschlepper mit mehreren Containern auf den Anh\u00e4ngern\" srcset=\"https:\/\/www.hahne-spedition.de\/wp-content\/uploads\/2025\/02\/2608BA60-D152-411A-ADC0-007525EA8440-1024x768.jpeg 1024w, https:\/\/www.hahne-spedition.de\/wp-content\/uploads\/2025\/02\/2608BA60-D152-411A-ADC0-007525EA8440-300x225.jpeg 300w, https:\/\/www.hahne-spedition.de\/wp-content\/uploads\/2025\/02\/2608BA60-D152-411A-ADC0-007525EA8440-768x576.jpeg 768w, https:\/\/www.hahne-spedition.de\/wp-content\/uploads\/2025\/02\/2608BA60-D152-411A-ADC0-007525EA8440-1536x1152.jpeg 1536w, https:\/\/www.hahne-spedition.de\/wp-content\/uploads\/2025\/02\/2608BA60-D152-411A-ADC0-007525EA8440.jpeg 2016w\" sizes=\"(max-width: 800px) 100vw, 800px\" \/>\t\t\t\t\t\t\t\t\t\t\t\t\t\t\t<\/div>\n\t\t\t\t<\/div>\n\t\t\t\t<\/div>\n\t\t<div class=\"elementor-element elementor-element-41f6235 e-con-full e-flex e-con e-child\" data-id=\"41f6235\" data-element_type=\"container\" data-e-type=\"container\">\n\t\t\t\t<div class=\"elementor-element elementor-element-d75d632 elementor-widget elementor-widget-text-editor\" data-id=\"d75d632\" data-element_type=\"widget\" data-e-type=\"widget\" data-widget_type=\"text-editor.default\">\n\t\t\t\t<div class=\"elementor-widget-container\">\n\t\t\t\t\t\t\t\t\t<p><strong>Oferujemy specyficzne dla odpad\u00f3w systemy logistyczne z w\u0142asn\u0105 flot\u0105 pojazd\u00f3w\/sprz\u0119tu z wyposa\u017ceniem ADR w razie potrzeby.<\/strong><\/p>\t\t\t\t\t\t\t\t<\/div>\n\t\t\t\t<\/div>\n\t\t\t\t<div class=\"elementor-element elementor-element-a0cb7db elementor-widget elementor-widget-text-editor\" data-id=\"a0cb7db\" data-element_type=\"widget\" data-e-type=\"widget\" data-widget_type=\"text-editor.default\">\n\t\t\t\t<div class=\"elementor-widget-container\">\n\t\t\t\t\t\t\t\t\t<p><strong>Dzia\u0142amy w ca\u0142ej Europie i posiadamy licencje na transport odpad\u00f3w we wszystkich innych pa\u0144stwach cz\u0142onkowskich UE.<\/strong><\/p>\t\t\t\t\t\t\t\t<\/div>\n\t\t\t\t<\/div>\n\t\t\t\t<\/div>\n\t\t\t\t<\/div>\n\t\t\t\t<\/div>\n\t\t","protected":false},"excerpt":{"rendered":"<p>Wyspecjalizowana firma zarz\u0105dzaj\u0105ca odpadami Wyspecjalizowana firma zajmuj\u0105ca si\u0119 utylizacj\u0105 odpad\u00f3w Jako certyfikowana firma zarz\u0105dzaj\u0105ca odpadami zgodnie z \u00a7 56 KrW\/AbfG, nasze us\u0142ugi transportowe i kontenerowe oferuj\u0105 przyjazne dla \u015brodowiska zarz\u0105dzanie odpadami z koordynacj\u0105 i logistyk\u0105 z jednego \u017ar\u00f3d\u0142a: Gwarantujemy naszym klientom maksymalne bezpiecze\u0144stwo utylizacji dzi\u0119ki przyjaznym dla \u015brodowiska, bezpiecznym i weryfikowalnym trasom utylizacji oraz wykorzystaniu [&hellip;]<\/p>\n","protected":false},"author":1,"featured_media":0,"parent":4066,"menu_order":0,"comment_status":"closed","ping_status":"closed","template":"","meta":{"footnotes":""},"class_list":["post-4158","page","type-page","status-publish","hentry"],"yoast_head":"<!-- This site is optimized with the Yoast SEO plugin v27.4 - https:\/\/yoast.com\/product\/yoast-seo-wordpress\/ -->\n<title>Wyspecjalizowana firma zarz\u0105dzaj\u0105ca odpadami - Spedition Hahne<\/title>\n<meta name=\"robots\" content=\"index, follow, max-snippet:-1, max-image-preview:large, max-video-preview:-1\" \/>\n<link rel=\"canonical\" href=\"https:\/\/www.hahne-spedition.de\/pl\/uslugi\/wyspecjalizowana-firma-zarzadzajaca-odpadami\/\" \/>\n<meta property=\"og:locale\" content=\"pl_PL\" \/>\n<meta property=\"og:type\" content=\"article\" \/>\n<meta property=\"og:title\" content=\"Wyspecjalizowana firma zarz\u0105dzaj\u0105ca odpadami - Spedition Hahne\" \/>\n<meta property=\"og:description\" content=\"Wyspecjalizowana firma zarz\u0105dzaj\u0105ca odpadami Wyspecjalizowana firma zajmuj\u0105ca si\u0119 utylizacj\u0105 odpad\u00f3w Jako certyfikowana firma zarz\u0105dzaj\u0105ca odpadami zgodnie z \u00a7 56 KrW\/AbfG, nasze us\u0142ugi transportowe i kontenerowe oferuj\u0105 przyjazne dla \u015brodowiska zarz\u0105dzanie odpadami z koordynacj\u0105 i logistyk\u0105 z jednego \u017ar\u00f3d\u0142a: Gwarantujemy naszym klientom maksymalne bezpiecze\u0144stwo utylizacji dzi\u0119ki przyjaznym dla \u015brodowiska, bezpiecznym i weryfikowalnym trasom utylizacji oraz wykorzystaniu [&hellip;]\" \/>\n<meta property=\"og:url\" content=\"https:\/\/www.hahne-spedition.de\/pl\/uslugi\/wyspecjalizowana-firma-zarzadzajaca-odpadami\/\" \/>\n<meta property=\"og:site_name\" content=\"Spedition Hahne\" \/>\n<meta property=\"article:modified_time\" content=\"2025-05-14T11:35:07+00:00\" \/>\n<meta property=\"og:image\" content=\"https:\/\/www.hahne-spedition.de\/wp-content\/uploads\/2025\/01\/siegel-entsorgungsfachbetrieb.jpg\" \/>\n\t<meta property=\"og:image:width\" content=\"352\" \/>\n\t<meta property=\"og:image:height\" content=\"171\" \/>\n\t<meta property=\"og:image:type\" content=\"image\/jpeg\" \/>\n<meta name=\"twitter:card\" content=\"summary_large_image\" \/>\n<meta name=\"twitter:label1\" content=\"Szacowany czas czytania\" \/>\n\t<meta name=\"twitter:data1\" content=\"1 minuta\" \/>\n<script type=\"application\/ld+json\" class=\"yoast-schema-graph\">{\"@context\":\"https:\\\/\\\/schema.org\",\"@graph\":[{\"@type\":\"WebPage\",\"@id\":\"https:\\\/\\\/www.hahne-spedition.de\\\/pl\\\/uslugi\\\/wyspecjalizowana-firma-zarzadzajaca-odpadami\\\/\",\"url\":\"https:\\\/\\\/www.hahne-spedition.de\\\/pl\\\/uslugi\\\/wyspecjalizowana-firma-zarzadzajaca-odpadami\\\/\",\"name\":\"Wyspecjalizowana firma zarz\u0105dzaj\u0105ca odpadami - Spedition Hahne\",\"isPartOf\":{\"@id\":\"https:\\\/\\\/www.hahne-spedition.de\\\/pl\\\/#website\"},\"primaryImageOfPage\":{\"@id\":\"https:\\\/\\\/www.hahne-spedition.de\\\/pl\\\/uslugi\\\/wyspecjalizowana-firma-zarzadzajaca-odpadami\\\/#primaryimage\"},\"image\":{\"@id\":\"https:\\\/\\\/www.hahne-spedition.de\\\/pl\\\/uslugi\\\/wyspecjalizowana-firma-zarzadzajaca-odpadami\\\/#primaryimage\"},\"thumbnailUrl\":\"https:\\\/\\\/www.hahne-spedition.de\\\/wp-content\\\/uploads\\\/2025\\\/01\\\/siegel-entsorgungsfachbetrieb.jpg\",\"datePublished\":\"2025-01-06T10:31:37+00:00\",\"dateModified\":\"2025-05-14T11:35:07+00:00\",\"breadcrumb\":{\"@id\":\"https:\\\/\\\/www.hahne-spedition.de\\\/pl\\\/uslugi\\\/wyspecjalizowana-firma-zarzadzajaca-odpadami\\\/#breadcrumb\"},\"inLanguage\":\"pl-PL\",\"potentialAction\":[{\"@type\":\"ReadAction\",\"target\":[\"https:\\\/\\\/www.hahne-spedition.de\\\/pl\\\/uslugi\\\/wyspecjalizowana-firma-zarzadzajaca-odpadami\\\/\"]}]},{\"@type\":\"ImageObject\",\"inLanguage\":\"pl-PL\",\"@id\":\"https:\\\/\\\/www.hahne-spedition.de\\\/pl\\\/uslugi\\\/wyspecjalizowana-firma-zarzadzajaca-odpadami\\\/#primaryimage\",\"url\":\"https:\\\/\\\/www.hahne-spedition.de\\\/wp-content\\\/uploads\\\/2025\\\/01\\\/siegel-entsorgungsfachbetrieb.jpg\",\"contentUrl\":\"https:\\\/\\\/www.hahne-spedition.de\\\/wp-content\\\/uploads\\\/2025\\\/01\\\/siegel-entsorgungsfachbetrieb.jpg\"},{\"@type\":\"BreadcrumbList\",\"@id\":\"https:\\\/\\\/www.hahne-spedition.de\\\/pl\\\/uslugi\\\/wyspecjalizowana-firma-zarzadzajaca-odpadami\\\/#breadcrumb\",\"itemListElement\":[{\"@type\":\"ListItem\",\"position\":1,\"name\":\"Startseite\",\"item\":\"https:\\\/\\\/www.hahne-spedition.de\\\/pl\\\/\"},{\"@type\":\"ListItem\",\"position\":2,\"name\":\"Us\u0142ugi\",\"item\":\"https:\\\/\\\/www.hahne-spedition.de\\\/pl\\\/uslugi\\\/\"},{\"@type\":\"ListItem\",\"position\":3,\"name\":\"Wyspecjalizowana firma zarz\u0105dzaj\u0105ca odpadami\"}]},{\"@type\":\"WebSite\",\"@id\":\"https:\\\/\\\/www.hahne-spedition.de\\\/pl\\\/#website\",\"url\":\"https:\\\/\\\/www.hahne-spedition.de\\\/pl\\\/\",\"name\":\"Spedition Hahne\",\"description\":\"Immer in Bewegung\",\"publisher\":{\"@id\":\"https:\\\/\\\/www.hahne-spedition.de\\\/pl\\\/#organization\"},\"potentialAction\":[{\"@type\":\"SearchAction\",\"target\":{\"@type\":\"EntryPoint\",\"urlTemplate\":\"https:\\\/\\\/www.hahne-spedition.de\\\/pl\\\/?s={search_term_string}\"},\"query-input\":{\"@type\":\"PropertyValueSpecification\",\"valueRequired\":true,\"valueName\":\"search_term_string\"}}],\"inLanguage\":\"pl-PL\"},{\"@type\":\"Organization\",\"@id\":\"https:\\\/\\\/www.hahne-spedition.de\\\/pl\\\/#organization\",\"name\":\"Spedition Hahne\",\"url\":\"https:\\\/\\\/www.hahne-spedition.de\\\/pl\\\/\",\"logo\":{\"@type\":\"ImageObject\",\"inLanguage\":\"pl-PL\",\"@id\":\"https:\\\/\\\/www.hahne-spedition.de\\\/pl\\\/#\\\/schema\\\/logo\\\/image\\\/\",\"url\":\"https:\\\/\\\/www.hahne-spedition.de\\\/wp-content\\\/uploads\\\/2024\\\/11\\\/spedition-hahne-logo.png\",\"contentUrl\":\"https:\\\/\\\/www.hahne-spedition.de\\\/wp-content\\\/uploads\\\/2024\\\/11\\\/spedition-hahne-logo.png\",\"width\":637,\"height\":246,\"caption\":\"Spedition Hahne\"},\"image\":{\"@id\":\"https:\\\/\\\/www.hahne-spedition.de\\\/pl\\\/#\\\/schema\\\/logo\\\/image\\\/\"}}]}<\/script>\n<!-- \/ Yoast SEO plugin. -->","yoast_head_json":{"title":"Wyspecjalizowana firma zarz\u0105dzaj\u0105ca odpadami - Spedition Hahne","robots":{"index":"index","follow":"follow","max-snippet":"max-snippet:-1","max-image-preview":"max-image-preview:large","max-video-preview":"max-video-preview:-1"},"canonical":"https:\/\/www.hahne-spedition.de\/pl\/uslugi\/wyspecjalizowana-firma-zarzadzajaca-odpadami\/","og_locale":"pl_PL","og_type":"article","og_title":"Wyspecjalizowana firma zarz\u0105dzaj\u0105ca odpadami - Spedition Hahne","og_description":"Wyspecjalizowana firma zarz\u0105dzaj\u0105ca odpadami Wyspecjalizowana firma zajmuj\u0105ca si\u0119 utylizacj\u0105 odpad\u00f3w Jako certyfikowana firma zarz\u0105dzaj\u0105ca odpadami zgodnie z \u00a7 56 KrW\/AbfG, nasze us\u0142ugi transportowe i kontenerowe oferuj\u0105 przyjazne dla \u015brodowiska zarz\u0105dzanie odpadami z koordynacj\u0105 i logistyk\u0105 z jednego \u017ar\u00f3d\u0142a: Gwarantujemy naszym klientom maksymalne bezpiecze\u0144stwo utylizacji dzi\u0119ki przyjaznym dla \u015brodowiska, bezpiecznym i weryfikowalnym trasom utylizacji oraz wykorzystaniu [&hellip;]","og_url":"https:\/\/www.hahne-spedition.de\/pl\/uslugi\/wyspecjalizowana-firma-zarzadzajaca-odpadami\/","og_site_name":"Spedition Hahne","article_modified_time":"2025-05-14T11:35:07+00:00","og_image":[{"width":352,"height":171,"url":"https:\/\/www.hahne-spedition.de\/wp-content\/uploads\/2025\/01\/siegel-entsorgungsfachbetrieb.jpg","type":"image\/jpeg"}],"twitter_card":"summary_large_image","twitter_misc":{"Szacowany czas czytania":"1 minuta"},"schema":{"@context":"https:\/\/schema.org","@graph":[{"@type":"WebPage","@id":"https:\/\/www.hahne-spedition.de\/pl\/uslugi\/wyspecjalizowana-firma-zarzadzajaca-odpadami\/","url":"https:\/\/www.hahne-spedition.de\/pl\/uslugi\/wyspecjalizowana-firma-zarzadzajaca-odpadami\/","name":"Wyspecjalizowana firma zarz\u0105dzaj\u0105ca odpadami - Spedition Hahne","isPartOf":{"@id":"https:\/\/www.hahne-spedition.de\/pl\/#website"},"primaryImageOfPage":{"@id":"https:\/\/www.hahne-spedition.de\/pl\/uslugi\/wyspecjalizowana-firma-zarzadzajaca-odpadami\/#primaryimage"},"image":{"@id":"https:\/\/www.hahne-spedition.de\/pl\/uslugi\/wyspecjalizowana-firma-zarzadzajaca-odpadami\/#primaryimage"},"thumbnailUrl":"https:\/\/www.hahne-spedition.de\/wp-content\/uploads\/2025\/01\/siegel-entsorgungsfachbetrieb.jpg","datePublished":"2025-01-06T10:31:37+00:00","dateModified":"2025-05-14T11:35:07+00:00","breadcrumb":{"@id":"https:\/\/www.hahne-spedition.de\/pl\/uslugi\/wyspecjalizowana-firma-zarzadzajaca-odpadami\/#breadcrumb"},"inLanguage":"pl-PL","potentialAction":[{"@type":"ReadAction","target":["https:\/\/www.hahne-spedition.de\/pl\/uslugi\/wyspecjalizowana-firma-zarzadzajaca-odpadami\/"]}]},{"@type":"ImageObject","inLanguage":"pl-PL","@id":"https:\/\/www.hahne-spedition.de\/pl\/uslugi\/wyspecjalizowana-firma-zarzadzajaca-odpadami\/#primaryimage","url":"https:\/\/www.hahne-spedition.de\/wp-content\/uploads\/2025\/01\/siegel-entsorgungsfachbetrieb.jpg","contentUrl":"https:\/\/www.hahne-spedition.de\/wp-content\/uploads\/2025\/01\/siegel-entsorgungsfachbetrieb.jpg"},{"@type":"BreadcrumbList","@id":"https:\/\/www.hahne-spedition.de\/pl\/uslugi\/wyspecjalizowana-firma-zarzadzajaca-odpadami\/#breadcrumb","itemListElement":[{"@type":"ListItem","position":1,"name":"Startseite","item":"https:\/\/www.hahne-spedition.de\/pl\/"},{"@type":"ListItem","position":2,"name":"Us\u0142ugi","item":"https:\/\/www.hahne-spedition.de\/pl\/uslugi\/"},{"@type":"ListItem","position":3,"name":"Wyspecjalizowana firma zarz\u0105dzaj\u0105ca odpadami"}]},{"@type":"WebSite","@id":"https:\/\/www.hahne-spedition.de\/pl\/#website","url":"https:\/\/www.hahne-spedition.de\/pl\/","name":"Spedition Hahne","description":"Immer in Bewegung","publisher":{"@id":"https:\/\/www.hahne-spedition.de\/pl\/#organization"},"potentialAction":[{"@type":"SearchAction","target":{"@type":"EntryPoint","urlTemplate":"https:\/\/www.hahne-spedition.de\/pl\/?s={search_term_string}"},"query-input":{"@type":"PropertyValueSpecification","valueRequired":true,"valueName":"search_term_string"}}],"inLanguage":"pl-PL"},{"@type":"Organization","@id":"https:\/\/www.hahne-spedition.de\/pl\/#organization","name":"Spedition Hahne","url":"https:\/\/www.hahne-spedition.de\/pl\/","logo":{"@type":"ImageObject","inLanguage":"pl-PL","@id":"https:\/\/www.hahne-spedition.de\/pl\/#\/schema\/logo\/image\/","url":"https:\/\/www.hahne-spedition.de\/wp-content\/uploads\/2024\/11\/spedition-hahne-logo.png","contentUrl":"https:\/\/www.hahne-spedition.de\/wp-content\/uploads\/2024\/11\/spedition-hahne-logo.png","width":637,"height":246,"caption":"Spedition Hahne"},"image":{"@id":"https:\/\/www.hahne-spedition.de\/pl\/#\/schema\/logo\/image\/"}}]}},"_links":{"self":[{"href":"https:\/\/www.hahne-spedition.de\/pl\/wp-json\/wp\/v2\/pages\/4158","targetHints":{"allow":["GET"]}}],"collection":[{"href":"https:\/\/www.hahne-spedition.de\/pl\/wp-json\/wp\/v2\/pages"}],"about":[{"href":"https:\/\/www.hahne-spedition.de\/pl\/wp-json\/wp\/v2\/types\/page"}],"author":[{"embeddable":true,"href":"https:\/\/www.hahne-spedition.de\/pl\/wp-json\/wp\/v2\/users\/1"}],"replies":[{"embeddable":true,"href":"https:\/\/www.hahne-spedition.de\/pl\/wp-json\/wp\/v2\/comments?post=4158"}],"version-history":[{"count":1,"href":"https:\/\/www.hahne-spedition.de\/pl\/wp-json\/wp\/v2\/pages\/4158\/revisions"}],"predecessor-version":[{"id":4160,"href":"https:\/\/www.hahne-spedition.de\/pl\/wp-json\/wp\/v2\/pages\/4158\/revisions\/4160"}],"up":[{"embeddable":true,"href":"https:\/\/www.hahne-spedition.de\/pl\/wp-json\/wp\/v2\/pages\/4066"}],"wp:attachment":[{"href":"https:\/\/www.hahne-spedition.de\/pl\/wp-json\/wp\/v2\/media?parent=4158"}],"curies":[{"name":"wp","href":"https:\/\/api.w.org\/{rel}","templated":true}]}}