{"id":4257,"date":"2025-01-21T19:36:09","date_gmt":"2025-01-21T18:36:09","guid":{"rendered":"http:\/\/spedition-hahne.webdesignbs.de\/kodeks-postepowania\/"},"modified":"2025-05-14T13:35:26","modified_gmt":"2025-05-14T11:35:26","slug":"kodeks-postepowania","status":"publish","type":"page","link":"https:\/\/www.hahne-spedition.de\/pl\/kodeks-postepowania\/","title":{"rendered":"Kodeks post\u0119powania"},"content":{"rendered":"\t\t<div data-elementor-type=\"wp-page\" data-elementor-id=\"4257\" class=\"elementor elementor-4257 elementor-883\" data-elementor-post-type=\"page\">\n\t\t\t\t<div class=\"elementor-element elementor-element-2e1dac3 e-flex e-con-boxed e-con e-parent\" data-id=\"2e1dac3\" data-element_type=\"container\" data-e-type=\"container\">\n\t\t\t\t\t<div class=\"e-con-inner\">\n\t\t\t\t<div class=\"elementor-element elementor-element-19e5c01 elementor-widget elementor-widget-heading\" data-id=\"19e5c01\" data-element_type=\"widget\" data-e-type=\"widget\" data-widget_type=\"heading.default\">\n\t\t\t\t<div class=\"elementor-widget-container\">\n\t\t\t\t\t<h1 class=\"elementor-heading-title elementor-size-default\">Kodeks post\u0119powania<\/h1>\t\t\t\t<\/div>\n\t\t\t\t<\/div>\n\t\t\t\t<div class=\"elementor-element elementor-element-532aff7 elementor-widget-divider--view-line elementor-widget elementor-widget-divider\" data-id=\"532aff7\" data-element_type=\"widget\" data-e-type=\"widget\" data-widget_type=\"divider.default\">\n\t\t\t\t<div class=\"elementor-widget-container\">\n\t\t\t\t\t\t\t<div class=\"elementor-divider\">\n\t\t\t<span class=\"elementor-divider-separator\">\n\t\t\t\t\t\t<\/span>\n\t\t<\/div>\n\t\t\t\t\t\t<\/div>\n\t\t\t\t<\/div>\n\t\t\t\t<div class=\"elementor-element elementor-element-a452174 elementor-widget elementor-widget-text-editor\" data-id=\"a452174\" data-element_type=\"widget\" data-e-type=\"widget\" data-widget_type=\"text-editor.default\">\n\t\t\t\t<div class=\"elementor-widget-container\">\n\t\t\t\t\t\t\t\t\t<p>Zr\u00f3wnowa\u017cony rozw\u00f3j si\u0119 op\u0142aca<\/p><p><strong>Odpowiedzialny \u0142ad korporacyjny<\/strong><\/p><p>Spedition Hahne GmbH zawsze dzia\u0142a zgodnie z obowi\u0105zuj\u0105cymi ramami prawnymi, a tak\u017ce przestrzega zasad etycznych i wymog\u00f3w w\u0142asnych wewn\u0119trznych wytycznych. Firma dok\u0142ada r\u00f3wnie\u017c stara\u0144, aby jej us\u0142ugodawcy i dostawcy przestrzegali odpowiednich standard\u00f3w. Podej\u015bcia tego nie nale\u017cy jednak rozumie\u0107 wy\u0142\u0105cznie jako restrykcyjnego. Uznali\u015bmy, \u017ce odpowiedzialne zachowanie korporacyjne obejmuje r\u00f3wnie\u017c tworzenie warto\u015bci w sensie holistycznym i pomoc w kszta\u0142towaniu przysz\u0142o\u015bci wartej \u017cycia dla wszystkich. W tym sensie firma chce dawa\u0107 przyk\u0142ad i ustanowi\u0107 kultur\u0119 odpowiedzialno\u015bci w firmie i jej otoczeniu.    <\/p>\t\t\t\t\t\t\t\t<\/div>\n\t\t\t\t<\/div>\n\t\t\t\t\t<\/div>\n\t\t\t\t<\/div>\n\t\t\t\t<\/div>\n\t\t","protected":false},"excerpt":{"rendered":"<p>Zr\u00f3wnowa\u017cony rozw\u00f3j si\u0119 op\u0142aca Odpowiedzialny \u0142ad korporacyjny Spedition Hahne GmbH zawsze dzia\u0142a zgodnie z obowi\u0105zuj\u0105cymi ramami prawnymi, a tak\u017ce przestrzega zasad etycznych i wymog\u00f3w w\u0142asnych wewn\u0119trznych wytycznych. Firma dok\u0142ada r\u00f3wnie\u017c stara\u0144, aby jej us\u0142ugodawcy i dostawcy przestrzegali odpowiednich standard\u00f3w. Podej\u015bcia tego nie nale\u017cy jednak rozumie\u0107 wy\u0142\u0105cznie jako restrykcyjnego. Uznali\u015bmy, \u017ce odpowiedzialne zachowanie korporacyjne obejmuje r\u00f3wnie\u017c [&hellip;]<\/p>\n","protected":false},"author":1,"featured_media":0,"parent":0,"menu_order":0,"comment_status":"closed","ping_status":"closed","template":"","meta":{"footnotes":""},"class_list":["post-4257","page","type-page","status-publish","hentry"],"yoast_head":"<!-- This site is optimized with the Yoast SEO plugin v27.3 - https:\/\/yoast.com\/product\/yoast-seo-wordpress\/ -->\n<title>Kodeks post\u0119powania - Spedition Hahne<\/title>\n<meta name=\"robots\" content=\"index, follow, max-snippet:-1, max-image-preview:large, max-video-preview:-1\" \/>\n<link rel=\"canonical\" href=\"https:\/\/www.hahne-spedition.de\/pl\/kodeks-postepowania\/\" \/>\n<meta property=\"og:locale\" content=\"pl_PL\" \/>\n<meta property=\"og:type\" content=\"article\" \/>\n<meta property=\"og:title\" content=\"Kodeks post\u0119powania - Spedition Hahne\" \/>\n<meta property=\"og:description\" content=\"Zr\u00f3wnowa\u017cony rozw\u00f3j si\u0119 op\u0142aca Odpowiedzialny \u0142ad korporacyjny Spedition Hahne GmbH zawsze dzia\u0142a zgodnie z obowi\u0105zuj\u0105cymi ramami prawnymi, a tak\u017ce przestrzega zasad etycznych i wymog\u00f3w w\u0142asnych wewn\u0119trznych wytycznych. Firma dok\u0142ada r\u00f3wnie\u017c stara\u0144, aby jej us\u0142ugodawcy i dostawcy przestrzegali odpowiednich standard\u00f3w. Podej\u015bcia tego nie nale\u017cy jednak rozumie\u0107 wy\u0142\u0105cznie jako restrykcyjnego. Uznali\u015bmy, \u017ce odpowiedzialne zachowanie korporacyjne obejmuje r\u00f3wnie\u017c [&hellip;]\" \/>\n<meta property=\"og:url\" content=\"https:\/\/www.hahne-spedition.de\/pl\/kodeks-postepowania\/\" \/>\n<meta property=\"og:site_name\" content=\"Spedition Hahne\" \/>\n<meta property=\"article:modified_time\" content=\"2025-05-14T11:35:26+00:00\" \/>\n<meta name=\"twitter:card\" content=\"summary_large_image\" \/>\n<meta name=\"twitter:label1\" content=\"Szacowany czas czytania\" \/>\n\t<meta name=\"twitter:data1\" content=\"1 minuta\" \/>\n<script type=\"application\/ld+json\" class=\"yoast-schema-graph\">{\"@context\":\"https:\\\/\\\/schema.org\",\"@graph\":[{\"@type\":\"WebPage\",\"@id\":\"https:\\\/\\\/www.hahne-spedition.de\\\/pl\\\/kodeks-postepowania\\\/\",\"url\":\"https:\\\/\\\/www.hahne-spedition.de\\\/pl\\\/kodeks-postepowania\\\/\",\"name\":\"Kodeks post\u0119powania - Spedition Hahne\",\"isPartOf\":{\"@id\":\"https:\\\/\\\/www.hahne-spedition.de\\\/pl\\\/#website\"},\"datePublished\":\"2025-01-21T18:36:09+00:00\",\"dateModified\":\"2025-05-14T11:35:26+00:00\",\"breadcrumb\":{\"@id\":\"https:\\\/\\\/www.hahne-spedition.de\\\/pl\\\/kodeks-postepowania\\\/#breadcrumb\"},\"inLanguage\":\"pl-PL\",\"potentialAction\":[{\"@type\":\"ReadAction\",\"target\":[\"https:\\\/\\\/www.hahne-spedition.de\\\/pl\\\/kodeks-postepowania\\\/\"]}]},{\"@type\":\"BreadcrumbList\",\"@id\":\"https:\\\/\\\/www.hahne-spedition.de\\\/pl\\\/kodeks-postepowania\\\/#breadcrumb\",\"itemListElement\":[{\"@type\":\"ListItem\",\"position\":1,\"name\":\"Startseite\",\"item\":\"https:\\\/\\\/www.hahne-spedition.de\\\/pl\\\/\"},{\"@type\":\"ListItem\",\"position\":2,\"name\":\"Kodeks post\u0119powania\"}]},{\"@type\":\"WebSite\",\"@id\":\"https:\\\/\\\/www.hahne-spedition.de\\\/pl\\\/#website\",\"url\":\"https:\\\/\\\/www.hahne-spedition.de\\\/pl\\\/\",\"name\":\"Spedition Hahne\",\"description\":\"Immer in Bewegung\",\"publisher\":{\"@id\":\"https:\\\/\\\/www.hahne-spedition.de\\\/pl\\\/#organization\"},\"potentialAction\":[{\"@type\":\"SearchAction\",\"target\":{\"@type\":\"EntryPoint\",\"urlTemplate\":\"https:\\\/\\\/www.hahne-spedition.de\\\/pl\\\/?s={search_term_string}\"},\"query-input\":{\"@type\":\"PropertyValueSpecification\",\"valueRequired\":true,\"valueName\":\"search_term_string\"}}],\"inLanguage\":\"pl-PL\"},{\"@type\":\"Organization\",\"@id\":\"https:\\\/\\\/www.hahne-spedition.de\\\/pl\\\/#organization\",\"name\":\"Spedition Hahne\",\"url\":\"https:\\\/\\\/www.hahne-spedition.de\\\/pl\\\/\",\"logo\":{\"@type\":\"ImageObject\",\"inLanguage\":\"pl-PL\",\"@id\":\"https:\\\/\\\/www.hahne-spedition.de\\\/pl\\\/#\\\/schema\\\/logo\\\/image\\\/\",\"url\":\"https:\\\/\\\/www.hahne-spedition.de\\\/wp-content\\\/uploads\\\/2024\\\/11\\\/spedition-hahne-logo.png\",\"contentUrl\":\"https:\\\/\\\/www.hahne-spedition.de\\\/wp-content\\\/uploads\\\/2024\\\/11\\\/spedition-hahne-logo.png\",\"width\":637,\"height\":246,\"caption\":\"Spedition Hahne\"},\"image\":{\"@id\":\"https:\\\/\\\/www.hahne-spedition.de\\\/pl\\\/#\\\/schema\\\/logo\\\/image\\\/\"}}]}<\/script>\n<!-- \/ Yoast SEO plugin. -->","yoast_head_json":{"title":"Kodeks post\u0119powania - Spedition Hahne","robots":{"index":"index","follow":"follow","max-snippet":"max-snippet:-1","max-image-preview":"max-image-preview:large","max-video-preview":"max-video-preview:-1"},"canonical":"https:\/\/www.hahne-spedition.de\/pl\/kodeks-postepowania\/","og_locale":"pl_PL","og_type":"article","og_title":"Kodeks post\u0119powania - Spedition Hahne","og_description":"Zr\u00f3wnowa\u017cony rozw\u00f3j si\u0119 op\u0142aca Odpowiedzialny \u0142ad korporacyjny Spedition Hahne GmbH zawsze dzia\u0142a zgodnie z obowi\u0105zuj\u0105cymi ramami prawnymi, a tak\u017ce przestrzega zasad etycznych i wymog\u00f3w w\u0142asnych wewn\u0119trznych wytycznych. Firma dok\u0142ada r\u00f3wnie\u017c stara\u0144, aby jej us\u0142ugodawcy i dostawcy przestrzegali odpowiednich standard\u00f3w. Podej\u015bcia tego nie nale\u017cy jednak rozumie\u0107 wy\u0142\u0105cznie jako restrykcyjnego. Uznali\u015bmy, \u017ce odpowiedzialne zachowanie korporacyjne obejmuje r\u00f3wnie\u017c [&hellip;]","og_url":"https:\/\/www.hahne-spedition.de\/pl\/kodeks-postepowania\/","og_site_name":"Spedition Hahne","article_modified_time":"2025-05-14T11:35:26+00:00","twitter_card":"summary_large_image","twitter_misc":{"Szacowany czas czytania":"1 minuta"},"schema":{"@context":"https:\/\/schema.org","@graph":[{"@type":"WebPage","@id":"https:\/\/www.hahne-spedition.de\/pl\/kodeks-postepowania\/","url":"https:\/\/www.hahne-spedition.de\/pl\/kodeks-postepowania\/","name":"Kodeks post\u0119powania - Spedition Hahne","isPartOf":{"@id":"https:\/\/www.hahne-spedition.de\/pl\/#website"},"datePublished":"2025-01-21T18:36:09+00:00","dateModified":"2025-05-14T11:35:26+00:00","breadcrumb":{"@id":"https:\/\/www.hahne-spedition.de\/pl\/kodeks-postepowania\/#breadcrumb"},"inLanguage":"pl-PL","potentialAction":[{"@type":"ReadAction","target":["https:\/\/www.hahne-spedition.de\/pl\/kodeks-postepowania\/"]}]},{"@type":"BreadcrumbList","@id":"https:\/\/www.hahne-spedition.de\/pl\/kodeks-postepowania\/#breadcrumb","itemListElement":[{"@type":"ListItem","position":1,"name":"Startseite","item":"https:\/\/www.hahne-spedition.de\/pl\/"},{"@type":"ListItem","position":2,"name":"Kodeks post\u0119powania"}]},{"@type":"WebSite","@id":"https:\/\/www.hahne-spedition.de\/pl\/#website","url":"https:\/\/www.hahne-spedition.de\/pl\/","name":"Spedition Hahne","description":"Immer in Bewegung","publisher":{"@id":"https:\/\/www.hahne-spedition.de\/pl\/#organization"},"potentialAction":[{"@type":"SearchAction","target":{"@type":"EntryPoint","urlTemplate":"https:\/\/www.hahne-spedition.de\/pl\/?s={search_term_string}"},"query-input":{"@type":"PropertyValueSpecification","valueRequired":true,"valueName":"search_term_string"}}],"inLanguage":"pl-PL"},{"@type":"Organization","@id":"https:\/\/www.hahne-spedition.de\/pl\/#organization","name":"Spedition Hahne","url":"https:\/\/www.hahne-spedition.de\/pl\/","logo":{"@type":"ImageObject","inLanguage":"pl-PL","@id":"https:\/\/www.hahne-spedition.de\/pl\/#\/schema\/logo\/image\/","url":"https:\/\/www.hahne-spedition.de\/wp-content\/uploads\/2024\/11\/spedition-hahne-logo.png","contentUrl":"https:\/\/www.hahne-spedition.de\/wp-content\/uploads\/2024\/11\/spedition-hahne-logo.png","width":637,"height":246,"caption":"Spedition Hahne"},"image":{"@id":"https:\/\/www.hahne-spedition.de\/pl\/#\/schema\/logo\/image\/"}}]}},"_links":{"self":[{"href":"https:\/\/www.hahne-spedition.de\/pl\/wp-json\/wp\/v2\/pages\/4257","targetHints":{"allow":["GET"]}}],"collection":[{"href":"https:\/\/www.hahne-spedition.de\/pl\/wp-json\/wp\/v2\/pages"}],"about":[{"href":"https:\/\/www.hahne-spedition.de\/pl\/wp-json\/wp\/v2\/types\/page"}],"author":[{"embeddable":true,"href":"https:\/\/www.hahne-spedition.de\/pl\/wp-json\/wp\/v2\/users\/1"}],"replies":[{"embeddable":true,"href":"https:\/\/www.hahne-spedition.de\/pl\/wp-json\/wp\/v2\/comments?post=4257"}],"version-history":[{"count":1,"href":"https:\/\/www.hahne-spedition.de\/pl\/wp-json\/wp\/v2\/pages\/4257\/revisions"}],"predecessor-version":[{"id":4262,"href":"https:\/\/www.hahne-spedition.de\/pl\/wp-json\/wp\/v2\/pages\/4257\/revisions\/4262"}],"wp:attachment":[{"href":"https:\/\/www.hahne-spedition.de\/pl\/wp-json\/wp\/v2\/media?parent=4257"}],"curies":[{"name":"wp","href":"https:\/\/api.w.org\/{rel}","templated":true}]}}